{"id":1027,"date":"2020-07-04T16:20:27","date_gmt":"2020-07-04T19:20:27","guid":{"rendered":"https:\/\/wp.ufpel.edu.br\/engenhariadepetroleo\/?page_id=1027"},"modified":"2023-06-28T09:54:32","modified_gmt":"2023-06-28T12:54:32","slug":"formularios","status":"publish","type":"page","link":"https:\/\/wp.ufpel.edu.br\/engenhariadepetroleo\/repositorio\/formularios\/","title":{"rendered":"Formul\u00e1rios"},"content":{"rendered":"<p><a href=\"https:\/\/wp.ufpel.edu.br\/engenhariadepetroleo\/files\/2020\/09\/REQUERIMENTO-PARA-APROVEITAMENTO-DE-DISCIPLINAS.pdf\">FORMUL\u00c1RIO PARA\u00a0 APROVEITAMENTO DE DISCIPLINAS<\/a><\/p>\n<p><a href=\"https:\/\/wp.ufpel.edu.br\/engenhariadepetroleo\/files\/2020\/09\/Correcao-de-Matricula.docx\">FORMUL\u00c1RIO PARA CORRE\u00c7\u00c3O DE MATR\u00cdCULA<\/a><\/p>\n<p><a href=\"https:\/\/wp.ufpel.edu.br\/engenhariadepetroleo\/files\/2020\/09\/Regime-Concentrado.pdf\">FORMUL\u00c1RIO PARA REGIME CONCENTRADO<\/a><\/p>\n<p><a href=\"https:\/\/wp.ufpel.edu.br\/engenhariadepetroleo\/files\/2021\/08\/FORMULARIO-PARA-JUSTIFICATIVA-DE-NAO-REALIZACAO-DE-MATRICULA.pdf\">FORMUL\u00c1RIO PARA JUSTIFICATIVA DE N\u00c3O REALIZA\u00c7\u00c3O DE MATR\u00cdCULA<\/a><\/p>\n<p><a href=\"https:\/\/wp.ufpel.edu.br\/engenhariadepetroleo\/files\/2020\/09\/VALIDACAO-DE-CARGA-HORARIA-DE-ATIVIDADES-COMPLEMENTARES.pdf\">FORMUL\u00c1RIO PARA VALIDA\u00c7\u00c3O DE CARGA HOR\u00c1RIA DE ATIVIDADES COMPLEMENTARES <\/a><\/p>\n<p><a href=\"https:\/\/wp.ufpel.edu.br\/engenhariadepetroleo\/files\/2020\/09\/VALIDACAO-DE-CARGA-HORARIA-DE-FORMACAO-LIVRE.docx\">FORMUL\u00c1RIO PARA VALIDA\u00c7\u00c3O DE CARGA HOR\u00c1RIA DE FORMA\u00c7\u00c3O LIVRE <\/a><\/p>\n<p><a href=\"https:\/\/wp.ufpel.edu.br\/engenhariadepetroleo\/files\/2020\/09\/Procuracao.docx\">PROCURA\u00c7\u00c3O<\/a><\/p>\n<p>&nbsp;<\/p>\n<h6 style=\"text-align: right;\">ATUALIZADO EM 28 DE JUNHO DE 2023.<\/h6>\n","protected":false},"excerpt":{"rendered":"<p>FORMUL\u00c1RIO PARA\u00a0 APROVEITAMENTO DE DISCIPLINAS FORMUL\u00c1RIO PARA CORRE\u00c7\u00c3O DE MATR\u00cdCULA FORMUL\u00c1RIO PARA REGIME CONCENTRADO FORMUL\u00c1RIO PARA JUSTIFICATIVA DE N\u00c3O REALIZA\u00c7\u00c3O DE MATR\u00cdCULA FORMUL\u00c1RIO PARA VALIDA\u00c7\u00c3O DE CARGA HOR\u00c1RIA DE ATIVIDADES COMPLEMENTARES FORMUL\u00c1RIO PARA VALIDA\u00c7\u00c3O DE CARGA HOR\u00c1RIA DE FORMA\u00c7\u00c3O LIVRE PROCURA\u00c7\u00c3O &nbsp; ATUALIZADO EM 28 DE JUNHO DE 2023.<\/p>\n","protected":false},"author":197,"featured_media":0,"parent":1021,"menu_order":3,"comment_status":"closed","ping_status":"closed","template":"","meta":{"jetpack_post_was_ever_published":false,"footnotes":""},"class_list":["post-1027","page","type-page","status-publish","hentry"],"jetpack_sharing_enabled":true,"jetpack_shortlink":"https:\/\/wp.me\/P6Pmcg-gz","jetpack_likes_enabled":true,"jetpack-related-posts":[],"_links":{"self":[{"href":"https:\/\/wp.ufpel.edu.br\/engenhariadepetroleo\/wp-json\/wp\/v2\/pages\/1027","targetHints":{"allow":["GET"]}}],"collection":[{"href":"https:\/\/wp.ufpel.edu.br\/engenhariadepetroleo\/wp-json\/wp\/v2\/pages"}],"about":[{"href":"https:\/\/wp.ufpel.edu.br\/engenhariadepetroleo\/wp-json\/wp\/v2\/types\/page"}],"author":[{"embeddable":true,"href":"https:\/\/wp.ufpel.edu.br\/engenhariadepetroleo\/wp-json\/wp\/v2\/users\/197"}],"replies":[{"embeddable":true,"href":"https:\/\/wp.ufpel.edu.br\/engenhariadepetroleo\/wp-json\/wp\/v2\/comments?post=1027"}],"version-history":[{"count":8,"href":"https:\/\/wp.ufpel.edu.br\/engenhariadepetroleo\/wp-json\/wp\/v2\/pages\/1027\/revisions"}],"predecessor-version":[{"id":2707,"href":"https:\/\/wp.ufpel.edu.br\/engenhariadepetroleo\/wp-json\/wp\/v2\/pages\/1027\/revisions\/2707"}],"up":[{"embeddable":true,"href":"https:\/\/wp.ufpel.edu.br\/engenhariadepetroleo\/wp-json\/wp\/v2\/pages\/1021"}],"wp:attachment":[{"href":"https:\/\/wp.ufpel.edu.br\/engenhariadepetroleo\/wp-json\/wp\/v2\/media?parent=1027"}],"curies":[{"name":"wp","href":"https:\/\/api.w.org\/{rel}","templated":true}]}}