{"id":1001,"date":"2020-07-04T16:10:18","date_gmt":"2020-07-04T19:10:18","guid":{"rendered":"https:\/\/wp.ufpel.edu.br\/engenhariadepetroleo\/?page_id=1001"},"modified":"2020-11-20T10:25:11","modified_gmt":"2020-11-20T13:25:11","slug":"cronograma-de-reunioes","status":"publish","type":"page","link":"https:\/\/wp.ufpel.edu.br\/engenhariadepetroleo\/curso\/nde\/cronograma-de-reunioes\/","title":{"rendered":"Cronograma de Reuni\u00f5es"},"content":{"rendered":"<table>\n<tbody>\n<tr>\n<td style=\"text-align: center\" colspan=\"2\" width=\"486\"><strong>Calend\u00e1rio de Reuni\u00f5es<\/strong><\/td>\n<\/tr>\n<tr>\n<td style=\"text-align: center\" width=\"191\">Reuni\u00f5es Ordin\u00e1rias<\/td>\n<td style=\"text-align: center\" width=\"293\">Quinta-feira, 03 de Dezembro de 2020<\/td>\n<\/tr>\n<tr>\n<td style=\"text-align: center\" width=\"191\">Hor\u00e1rio<\/td>\n<td style=\"text-align: center\" width=\"293\">9:00h \u00e0s 11:30h<\/td>\n<\/tr>\n<\/tbody>\n<\/table>\n<h6 style=\"text-align: right\">\nAtualizado em 20 de Novembro de 2020.<\/h6>\n","protected":false},"excerpt":{"rendered":"<p>Calend\u00e1rio de Reuni\u00f5es Reuni\u00f5es Ordin\u00e1rias Quinta-feira, 03 de Dezembro de 2020 Hor\u00e1rio 9:00h \u00e0s 11:30h Atualizado em 20 de Novembro de 2020.<\/p>\n","protected":false},"author":197,"featured_media":0,"parent":997,"menu_order":1,"comment_status":"closed","ping_status":"closed","template":"","meta":{"jetpack_post_was_ever_published":false,"footnotes":""},"class_list":["post-1001","page","type-page","status-publish","hentry"],"jetpack_sharing_enabled":true,"jetpack_shortlink":"https:\/\/wp.me\/P6Pmcg-g9","jetpack_likes_enabled":true,"jetpack-related-posts":[],"_links":{"self":[{"href":"https:\/\/wp.ufpel.edu.br\/engenhariadepetroleo\/wp-json\/wp\/v2\/pages\/1001","targetHints":{"allow":["GET"]}}],"collection":[{"href":"https:\/\/wp.ufpel.edu.br\/engenhariadepetroleo\/wp-json\/wp\/v2\/pages"}],"about":[{"href":"https:\/\/wp.ufpel.edu.br\/engenhariadepetroleo\/wp-json\/wp\/v2\/types\/page"}],"author":[{"embeddable":true,"href":"https:\/\/wp.ufpel.edu.br\/engenhariadepetroleo\/wp-json\/wp\/v2\/users\/197"}],"replies":[{"embeddable":true,"href":"https:\/\/wp.ufpel.edu.br\/engenhariadepetroleo\/wp-json\/wp\/v2\/comments?post=1001"}],"version-history":[{"count":8,"href":"https:\/\/wp.ufpel.edu.br\/engenhariadepetroleo\/wp-json\/wp\/v2\/pages\/1001\/revisions"}],"predecessor-version":[{"id":1660,"href":"https:\/\/wp.ufpel.edu.br\/engenhariadepetroleo\/wp-json\/wp\/v2\/pages\/1001\/revisions\/1660"}],"up":[{"embeddable":true,"href":"https:\/\/wp.ufpel.edu.br\/engenhariadepetroleo\/wp-json\/wp\/v2\/pages\/997"}],"wp:attachment":[{"href":"https:\/\/wp.ufpel.edu.br\/engenhariadepetroleo\/wp-json\/wp\/v2\/media?parent=1001"}],"curies":[{"name":"wp","href":"https:\/\/api.w.org\/{rel}","templated":true}]}}