{"id":97,"date":"2014-03-31T17:58:47","date_gmt":"2014-03-31T20:58:47","guid":{"rendered":"https:\/\/wp.ufpel.edu.br\/engciv\/?page_id=97"},"modified":"2023-10-24T11:56:57","modified_gmt":"2023-10-24T14:56:57","slug":"vivencia","status":"publish","type":"page","link":"https:\/\/wp.ufpel.edu.br\/engciv\/estagios\/vivencia\/","title":{"rendered":"Est\u00e1gio de Viv\u00eancia"},"content":{"rendered":"<p><strong><b>Solicita\u00e7\u00e3o de Est\u00e1gio de Viv\u00eancia:<\/b><\/strong><\/p>\n<p>Os alunos que desejem realizar o est\u00e1gio de viv\u00eancia dever\u00e3o preencher os documentos indicados em seguida (cujos modelos est\u00e3o acess\u00edveis nesta p\u00e1gina) e envi\u00e1-los em formato pdf para o e-mail da comiss\u00e3o do est\u00e1gio curricular de viv\u00eancia <a href=\"mailto:estagiodevivencia19@gmail.com\">estagiodevivencia19@gmail.com<\/a>.<\/p>\n<p>&#8211; Proposta de est\u00e1gio.<\/p>\n<p>&#8211; Termo de Compromisso.<\/p>\n<p><strong><b>Documentos:<\/b><\/strong><\/p>\n<ul>\n<li><a href=\"https:\/\/wp.ufpel.edu.br\/engciv\/files\/2014\/03\/Est%C3%A1gio-Viv%C3%AAncia-orienta%C3%A7%C3%B5es.doc\">Orienta\u00e7\u00f5es<\/a>;<\/li>\n<li><a href=\"https:\/\/wp.ufpel.edu.br\/engciv\/files\/2014\/03\/Proposta-de-Estagio.doc\">Proposta de Est\u00e1gio<\/a>;<\/li>\n<li><a href=\"https:\/\/wp.ufpel.edu.br\/engciv\/files\/2014\/03\/Termo-de-Compromisso.doc\">Termo de Compromisso<\/a>;<\/li>\n<li><a href=\"https:\/\/wp.ufpel.edu.br\/engciv\/files\/2014\/03\/Termo-de-Realizacao.doc\">Termo de Realiza\u00e7\u00e3o<\/a>;<\/li>\n<\/ul>\n<p><strong><b>Comiss\u00e3o: estagiodevivencia19@gmail.com<\/b><\/strong><\/p>\n<p>\u2013 Prof. Jorge Rodrigues<\/p>\n<p>\u2013 Prof. Eduardo Costa Couto<\/p>\n<p>\u2013 Profa. Aline Tabarelli<\/p>\n<p>&#8211; Acad\u00eamica Camila Blaz<\/p>\n<p><strong><b>Atendimento presencial:<\/b><\/strong><\/p>\n<p>Sextas-feiras (10:00 \u00e0s 12:00), sala 300 da Cotada, Prof. Jorge Rodrigues.<\/p>\n","protected":false},"excerpt":{"rendered":"<p>Solicita\u00e7\u00e3o de Est\u00e1gio de Viv\u00eancia: Os alunos que desejem realizar o est\u00e1gio de viv\u00eancia dever\u00e3o preencher os documentos indicados em seguida (cujos modelos est\u00e3o acess\u00edveis nesta p\u00e1gina) e envi\u00e1-los em formato pdf para o e-mail da comiss\u00e3o do est\u00e1gio curricular de viv\u00eancia estagiodevivencia19@gmail.com. &#8211; Proposta de est\u00e1gio. &#8211; Termo de Compromisso. Documentos: Orienta\u00e7\u00f5es; Proposta de [&hellip;]<\/p>\n","protected":false},"author":373,"featured_media":0,"parent":128,"menu_order":0,"comment_status":"closed","ping_status":"closed","template":"","meta":{"jetpack_post_was_ever_published":false,"footnotes":""},"class_list":["post-97","page","type-page","status-publish","hentry"],"jetpack_sharing_enabled":true,"_links":{"self":[{"href":"https:\/\/wp.ufpel.edu.br\/engciv\/wp-json\/wp\/v2\/pages\/97","targetHints":{"allow":["GET"]}}],"collection":[{"href":"https:\/\/wp.ufpel.edu.br\/engciv\/wp-json\/wp\/v2\/pages"}],"about":[{"href":"https:\/\/wp.ufpel.edu.br\/engciv\/wp-json\/wp\/v2\/types\/page"}],"author":[{"embeddable":true,"href":"https:\/\/wp.ufpel.edu.br\/engciv\/wp-json\/wp\/v2\/users\/373"}],"replies":[{"embeddable":true,"href":"https:\/\/wp.ufpel.edu.br\/engciv\/wp-json\/wp\/v2\/comments?post=97"}],"version-history":[{"count":29,"href":"https:\/\/wp.ufpel.edu.br\/engciv\/wp-json\/wp\/v2\/pages\/97\/revisions"}],"predecessor-version":[{"id":4379,"href":"https:\/\/wp.ufpel.edu.br\/engciv\/wp-json\/wp\/v2\/pages\/97\/revisions\/4379"}],"up":[{"embeddable":true,"href":"https:\/\/wp.ufpel.edu.br\/engciv\/wp-json\/wp\/v2\/pages\/128"}],"wp:attachment":[{"href":"https:\/\/wp.ufpel.edu.br\/engciv\/wp-json\/wp\/v2\/media?parent=97"}],"curies":[{"name":"wp","href":"https:\/\/api.w.org\/{rel}","templated":true}]}}