{"id":801,"date":"2014-09-20T11:46:57","date_gmt":"2014-09-20T14:46:57","guid":{"rendered":"https:\/\/wp.ufpel.edu.br\/engciv\/?page_id=801"},"modified":"2019-09-24T13:49:51","modified_gmt":"2019-09-24T16:49:51","slug":"enade","status":"publish","type":"page","link":"https:\/\/wp.ufpel.edu.br\/engciv\/eventos\/enade\/","title":{"rendered":"ENADE"},"content":{"rendered":"<p><strong>Lista de alunos selecionados:<\/strong><\/p>\n<p>&nbsp;<\/p>\n<p><strong>Agenda:\u00a0<\/strong><\/p>\n<p>&nbsp;<\/p>\n<p><strong>Provas Anteriores:<\/strong><\/p>\n<p><a href=\"https:\/\/wp.ufpel.edu.br\/engciv\/files\/2014\/09\/ENGENHARIA_G1_Padrao-de-Resposta-1.pdf\">PROVA ENGENHARIA 2005<\/a><\/p>\n<p><a href=\"https:\/\/wp.ufpel.edu.br\/engciv\/files\/2014\/09\/ENGENHARIA_G1_Gabarito-2005.pdf\">Gabarito 2005<\/a><\/p>\n<p><a href=\"https:\/\/wp.ufpel.edu.br\/engciv\/files\/2014\/09\/ENGENHARIA_G1_Padrao-de-Resposta-1.pdf\">Padr\u00e3o-de-Resposta 2005<\/a><\/p>\n<p>&nbsp;<\/p>\n<p><a href=\"https:\/\/wp.ufpel.edu.br\/engciv\/files\/2014\/09\/ENGENHARIA_G1-2008.pdf\">PROVA ENGENHARIA_2008<\/a><\/p>\n<p><a href=\"https:\/\/wp.ufpel.edu.br\/engciv\/files\/2014\/09\/Gabarito-ENGENHARIA-2008.pdf\">Gabarito 2008<\/a><\/p>\n<p><a href=\"https:\/\/wp.ufpel.edu.br\/engciv\/files\/2014\/09\/Padr\u00e3o-de-Resposta-ENGENHARIA-2008.pdf\">Padr\u00e3o-de-Resposta 2008<\/a><\/p>\n<p>&nbsp;<\/p>\n<p><a href=\"https:\/\/wp.ufpel.edu.br\/engciv\/files\/2014\/09\/prova-EngenhariaG1_2011.pdf\">PROVAS ENGENHARIA 2011<\/a><\/p>\n<p><a href=\"https:\/\/wp.ufpel.edu.br\/engciv\/files\/2014\/09\/gab-EngenhariaG1_2011.pdf\">Gabarito_2011<\/a><\/p>\n<p><a href=\"https:\/\/wp.ufpel.edu.br\/engciv\/files\/2014\/09\/pr-EngenhariaG1_2011.pdf\">Padr\u00e3o-de-Resposta 2011<\/a><\/p>\n<p>&nbsp;<\/p>\n<p>&nbsp;<\/p>\n","protected":false},"excerpt":{"rendered":"<p>Lista de alunos selecionados: &nbsp; Agenda:\u00a0 &nbsp; Provas Anteriores: PROVA ENGENHARIA 2005 Gabarito 2005 Padr\u00e3o-de-Resposta 2005 &nbsp; PROVA ENGENHARIA_2008 Gabarito 2008 Padr\u00e3o-de-Resposta 2008 &nbsp; PROVAS ENGENHARIA 2011 Gabarito_2011 Padr\u00e3o-de-Resposta 2011 &nbsp; &nbsp;<\/p>\n","protected":false},"author":238,"featured_media":0,"parent":596,"menu_order":1,"comment_status":"closed","ping_status":"closed","template":"","meta":{"jetpack_post_was_ever_published":false,"footnotes":""},"class_list":["post-801","page","type-page","status-publish","hentry"],"jetpack_sharing_enabled":true,"_links":{"self":[{"href":"https:\/\/wp.ufpel.edu.br\/engciv\/wp-json\/wp\/v2\/pages\/801","targetHints":{"allow":["GET"]}}],"collection":[{"href":"https:\/\/wp.ufpel.edu.br\/engciv\/wp-json\/wp\/v2\/pages"}],"about":[{"href":"https:\/\/wp.ufpel.edu.br\/engciv\/wp-json\/wp\/v2\/types\/page"}],"author":[{"embeddable":true,"href":"https:\/\/wp.ufpel.edu.br\/engciv\/wp-json\/wp\/v2\/users\/238"}],"replies":[{"embeddable":true,"href":"https:\/\/wp.ufpel.edu.br\/engciv\/wp-json\/wp\/v2\/comments?post=801"}],"version-history":[{"count":6,"href":"https:\/\/wp.ufpel.edu.br\/engciv\/wp-json\/wp\/v2\/pages\/801\/revisions"}],"predecessor-version":[{"id":3490,"href":"https:\/\/wp.ufpel.edu.br\/engciv\/wp-json\/wp\/v2\/pages\/801\/revisions\/3490"}],"up":[{"embeddable":true,"href":"https:\/\/wp.ufpel.edu.br\/engciv\/wp-json\/wp\/v2\/pages\/596"}],"wp:attachment":[{"href":"https:\/\/wp.ufpel.edu.br\/engciv\/wp-json\/wp\/v2\/media?parent=801"}],"curies":[{"name":"wp","href":"https:\/\/api.w.org\/{rel}","templated":true}]}}