{"id":760,"date":"2014-09-12T18:09:43","date_gmt":"2014-09-12T21:09:43","guid":{"rendered":"https:\/\/wp.ufpel.edu.br\/engciv\/?page_id=760"},"modified":"2019-10-07T11:49:22","modified_gmt":"2019-10-07T14:49:22","slug":"extra","status":"publish","type":"page","link":"https:\/\/wp.ufpel.edu.br\/engciv\/estagios\/extra\/","title":{"rendered":"Est\u00e1gio Extracurricular"},"content":{"rendered":"<p><strong>Orienta\u00e7\u00f5es Iniciais:<\/strong><\/p>\n<ul>\n<li><a href=\"https:\/\/wp.ufpel.edu.br\/engciv\/files\/2018\/08\/ORIENTA\u00c7\u00d5ES-PARA-ALUNOS-2.docx\">Orienta\u00e7\u00f5es<\/a><\/li>\n<\/ul>\n<p><strong>Est\u00e1gio Extracurricular:<\/strong><\/p>\n<ul>\n<li><a href=\"https:\/\/wp.ufpel.edu.br\/engciv\/files\/2014\/09\/Proposta-de-estagio-extracurricular.docx\">Proposta de est\u00e1gio<\/a>; (cont\u00e9m as informa\u00e7\u00f5es iniciais para an\u00e1lise)<\/li>\n<li><a href=\"https:\/\/wp.ufpel.edu.br\/engciv\/files\/2014\/03\/Termo-de-compromisso-extracurricular1.docx\">Termo de Compromisso<\/a>; (compromisso firmado entre as partes)<\/li>\n<li><a href=\"https:\/\/wp.ufpel.edu.br\/engciv\/files\/2014\/03\/Termo-de-retifica\u00e7\u00e3o-estagio-extra-curricular.docx\">Termo de Retifica\u00e7\u00e3o<\/a>; (entregar a cada semestre mudando os hor\u00e1rios de acordo com as aulas)<\/li>\n<li><a href=\"https:\/\/wp.ufpel.edu.br\/engciv\/files\/2014\/03\/Termo-de-Realizacao-extra.docx\">Termo de Realizacao<\/a>; (entregar ao final do est\u00e1gio, avalia\u00e7\u00e3o do supervisor)<\/li>\n<li><a href=\"https:\/\/wp.ufpel.edu.br\/engciv\/files\/2014\/03\/Termo-aditivo.docx\">Termo Aditivo<\/a>.\u00a0(caso o termo de compromisso seja prorrogado)<\/li>\n<\/ul>\n<p><strong>Avalia\u00e7\u00e3o do Est\u00e1gio Extracurricular:<\/strong><\/p>\n<ul>\n<li><a href=\"https:\/\/wp.ufpel.edu.br\/engciv\/files\/2014\/03\/ORIENTA\u00c7\u00d5ES-AVALIA\u00c7\u00c3O-EXTRACURRICULAR.docx\">Orienta\u00e7\u00f5es sobre avalia\u00e7\u00e3o<\/a>;<\/li>\n<li><a href=\"https:\/\/wp.ufpel.edu.br\/engciv\/files\/2014\/03\/Avalia\u00e7\u00e3o-parcial-Extracurricular.docx\">Avalia\u00e7\u00e3o Parcial Extracurricular<\/a>.<\/li>\n<\/ul>\n<p><strong>Comiss\u00e3o (comissaoestagioengcivil@gmail.com<\/strong>)<\/p>\n<p>-Prof Hebert Rosseto<\/p>\n<p>-Prof\u00aa Ingrid Belchior<\/p>\n<p>-Acad\u00eamia Camila Blaz<span style=\"font-family: verdana, geneva\">\u00a0<\/span><\/p>\n","protected":false},"excerpt":{"rendered":"<p>Orienta\u00e7\u00f5es Iniciais: Orienta\u00e7\u00f5es Est\u00e1gio Extracurricular: Proposta de est\u00e1gio; (cont\u00e9m as informa\u00e7\u00f5es iniciais para an\u00e1lise) Termo de Compromisso; (compromisso firmado entre as partes) Termo de Retifica\u00e7\u00e3o; (entregar a cada semestre mudando os hor\u00e1rios de acordo com as aulas) Termo de Realizacao; (entregar ao final do est\u00e1gio, avalia\u00e7\u00e3o do supervisor) Termo Aditivo.\u00a0(caso o termo de compromisso seja [&hellip;]<\/p>\n","protected":false},"author":434,"featured_media":0,"parent":128,"menu_order":2,"comment_status":"closed","ping_status":"closed","template":"","meta":{"jetpack_post_was_ever_published":false,"footnotes":""},"class_list":["post-760","page","type-page","status-publish","hentry"],"jetpack_sharing_enabled":true,"_links":{"self":[{"href":"https:\/\/wp.ufpel.edu.br\/engciv\/wp-json\/wp\/v2\/pages\/760","targetHints":{"allow":["GET"]}}],"collection":[{"href":"https:\/\/wp.ufpel.edu.br\/engciv\/wp-json\/wp\/v2\/pages"}],"about":[{"href":"https:\/\/wp.ufpel.edu.br\/engciv\/wp-json\/wp\/v2\/types\/page"}],"author":[{"embeddable":true,"href":"https:\/\/wp.ufpel.edu.br\/engciv\/wp-json\/wp\/v2\/users\/434"}],"replies":[{"embeddable":true,"href":"https:\/\/wp.ufpel.edu.br\/engciv\/wp-json\/wp\/v2\/comments?post=760"}],"version-history":[{"count":18,"href":"https:\/\/wp.ufpel.edu.br\/engciv\/wp-json\/wp\/v2\/pages\/760\/revisions"}],"predecessor-version":[{"id":3499,"href":"https:\/\/wp.ufpel.edu.br\/engciv\/wp-json\/wp\/v2\/pages\/760\/revisions\/3499"}],"up":[{"embeddable":true,"href":"https:\/\/wp.ufpel.edu.br\/engciv\/wp-json\/wp\/v2\/pages\/128"}],"wp:attachment":[{"href":"https:\/\/wp.ufpel.edu.br\/engciv\/wp-json\/wp\/v2\/media?parent=760"}],"curies":[{"name":"wp","href":"https:\/\/api.w.org\/{rel}","templated":true}]}}