{"id":71,"date":"2014-03-31T17:24:06","date_gmt":"2014-03-31T20:24:06","guid":{"rendered":"https:\/\/wp.ufpel.edu.br\/engciv\/?page_id=71"},"modified":"2020-07-24T14:13:03","modified_gmt":"2020-07-24T17:13:03","slug":"projeto-pedagogico","status":"publish","type":"page","link":"https:\/\/wp.ufpel.edu.br\/engciv\/curso\/projeto-pedagogico\/","title":{"rendered":"Projeto Pedag\u00f3gico"},"content":{"rendered":"<p><a href=\"https:\/\/wp.ufpel.edu.br\/engciv\/files\/2020\/07\/PPC.pdf\">PPC<\/a><\/p>\n<p><a href=\"https:\/\/wp.ufpel.edu.br\/engciv\/files\/2020\/07\/ANEXOS.pdf\">ANEXOS<\/a>\u00a0 (caracteriza\u00e7\u00f5es das disciplinas neste arquivo)<\/p>\n<p>&nbsp;<\/p>\n<p>Equival\u00eancias entre disciplinas:<\/p>\n<p><a href=\"https:\/\/wp.ufpel.edu.br\/engciv\/curso\/projeto-pedagogico\/equivalencias-2\/\" rel=\"attachment wp-att-2578\">Equival\u00eancias Engenharia Civil\u00a0<\/a><\/p>\n<p>&nbsp;<\/p>\n<p>&nbsp;<\/p>\n<p>&nbsp;<\/p>\n<p>&nbsp;<\/p>\n<p>&nbsp;<\/p>\n","protected":false},"excerpt":{"rendered":"<p>PPC ANEXOS\u00a0 (caracteriza\u00e7\u00f5es das disciplinas neste arquivo) &nbsp; Equival\u00eancias entre disciplinas: Equival\u00eancias Engenharia Civil\u00a0 &nbsp; &nbsp; &nbsp; &nbsp; &nbsp;<\/p>\n","protected":false},"author":373,"featured_media":0,"parent":50,"menu_order":-1,"comment_status":"closed","ping_status":"closed","template":"","meta":{"jetpack_post_was_ever_published":false,"footnotes":""},"class_list":["post-71","page","type-page","status-publish","hentry"],"jetpack_sharing_enabled":true,"_links":{"self":[{"href":"https:\/\/wp.ufpel.edu.br\/engciv\/wp-json\/wp\/v2\/pages\/71","targetHints":{"allow":["GET"]}}],"collection":[{"href":"https:\/\/wp.ufpel.edu.br\/engciv\/wp-json\/wp\/v2\/pages"}],"about":[{"href":"https:\/\/wp.ufpel.edu.br\/engciv\/wp-json\/wp\/v2\/types\/page"}],"author":[{"embeddable":true,"href":"https:\/\/wp.ufpel.edu.br\/engciv\/wp-json\/wp\/v2\/users\/373"}],"replies":[{"embeddable":true,"href":"https:\/\/wp.ufpel.edu.br\/engciv\/wp-json\/wp\/v2\/comments?post=71"}],"version-history":[{"count":15,"href":"https:\/\/wp.ufpel.edu.br\/engciv\/wp-json\/wp\/v2\/pages\/71\/revisions"}],"predecessor-version":[{"id":3666,"href":"https:\/\/wp.ufpel.edu.br\/engciv\/wp-json\/wp\/v2\/pages\/71\/revisions\/3666"}],"up":[{"embeddable":true,"href":"https:\/\/wp.ufpel.edu.br\/engciv\/wp-json\/wp\/v2\/pages\/50"}],"wp:attachment":[{"href":"https:\/\/wp.ufpel.edu.br\/engciv\/wp-json\/wp\/v2\/media?parent=71"}],"curies":[{"name":"wp","href":"https:\/\/api.w.org\/{rel}","templated":true}]}}