{"id":702,"date":"2014-09-06T03:29:56","date_gmt":"2014-09-06T06:29:56","guid":{"rendered":"https:\/\/wp.ufpel.edu.br\/engciv\/?page_id=702"},"modified":"2019-06-06T12:01:28","modified_gmt":"2019-06-06T15:01:28","slug":"atestado","status":"publish","type":"page","link":"https:\/\/wp.ufpel.edu.br\/engciv\/alunos\/atestado\/","title":{"rendered":"Atestado M\u00e9dico"},"content":{"rendered":"<div style=\"color: #222222\">\n<div style=\"text-align: center\"><strong>Esclarecimentos sobre atestados m\u00e9dicos.<\/strong><\/div>\n<div><\/div>\n<div><em><span style=\"color: #000000\">Atestados m\u00e9dicos inferiores a tr\u00eas dias\u00a0<span style=\"text-decoration: underline\">n\u00e3o<\/span>\u00a0dever\u00e3o ser encaminhados a Pericia M\u00e9dica, estes dever\u00e3o ser resolvidos no \u00e2mbito do <span style=\"text-decoration: underline\">Colegiado do Curso<\/span> conforme Regulamento do Ensino da Gradua\u00e7\u00e3o (Resolu\u00e7\u00e3o n\u00ba 29\/2018)<\/span>:<\/em><\/div>\n<div><\/div>\n<div><b>Art. 151. O discente que, por impedimento legal, devidamente comprovado, faltar a uma avalia\u00e7\u00e3o, poder\u00e1 realiz\u00e1-la em outro momento, desde que requeira por escrito ao Colegiado de Curso, at\u00e9 3 (tr\u00eas) dias \u00fateis ap\u00f3s a realiza\u00e7\u00e3o da avalia\u00e7\u00e3o anterior:<\/b><\/div>\n<\/div>\n<div>\n<div style=\"text-align: justify\">\n<p>I \u2013 Caber\u00e1 ao colegiado de curso deliberar sobre a solicita\u00e7\u00e3o do aluno, encaminhando-a ao Departamento ou C\u00e2mara de Ensino respons\u00e1vel pelo componente curricular em at\u00e9 3 dias \u00fateis, para defini\u00e7\u00e3o de nova data para a avalia\u00e7\u00e3o.<\/p>\n<p>II \u2013 Considera-se motivo para solicita\u00e7\u00e3o de nova data para realiza\u00e7\u00e3o de avalia\u00e7\u00e3o:<br \/>\na) acidentes \u2013 mediante apresenta\u00e7\u00e3o de boletim de ocorr\u00eancia policial;<br \/>\nb) assalto \u2013 mediante apresenta\u00e7\u00e3o de boletim de ocorr\u00eancia policial;<br \/>\nc) casamento \u2013 mediante apresenta\u00e7\u00e3o de certid\u00e3o de casamento do discente, ocorrido em at\u00e9 8 (oito) dias de anteced\u00eancia da data da avalia\u00e7\u00e3o;<br \/>\nd) luto \u2013 mediante apresenta\u00e7\u00e3o de certid\u00e3o de \u00f3bito ocorrido em at\u00e9 8 (oito) dias de anteced\u00eancia da data da avalia\u00e7\u00e3o;<br \/>\ne) sa\u00fade \u2013 mediante apresenta\u00e7\u00e3o de atestado m\u00e9dico, com carimbo (contendo o CRM) e assinatura do m\u00e9dico;<br \/>\nf) trabalho \u2013 apresenta\u00e7\u00e3o de declara\u00e7\u00e3o de exerc\u00edcio de atividade profissional excepcional com identifica\u00e7\u00e3o do empregador;<br \/>\ng) cat\u00e1strofes naturais que impe\u00e7am o deslocamento para os locais da avalia\u00e7\u00e3o;<br \/>\nh) Situa\u00e7\u00f5es geradas por terceiros, como greves de transporte p\u00fablico, obstru\u00e7\u00e3o de vias e demais situa\u00e7\u00f5es, condicionadas a aceita\u00e7\u00e3o do colegiado, alheias a vontade do discente;<br \/>\ni) participa\u00e7\u00e3o em eventos cient\u00edficos, quando o discente estiver apresentando trabalho, mediante comprova\u00e7\u00e3o de participa\u00e7\u00e3o.<\/p>\n<p><strong>Requerimento<\/strong><br \/>\n<a href=\"https:\/\/wp.ufpel.edu.br\/cra\/files\/2018\/10\/Requerimento-de-segunda-chamada.pdf\">Requerimento de segunda chamada<\/a><\/p>\n<p><strong>Fluxograma<\/strong><\/p>\n<table>\n<tbody>\n<tr>\n<td width=\"63\">Etapa<\/td>\n<td width=\"159\">Respons\u00e1vel<\/td>\n<td width=\"378\">Procedimento<\/td>\n<\/tr>\n<tr>\n<td width=\"63\">1<\/td>\n<td width=\"159\">Discente<\/td>\n<td width=\"378\">\u2013 Preencher e assinar o requerimento;<br \/>\n\u2013 Entregar a solicita\u00e7\u00e3o no colegiado do curso.<\/td>\n<\/tr>\n<tr>\n<td width=\"63\">2<\/td>\n<td width=\"159\">Colegiado de curso<\/td>\n<td width=\"378\">\u2013 Avaliar a solicita\u00e7\u00e3o;<br \/>\nSe desfavor\u00e1vel:<br \/>\n\u2013 Informar o discente e arquivar o processo;<br \/>\nSe favor\u00e1vel:<br \/>\n\u2013 Encaminhar ao docente respons\u00e1vel pela turma;<\/td>\n<\/tr>\n<tr>\n<td width=\"63\">5<\/td>\n<td width=\"159\">Docente respons\u00e1vel pela turma<\/td>\n<td width=\"378\">\u2013 Realizar nova avalia\u00e7\u00e3o;<\/td>\n<\/tr>\n<\/tbody>\n<\/table>\n<\/div>\n<\/div>\n<div><\/div>\n<div><\/div>\n<div>\n<div><b><b>Art. 118. <\/b><\/b><strong>O abono de faltas ser\u00e1 concedido, mediante comprova\u00e7\u00e3o, conforme legisla\u00e7\u00e3o vigente, nos seguintes casos:<\/strong>I \u2013 ao discente matriculado em \u00d3rg\u00e3o de Forma\u00e7\u00e3o de Reserva (Servi\u00e7o Militar) que seja obrigado a faltar em suas atividades civis por for\u00e7a de exerc\u00edcios ou manobras, ou reservista convocado para apresenta\u00e7\u00f5es ou cerim\u00f4nias c\u00edvicas;<br \/>\nII \u2013 ao discente contemplado com a possibilidade de Exerc\u00edcios Domiciliares, nos termos da se\u00e7\u00e3o V, do Cap. I do Regulamento de Ensino de Gradua\u00e7\u00e3o;<br \/>\nIII \u2013 ao discente designado membro da CONAES \u2013 Comiss\u00e3o Nacional de Avalia\u00e7\u00e3o da Educa\u00e7\u00e3o Superior, que tenha participado de reuni\u00f5es em hor\u00e1rios coincidentes com os das atividades acad\u00eamicas;<br \/>\nIV \u2013 ao discente que integrar representa\u00e7\u00e3o desportiva nacional, conforme Lei 9.615 de 1998, Artigo 85;<br \/>\nV \u2013 ao discente representante em inst\u00e2ncias superiores institucionais da UFPel, mediante portaria.<br \/>\n<strong>\u00a0<\/strong><br \/>\n<strong>Como solicitar<\/strong><br \/>\nO discente dever\u00e1 entregar documento que comprove as situa\u00e7\u00f5es previstas para o abono de faltas no colegiado do curso.<strong>Fluxograma<\/strong><\/p>\n<table>\n<tbody>\n<tr>\n<td width=\"64\">Etapa<\/td>\n<td width=\"132\">Respons\u00e1vel<\/td>\n<td width=\"399\">Procedimento<\/td>\n<\/tr>\n<tr>\n<td width=\"64\">1<\/td>\n<td width=\"132\">Discente<\/td>\n<td width=\"399\">\u2013 Entregar documenta\u00e7\u00e3o no colegiado do curso<\/td>\n<\/tr>\n<tr>\n<td width=\"64\">2<\/td>\n<td width=\"132\">Colegiado<\/td>\n<td width=\"399\">\u2013 Avaliar a solicita\u00e7\u00e3o de acordo com as normas vigentes;<br \/>\n\u2013 Encaminhar ao docente para ci\u00eancia.<\/td>\n<\/tr>\n<tr>\n<td width=\"64\">3<\/td>\n<td width=\"132\">Docente<\/td>\n<td width=\"399\">\u2013 Nos casos em que n\u00e3o for poss\u00edvel ao docente informar o\u00a0aproveitamento acad\u00eamico no fechamento da turma, este dever\u00e1 informado por meio do FPIN eletr\u00f4nico no Sistema COBALTO.<\/td>\n<\/tr>\n<\/tbody>\n<\/table>\n<p>&nbsp;<\/p>\n<p><strong>Legisla\u00e7\u00e3o espec\u00edfica:<br \/>\n<\/strong><\/p>\n<p><a href=\"http:\/\/www.planalto.gov.br\/ccivil_03\/LEIS\/L9394.htm\">Lei Federal N\u00b0 9.394\/1996<\/a><br \/>\n<a href=\"https:\/\/www.planalto.gov.br\/ccivil_03\/decreto-lei\/Del1044.htm\">Decreto-lei N\u00b0 1.044\/1969<\/a><br \/>\n<a href=\"http:\/\/www.planalto.gov.br\/ccivil_03\/leis\/L9615consol.htm\">Lei Federal N\u00b0 9.615\/1998<\/a><br \/>\n<a href=\"http:\/\/www.planalto.gov.br\/ccivil_03\/leis\/L4375.htm\">Lei Federal N\u00b0 4.375\/1964<\/a><\/p>\n<\/div>\n<div><\/div>\n<div><span style=\"color: #ffffff;text-align: justify\">.<\/span><\/div>\n<\/div>\n<div>\n<div><span style=\"font-family: verdana, geneva;font-size: 10pt\">Atenciosamente,<\/span><\/div>\n<div><span style=\"color: #ffffff\">.<\/span><\/div>\n<div><span style=\"color: #ffffff\">.<\/span><\/div>\n<\/div>\n","protected":false},"excerpt":{"rendered":"<p>Esclarecimentos sobre atestados m\u00e9dicos. Atestados m\u00e9dicos inferiores a tr\u00eas dias\u00a0n\u00e3o\u00a0dever\u00e3o ser encaminhados a Pericia M\u00e9dica, estes dever\u00e3o ser resolvidos no \u00e2mbito do Colegiado do Curso conforme Regulamento do Ensino da Gradua\u00e7\u00e3o (Resolu\u00e7\u00e3o n\u00ba 29\/2018): Art. 151. O discente que, por impedimento legal, devidamente comprovado, faltar a uma avalia\u00e7\u00e3o, poder\u00e1 realiz\u00e1-la em outro momento, desde que [&hellip;]<\/p>\n","protected":false},"author":434,"featured_media":0,"parent":62,"menu_order":3,"comment_status":"closed","ping_status":"closed","template":"","meta":{"jetpack_post_was_ever_published":false,"footnotes":""},"class_list":["post-702","page","type-page","status-publish","hentry"],"jetpack_sharing_enabled":true,"_links":{"self":[{"href":"https:\/\/wp.ufpel.edu.br\/engciv\/wp-json\/wp\/v2\/pages\/702","targetHints":{"allow":["GET"]}}],"collection":[{"href":"https:\/\/wp.ufpel.edu.br\/engciv\/wp-json\/wp\/v2\/pages"}],"about":[{"href":"https:\/\/wp.ufpel.edu.br\/engciv\/wp-json\/wp\/v2\/types\/page"}],"author":[{"embeddable":true,"href":"https:\/\/wp.ufpel.edu.br\/engciv\/wp-json\/wp\/v2\/users\/434"}],"replies":[{"embeddable":true,"href":"https:\/\/wp.ufpel.edu.br\/engciv\/wp-json\/wp\/v2\/comments?post=702"}],"version-history":[{"count":18,"href":"https:\/\/wp.ufpel.edu.br\/engciv\/wp-json\/wp\/v2\/pages\/702\/revisions"}],"predecessor-version":[{"id":3313,"href":"https:\/\/wp.ufpel.edu.br\/engciv\/wp-json\/wp\/v2\/pages\/702\/revisions\/3313"}],"up":[{"embeddable":true,"href":"https:\/\/wp.ufpel.edu.br\/engciv\/wp-json\/wp\/v2\/pages\/62"}],"wp:attachment":[{"href":"https:\/\/wp.ufpel.edu.br\/engciv\/wp-json\/wp\/v2\/media?parent=702"}],"curies":[{"name":"wp","href":"https:\/\/api.w.org\/{rel}","templated":true}]}}