{"id":609,"date":"2014-08-27T00:38:09","date_gmt":"2014-08-27T03:38:09","guid":{"rendered":"https:\/\/wp.ufpel.edu.br\/engciv\/?page_id=609"},"modified":"2019-09-23T13:41:38","modified_gmt":"2019-09-23T16:41:38","slug":"comissoes","status":"publish","type":"page","link":"https:\/\/wp.ufpel.edu.br\/engciv\/curso\/comissoes\/","title":{"rendered":"Comiss\u00f5es"},"content":{"rendered":"<ul>\n<li><strong>Comiss\u00e3o de P\u00f3s-Gradua\u00e7\u00e3o:\u00a0<\/strong>Ingrid Belchior, Guilherme Trindade, Hebert Rossetto e Rafael Delucis. <a href=\"https:\/\/wp.ufpel.edu.br\/engciv\/files\/2019\/07\/Portaria-01-2019.pdf\">Portaria 01 &#8211; 2019<\/a><\/li>\n<li><strong>Atividades complementares e carga hor\u00e1ria livre: <\/strong>\u00c2ngela Azevedo, Tamara Caldeira, Klaus Theisen, Rafael Delucis e Lucas Bierhals. <a href=\"https:\/\/wp.ufpel.edu.br\/engciv\/files\/2019\/09\/Portaria-Comiss\u00e3o-Atividades-Complementares-e-Carga-Hor\u00e1ria-Livre-Setembro-2019.pdf\">Portaria Comiss\u00e3o Atividades Complementares e Carga Hor\u00e1ria Livre Setembro 2019<\/a><\/li>\n<li><strong>Avalia\u00e7\u00e3o das Disciplinas:<\/strong>Hugo Guedes, Hebert Rosseto, Guilherme Trindade e C\u00e1ssio de Oliveira. <a href=\"https:\/\/wp.ufpel.edu.br\/engciv\/files\/2019\/09\/Portaria-Comiss\u00e3o-Avalia\u00e7\u00e3o-das-Disciplinas-Setembro-2019.pdf\">Portaria Comiss\u00e3o Avalia\u00e7\u00e3o das Disciplinas Setembro 2019<\/a><\/li>\n<li>\u00a0<strong>Est\u00e1gio de Viv\u00eancia:<\/strong> Eduardo Couto, Guilherme Trindade, Jorge Rodrigues e Camila Blaz. <a href=\"https:\/\/wp.ufpel.edu.br\/engciv\/files\/2019\/09\/Portaria-Comiss\u00e3o-Est\u00e1gio-de-Viv\u00eancia-Setembro-2019.pdf\">Portaria Comiss\u00e3o Est\u00e1gio de Viv\u00eancia Setembro 2019<\/a><\/li>\n<li>\u00a0<strong>Est\u00e1gio Curricular e Extracurricular:\u00a0 <\/strong>Hebert Rosseto, Ingrid Belchior e Camila Blaz. <a href=\"https:\/\/wp.ufpel.edu.br\/engciv\/files\/2019\/09\/Portaria-Comiss\u00e3o-Est\u00e1gio-Curricular-e-Extracurricular-Setembro-2019.pdf\">Portaria Comiss\u00e3o Est\u00e1gio Curricular e Extracurricular Setembro 2019<\/a><\/li>\n<li><strong>Reop\u00e7\u00e3o, Reingresso, \u00a0Transfer\u00eancia e Portador de Diploma:\u00a0<\/strong>Klaus Theisen, Hugo Guedes e Jorge Rodrigues. <a href=\"https:\/\/wp.ufpel.edu.br\/engciv\/files\/2019\/07\/Portaria-02-2019.pdf\">Portaria 02 &#8211; 2019<\/a><\/li>\n<li><strong>Acompanhamento de Egressos:<\/strong> Aline Paliga, \u00c2ngela Azevedo, Rafael Delucis, Eduardo Couto e Gabriel dos Santos. <a href=\"https:\/\/wp.ufpel.edu.br\/engciv\/files\/2019\/09\/Portaria-Comiss\u00e3o-Acompanhamento-de-Egressos-Setembro-2019.pdf\">Portaria Comiss\u00e3o Acompanhamento de Egressos Setembro 2019<\/a><\/li>\n<li><strong>Jubilamento:\u00a0<\/strong>Klaus Theisen, Hugo Guedes, Let\u00edcia Tonetto e Ra\u00edssa Camacho. <a href=\"https:\/\/wp.ufpel.edu.br\/engciv\/files\/2019\/09\/Portaria-Comiss\u00e3o-Jubilamento-Setembro-2019.pdf\">Portaria Comiss\u00e3o Jubilamento Setembro 2019<\/a><\/li>\n<\/ul>\n","protected":false},"excerpt":{"rendered":"<p>Comiss\u00e3o de P\u00f3s-Gradua\u00e7\u00e3o:\u00a0Ingrid Belchior, Guilherme Trindade, Hebert Rossetto e Rafael Delucis. Portaria 01 &#8211; 2019 Atividades complementares e carga hor\u00e1ria livre: \u00c2ngela Azevedo, Tamara Caldeira, Klaus Theisen, Rafael Delucis e Lucas Bierhals. Portaria Comiss\u00e3o Atividades Complementares e Carga Hor\u00e1ria Livre Setembro 2019 Avalia\u00e7\u00e3o das Disciplinas:Hugo Guedes, Hebert Rosseto, Guilherme Trindade e C\u00e1ssio de Oliveira. Portaria [&hellip;]<\/p>\n","protected":false},"author":434,"featured_media":0,"parent":50,"menu_order":2,"comment_status":"closed","ping_status":"closed","template":"","meta":{"jetpack_post_was_ever_published":false,"footnotes":""},"class_list":["post-609","page","type-page","status-publish","hentry"],"jetpack_sharing_enabled":true,"_links":{"self":[{"href":"https:\/\/wp.ufpel.edu.br\/engciv\/wp-json\/wp\/v2\/pages\/609","targetHints":{"allow":["GET"]}}],"collection":[{"href":"https:\/\/wp.ufpel.edu.br\/engciv\/wp-json\/wp\/v2\/pages"}],"about":[{"href":"https:\/\/wp.ufpel.edu.br\/engciv\/wp-json\/wp\/v2\/types\/page"}],"author":[{"embeddable":true,"href":"https:\/\/wp.ufpel.edu.br\/engciv\/wp-json\/wp\/v2\/users\/434"}],"replies":[{"embeddable":true,"href":"https:\/\/wp.ufpel.edu.br\/engciv\/wp-json\/wp\/v2\/comments?post=609"}],"version-history":[{"count":50,"href":"https:\/\/wp.ufpel.edu.br\/engciv\/wp-json\/wp\/v2\/pages\/609\/revisions"}],"predecessor-version":[{"id":3484,"href":"https:\/\/wp.ufpel.edu.br\/engciv\/wp-json\/wp\/v2\/pages\/609\/revisions\/3484"}],"up":[{"embeddable":true,"href":"https:\/\/wp.ufpel.edu.br\/engciv\/wp-json\/wp\/v2\/pages\/50"}],"wp:attachment":[{"href":"https:\/\/wp.ufpel.edu.br\/engciv\/wp-json\/wp\/v2\/media?parent=609"}],"curies":[{"name":"wp","href":"https:\/\/api.w.org\/{rel}","templated":true}]}}