{"id":53,"date":"2014-03-31T17:04:20","date_gmt":"2014-03-31T20:04:20","guid":{"rendered":"https:\/\/wp.ufpel.edu.br\/engciv\/?page_id=53"},"modified":"2025-08-22T09:31:42","modified_gmt":"2025-08-22T12:31:42","slug":"docs","status":"publish","type":"page","link":"https:\/\/wp.ufpel.edu.br\/engciv\/alunos\/docs\/","title":{"rendered":"Documentos"},"content":{"rendered":"<p><a href=\"https:\/\/wp.ufpel.edu.br\/cra\/files\/2020\/07\/Requerimento-de-aproveitamento.pdf\">Aproveitamento de disciplina &#8211; requerimento<\/a><\/p>\n<p><a href=\"https:\/\/wp.ufpel.edu.br\/engciv\/files\/2014\/03\/Registro_Diplomado_no_pais_Brasileiro_ou_estrangeiro_com_visto_permanente.pdf\">Documenta\u00e7\u00e3o necess\u00e1ria para o CREA<\/a><\/p>\n<p><a href=\"https:\/\/wp.ufpel.edu.br\/engciv\/files\/2021\/03\/FORMULARIO_PARA_JUSTIFICATIVA_DE_NAO_REALIZACAO_DE_MATRICULA.pdf\">Formul\u00e1rio para Justificativa de N\u00e3o Realiza\u00e7\u00e3o de Matr\u00edcula<\/a><\/p>\n<p><a href=\"https:\/\/wp.ufpel.edu.br\/engciv\/files\/2014\/03\/trancamento-de-disciplina.docx\">Formul\u00e1rio trancamento de disciplina<\/a><\/p>\n<p><a href=\"https:\/\/wp.ufpel.edu.br\/engciv\/files\/2018\/08\/procura\u00e7\u00e3o.docx\">Procura\u00e7\u00e3o<\/a><\/p>\n<p><a href=\"https:\/\/wp.ufpel.edu.br\/engciv\/files\/2019\/07\/Quebra-de-Pr\u00e9-requisito.pdf\">Quebra de Pr\u00e9-requisito<\/a><\/p>\n<p><a href=\"https:\/\/wp.ufpel.edu.br\/engciv\/files\/2019\/07\/Recurso-Quebra-de-Pr\u00e9-requisito.pdf\">Recurso Quebra de Pr\u00e9-requisito<\/a><\/p>\n<p><a href=\"https:\/\/wp.ufpel.edu.br\/engciv\/files\/2025\/08\/Requerimento-de-regime-concentrado.pdf\">Requerimento de regime concentrado<\/a><\/p>\n<p><a href=\"https:\/\/wp.ufpel.edu.br\/engciv\/files\/2014\/03\/revisao-de-provas.pdf\">Revis\u00e3o de provas<\/a><\/p>\n<p><a href=\"https:\/\/wp.ufpel.edu.br\/engciv\/files\/2020\/05\/Termo-tcc-e-especializacao.pdf\">Termo de autoriza\u00e7\u00e3o para biblioteca &#8211; TCC<\/a><\/p>\n<p>&nbsp;<\/p>\n<p>&nbsp;<\/p>\n","protected":false},"excerpt":{"rendered":"<p>Aproveitamento de disciplina &#8211; requerimento Documenta\u00e7\u00e3o necess\u00e1ria para o CREA Formul\u00e1rio para Justificativa de N\u00e3o Realiza\u00e7\u00e3o de Matr\u00edcula Formul\u00e1rio trancamento de disciplina Procura\u00e7\u00e3o Quebra de Pr\u00e9-requisito Recurso Quebra de Pr\u00e9-requisito Requerimento de regime concentrado Revis\u00e3o de provas Termo de autoriza\u00e7\u00e3o para biblioteca &#8211; TCC &nbsp; &nbsp;<\/p>\n","protected":false},"author":373,"featured_media":0,"parent":62,"menu_order":1,"comment_status":"closed","ping_status":"closed","template":"page-sem-sidebar.php","meta":{"jetpack_post_was_ever_published":false,"footnotes":""},"class_list":["post-53","page","type-page","status-publish","hentry"],"jetpack_sharing_enabled":true,"_links":{"self":[{"href":"https:\/\/wp.ufpel.edu.br\/engciv\/wp-json\/wp\/v2\/pages\/53","targetHints":{"allow":["GET"]}}],"collection":[{"href":"https:\/\/wp.ufpel.edu.br\/engciv\/wp-json\/wp\/v2\/pages"}],"about":[{"href":"https:\/\/wp.ufpel.edu.br\/engciv\/wp-json\/wp\/v2\/types\/page"}],"author":[{"embeddable":true,"href":"https:\/\/wp.ufpel.edu.br\/engciv\/wp-json\/wp\/v2\/users\/373"}],"replies":[{"embeddable":true,"href":"https:\/\/wp.ufpel.edu.br\/engciv\/wp-json\/wp\/v2\/comments?post=53"}],"version-history":[{"count":6,"href":"https:\/\/wp.ufpel.edu.br\/engciv\/wp-json\/wp\/v2\/pages\/53\/revisions"}],"predecessor-version":[{"id":4517,"href":"https:\/\/wp.ufpel.edu.br\/engciv\/wp-json\/wp\/v2\/pages\/53\/revisions\/4517"}],"up":[{"embeddable":true,"href":"https:\/\/wp.ufpel.edu.br\/engciv\/wp-json\/wp\/v2\/pages\/62"}],"wp:attachment":[{"href":"https:\/\/wp.ufpel.edu.br\/engciv\/wp-json\/wp\/v2\/media?parent=53"}],"curies":[{"name":"wp","href":"https:\/\/api.w.org\/{rel}","templated":true}]}}