{"id":50,"date":"2014-03-31T16:58:39","date_gmt":"2014-03-31T19:58:39","guid":{"rendered":"https:\/\/wp.ufpel.edu.br\/engciv\/?page_id=50"},"modified":"2016-02-21T14:09:16","modified_gmt":"2016-02-21T17:09:16","slug":"curso","status":"publish","type":"page","link":"https:\/\/wp.ufpel.edu.br\/engciv\/curso\/","title":{"rendered":"O Curso"},"content":{"rendered":"<p><strong>Denomina\u00e7\u00e3o:<\/strong>\u00a0CURSO DE ENGENHARIA CIVIL.<\/p>\n<p><strong>Modalidade:<\/strong>\u00a0Presencial.<\/p>\n<p><strong>Titula\u00e7\u00e3o conferida:<\/strong>\u00a0Engenheiro Civil.<\/p>\n<p><strong>Regulamenta\u00e7\u00e3o profissional:<\/strong>\u00a0Decreto 23.569 de 11 de dezembro de 1933;\u00a0Lei 5.194 de 24 de dezembro de 1966.<\/p>\n<p><strong>Ato de Autoriza\u00e7\u00e3o do Curso:<\/strong>\u00a0Portaria N\u00ba 941, de 06 de Julho de 2010 \u2013 Gabinete do Reitor.<\/p>\n<p><strong>Unidade Acad\u00eamica:<\/strong>\u00a0Centro de Engenharias.<\/p>\n<p><strong>Carga Hor\u00e1ria Total e N\u00famero de Cr\u00e9ditos do Curso:<\/strong>\u00a04896 horas e 288 cr\u00e9ditos.<\/p>\n<p><strong>Regime Acad\u00eamico:<\/strong>\u00a0Semestral.<\/p>\n<p><strong>Dura\u00e7\u00e3o do curso:<\/strong>\u00a010 semestres.<\/p>\n<p><strong>Turnos:<\/strong>\u00a0Manh\u00e3 e Noite.<\/p>\n<p><strong>N\u00famero de vagas oferecidas:<\/strong>\u00a044 vagas anuais.<\/p>\n<p><strong>Formas de Ingresso:<\/strong><\/p>\n<p>SiSU\/MEC \u2013 Sistema de Sele\u00e7\u00e3o Unificada (40 vagas)<\/p>\n<p>PAVE\/UFPEL \u2013 Programa de Avalia\u00e7\u00e3o da Vida Escolar (4 vagas);<\/p>\n<p>Edital de ingresso por reop\u00e7\u00e3o, transfer\u00eancia, reingresso e portador de t\u00edtulo (vagas ociosas).<\/p>\n<p><strong>Prazos m\u00ednimo e m\u00e1ximo para integraliza\u00e7\u00e3o do curr\u00edculo:<\/strong>\u00a09 e 16 semestres, respectivamente.<\/p>\n<p><strong>Portaria de Reconhecimento do Curso: <\/strong>Portaria N\u00b0 297 de 09 de julho de 2013<strong> <a href=\"https:\/\/wp.ufpel.edu.br\/engciv\/files\/2014\/03\/EngenhariaCivil.pdf\">LINK<\/a><\/strong><\/p>\n<p><strong> Portaria de Renova\u00e7\u00e3o de Reconhecimento do Curso: <\/strong>Portaria N\u00ba 1097 de 24 de dezembro de 2015<strong> <a href=\"https:\/\/wp.ufpel.edu.br\/engciv\/files\/2014\/03\/Port.-1097-de-24.12.2015-Renov.-Rec.-ENADE.pdf\" rel=\"\">LINK<\/a><\/strong><\/p>\n<p><span style=\"font-family: verdana, geneva\">\u00a0<\/span><\/p>\n","protected":false},"excerpt":{"rendered":"<p>Denomina\u00e7\u00e3o:\u00a0CURSO DE ENGENHARIA CIVIL. Modalidade:\u00a0Presencial. Titula\u00e7\u00e3o conferida:\u00a0Engenheiro Civil. Regulamenta\u00e7\u00e3o profissional:\u00a0Decreto 23.569 de 11 de dezembro de 1933;\u00a0Lei 5.194 de 24 de dezembro de 1966. Ato de Autoriza\u00e7\u00e3o do Curso:\u00a0Portaria N\u00ba 941, de 06 de Julho de 2010 \u2013 Gabinete do Reitor. Unidade Acad\u00eamica:\u00a0Centro de Engenharias. Carga Hor\u00e1ria Total e N\u00famero de Cr\u00e9ditos do Curso:\u00a04896 horas [&hellip;]<\/p>\n","protected":false},"author":373,"featured_media":0,"parent":0,"menu_order":1,"comment_status":"closed","ping_status":"closed","template":"","meta":{"jetpack_post_was_ever_published":false,"footnotes":""},"class_list":["post-50","page","type-page","status-publish","hentry"],"jetpack_sharing_enabled":true,"_links":{"self":[{"href":"https:\/\/wp.ufpel.edu.br\/engciv\/wp-json\/wp\/v2\/pages\/50","targetHints":{"allow":["GET"]}}],"collection":[{"href":"https:\/\/wp.ufpel.edu.br\/engciv\/wp-json\/wp\/v2\/pages"}],"about":[{"href":"https:\/\/wp.ufpel.edu.br\/engciv\/wp-json\/wp\/v2\/types\/page"}],"author":[{"embeddable":true,"href":"https:\/\/wp.ufpel.edu.br\/engciv\/wp-json\/wp\/v2\/users\/373"}],"replies":[{"embeddable":true,"href":"https:\/\/wp.ufpel.edu.br\/engciv\/wp-json\/wp\/v2\/comments?post=50"}],"version-history":[{"count":10,"href":"https:\/\/wp.ufpel.edu.br\/engciv\/wp-json\/wp\/v2\/pages\/50\/revisions"}],"predecessor-version":[{"id":2001,"href":"https:\/\/wp.ufpel.edu.br\/engciv\/wp-json\/wp\/v2\/pages\/50\/revisions\/2001"}],"wp:attachment":[{"href":"https:\/\/wp.ufpel.edu.br\/engciv\/wp-json\/wp\/v2\/media?parent=50"}],"curies":[{"name":"wp","href":"https:\/\/api.w.org\/{rel}","templated":true}]}}