{"id":397,"date":"2014-06-11T14:52:32","date_gmt":"2014-06-11T17:52:32","guid":{"rendered":"https:\/\/wp.ufpel.edu.br\/engciv\/?page_id=397"},"modified":"2019-06-06T11:17:34","modified_gmt":"2019-06-06T14:17:34","slug":"reopcao-e-transferencia","status":"publish","type":"page","link":"https:\/\/wp.ufpel.edu.br\/engciv\/alunos\/reopcao-e-transferencia\/","title":{"rendered":"Reop\u00e7\u00e3o, Reingresso, Transfer\u00eancia e Portador de Diploma"},"content":{"rendered":"<p><a href=\"https:\/\/wp.ufpel.edu.br\/engciv\/files\/2014\/06\/Orienta\u00e7\u00f5es-ingresso.docx\">Orienta\u00e7\u00f5es ingresso<\/a><\/p>\n<p>&nbsp;<\/p>\n","protected":false},"excerpt":{"rendered":"<p>Orienta\u00e7\u00f5es ingresso &nbsp;<\/p>\n","protected":false},"author":373,"featured_media":0,"parent":62,"menu_order":2,"comment_status":"closed","ping_status":"closed","template":"","meta":{"jetpack_post_was_ever_published":false,"footnotes":""},"class_list":["post-397","page","type-page","status-publish","hentry"],"jetpack_sharing_enabled":true,"_links":{"self":[{"href":"https:\/\/wp.ufpel.edu.br\/engciv\/wp-json\/wp\/v2\/pages\/397","targetHints":{"allow":["GET"]}}],"collection":[{"href":"https:\/\/wp.ufpel.edu.br\/engciv\/wp-json\/wp\/v2\/pages"}],"about":[{"href":"https:\/\/wp.ufpel.edu.br\/engciv\/wp-json\/wp\/v2\/types\/page"}],"author":[{"embeddable":true,"href":"https:\/\/wp.ufpel.edu.br\/engciv\/wp-json\/wp\/v2\/users\/373"}],"replies":[{"embeddable":true,"href":"https:\/\/wp.ufpel.edu.br\/engciv\/wp-json\/wp\/v2\/comments?post=397"}],"version-history":[{"count":6,"href":"https:\/\/wp.ufpel.edu.br\/engciv\/wp-json\/wp\/v2\/pages\/397\/revisions"}],"predecessor-version":[{"id":3310,"href":"https:\/\/wp.ufpel.edu.br\/engciv\/wp-json\/wp\/v2\/pages\/397\/revisions\/3310"}],"up":[{"embeddable":true,"href":"https:\/\/wp.ufpel.edu.br\/engciv\/wp-json\/wp\/v2\/pages\/62"}],"wp:attachment":[{"href":"https:\/\/wp.ufpel.edu.br\/engciv\/wp-json\/wp\/v2\/media?parent=397"}],"curies":[{"name":"wp","href":"https:\/\/api.w.org\/{rel}","templated":true}]}}