{"id":3585,"date":"2020-02-19T10:42:56","date_gmt":"2020-02-19T13:42:56","guid":{"rendered":"https:\/\/wp.ufpel.edu.br\/engciv\/?page_id=3585"},"modified":"2020-02-19T11:10:47","modified_gmt":"2020-02-19T14:10:47","slug":"svc","status":"publish","type":"page","link":"https:\/\/wp.ufpel.edu.br\/engciv\/eventos\/svc\/","title":{"rendered":"Semana V\u00e9rtice de Capacita\u00e7\u00e3o"},"content":{"rendered":"<p><span style=\"font-weight: 400\">A Semana V\u00e9rtice de Capacita\u00e7\u00e3o visa trazer \u00e0 comunidade acad\u00eamica (n\u00e3o exclusivamente do CEng) minicursos e palestras referentes as demandas do mercado da constru\u00e7\u00e3o civil na cidade, a viv\u00eancia empresarial e o desenvolvimento de habilidades necess\u00e1rias \u00e0queles que desejam ser competitivos no mercado de trabalho e\/ou lan\u00e7ar seus pr\u00f3prios empreendimentos, fortalecendo as capacidades desenvolvidas ao longo da gradua\u00e7\u00e3o.<\/span><\/p>\n<p style=\"font-weight: 400\">\u00c9 organizada anualmente pela V\u00e9rtice Engenharia Jr., empresa j\u00fanior do curso de Engenharia Civil, e ocorre durante a semana do SIIEPE, normalmente no segundo semestre do ano letivo.<\/p>\n<p style=\"font-weight: 400\">Para maiores informa\u00e7\u00f5es, voc\u00ea pode acessar a p\u00e1gina do <a href=\"https:\/\/www.facebook.com\/verticeengenhariajr\/\">Facebook da V\u00e9rtice<\/a>! Participe deste evento \u00fanico na UFPel, feito por alunos para alunos!<\/p>\n","protected":false},"excerpt":{"rendered":"<p>A Semana V\u00e9rtice de Capacita\u00e7\u00e3o visa trazer \u00e0 comunidade acad\u00eamica (n\u00e3o exclusivamente do CEng) minicursos e palestras referentes as demandas do mercado da constru\u00e7\u00e3o civil na cidade, a viv\u00eancia empresarial e o desenvolvimento de habilidades necess\u00e1rias \u00e0queles que desejam ser competitivos no mercado de trabalho e\/ou lan\u00e7ar seus pr\u00f3prios empreendimentos, fortalecendo as capacidades desenvolvidas ao [&hellip;]<\/p>\n","protected":false},"author":455,"featured_media":0,"parent":596,"menu_order":0,"comment_status":"closed","ping_status":"closed","template":"","meta":{"jetpack_post_was_ever_published":false,"footnotes":""},"class_list":["post-3585","page","type-page","status-publish","hentry"],"jetpack_sharing_enabled":true,"_links":{"self":[{"href":"https:\/\/wp.ufpel.edu.br\/engciv\/wp-json\/wp\/v2\/pages\/3585","targetHints":{"allow":["GET"]}}],"collection":[{"href":"https:\/\/wp.ufpel.edu.br\/engciv\/wp-json\/wp\/v2\/pages"}],"about":[{"href":"https:\/\/wp.ufpel.edu.br\/engciv\/wp-json\/wp\/v2\/types\/page"}],"author":[{"embeddable":true,"href":"https:\/\/wp.ufpel.edu.br\/engciv\/wp-json\/wp\/v2\/users\/455"}],"replies":[{"embeddable":true,"href":"https:\/\/wp.ufpel.edu.br\/engciv\/wp-json\/wp\/v2\/comments?post=3585"}],"version-history":[{"count":4,"href":"https:\/\/wp.ufpel.edu.br\/engciv\/wp-json\/wp\/v2\/pages\/3585\/revisions"}],"predecessor-version":[{"id":3595,"href":"https:\/\/wp.ufpel.edu.br\/engciv\/wp-json\/wp\/v2\/pages\/3585\/revisions\/3595"}],"up":[{"embeddable":true,"href":"https:\/\/wp.ufpel.edu.br\/engciv\/wp-json\/wp\/v2\/pages\/596"}],"wp:attachment":[{"href":"https:\/\/wp.ufpel.edu.br\/engciv\/wp-json\/wp\/v2\/media?parent=3585"}],"curies":[{"name":"wp","href":"https:\/\/api.w.org\/{rel}","templated":true}]}}