{"id":3579,"date":"2020-02-19T10:39:48","date_gmt":"2020-02-19T13:39:48","guid":{"rendered":"https:\/\/wp.ufpel.edu.br\/engciv\/?page_id=3579"},"modified":"2020-02-19T11:09:51","modified_gmt":"2020-02-19T14:09:51","slug":"vertice","status":"publish","type":"page","link":"https:\/\/wp.ufpel.edu.br\/engciv\/curso\/vertice\/","title":{"rendered":"V\u00e9rtice Engenharia Jr. &#8211; Empresa Junior"},"content":{"rendered":"<p style=\"font-weight: 400\">A V\u00e9rtice Engenharia Jr. \u00e9 a empresa j\u00fanior do curso de Engenharia Civil da Universidade Federal de Pelotas. Fundada em 2014 por alunos do curso, a V\u00e9rtice vem desenvolvendo projetos de constru\u00e7\u00e3o civil para a comunidade pelotense, trabalhando sempre com qualidade t\u00e9cnica, responsabilidade e pre\u00e7os justos, abaixo do valor de mercado.<\/p>\n<p style=\"font-weight: 400\">Atua primordialmente na \u00e1rea de regulariza\u00e7\u00e3o de constru\u00e7\u00f5es, plano de preven\u00e7\u00e3o contra inc\u00eandios, elabora\u00e7\u00e3o de projetos arquitet\u00f4nicos e escrita e elabora\u00e7\u00e3o de documentos t\u00e9cnicos.<\/p>\n<p style=\"font-weight: 400\">Os membros da V\u00e9rtice s\u00e3o alunos de diversos cursos da UFPel, como Engenharia Civil, Arquitetura e Urbanismo, Engenharia de Produ\u00e7\u00e3o, Administra\u00e7\u00e3o, entre outros. O Processo Seletivo para novos membros se d\u00e3o nos in\u00edcios de cada semestre, com abertura de vagas para aqueles que desejam adquirir experi\u00eancias empresariais durante a gradua\u00e7\u00e3o e elaborar projetos na \u00e1rea de constru\u00e7\u00e3o civil para composi\u00e7\u00e3o de portf\u00f3lio.<\/p>\n<p><span style=\"font-weight: 400\">Se interessou? Gostaria de um or\u00e7amento ou tirar d\u00favidas? Ent\u00e3o entre em contato conosco pelo WhatsApp no n\u00famero (53) 98413-0232 , pela nossa <a href=\"https:\/\/www.facebook.com\/verticeengenhariajr\/\">p\u00e1gina do Facebook<\/a> ou nos fa\u00e7a uma visita no seguinte endere\u00e7o:\u00a0Rua Benjamin Constant 989, Pr\u00e9dio do Centro de Engenharias da UFPel, Sala 322.<\/span><\/p>\n","protected":false},"excerpt":{"rendered":"<p>A V\u00e9rtice Engenharia Jr. \u00e9 a empresa j\u00fanior do curso de Engenharia Civil da Universidade Federal de Pelotas. Fundada em 2014 por alunos do curso, a V\u00e9rtice vem desenvolvendo projetos de constru\u00e7\u00e3o civil para a comunidade pelotense, trabalhando sempre com qualidade t\u00e9cnica, responsabilidade e pre\u00e7os justos, abaixo do valor de mercado. Atua primordialmente na \u00e1rea [&hellip;]<\/p>\n","protected":false},"author":455,"featured_media":0,"parent":50,"menu_order":0,"comment_status":"closed","ping_status":"closed","template":"","meta":{"jetpack_post_was_ever_published":false,"footnotes":""},"class_list":["post-3579","page","type-page","status-publish","hentry"],"jetpack_sharing_enabled":true,"_links":{"self":[{"href":"https:\/\/wp.ufpel.edu.br\/engciv\/wp-json\/wp\/v2\/pages\/3579","targetHints":{"allow":["GET"]}}],"collection":[{"href":"https:\/\/wp.ufpel.edu.br\/engciv\/wp-json\/wp\/v2\/pages"}],"about":[{"href":"https:\/\/wp.ufpel.edu.br\/engciv\/wp-json\/wp\/v2\/types\/page"}],"author":[{"embeddable":true,"href":"https:\/\/wp.ufpel.edu.br\/engciv\/wp-json\/wp\/v2\/users\/455"}],"replies":[{"embeddable":true,"href":"https:\/\/wp.ufpel.edu.br\/engciv\/wp-json\/wp\/v2\/comments?post=3579"}],"version-history":[{"count":3,"href":"https:\/\/wp.ufpel.edu.br\/engciv\/wp-json\/wp\/v2\/pages\/3579\/revisions"}],"predecessor-version":[{"id":3594,"href":"https:\/\/wp.ufpel.edu.br\/engciv\/wp-json\/wp\/v2\/pages\/3579\/revisions\/3594"}],"up":[{"embeddable":true,"href":"https:\/\/wp.ufpel.edu.br\/engciv\/wp-json\/wp\/v2\/pages\/50"}],"wp:attachment":[{"href":"https:\/\/wp.ufpel.edu.br\/engciv\/wp-json\/wp\/v2\/media?parent=3579"}],"curies":[{"name":"wp","href":"https:\/\/api.w.org\/{rel}","templated":true}]}}