{"id":2114,"date":"2016-04-10T11:22:12","date_gmt":"2016-04-10T14:22:12","guid":{"rendered":"https:\/\/wp.ufpel.edu.br\/engciv\/?page_id=2114"},"modified":"2021-09-29T16:04:22","modified_gmt":"2021-09-29T19:04:22","slug":"daec","status":"publish","type":"page","link":"https:\/\/wp.ufpel.edu.br\/engciv\/curso\/daec\/","title":{"rendered":"DAEC"},"content":{"rendered":"<p><strong>Construir<\/strong><\/p>\n<p>E-mail para contato:\u00a0<a href=\"mailto:daec.ufpel@gmail.com\" target=\"_blank\" rel=\"noopener noreferrer\"><span class=\"il\">daec.ufpel@gmail.com<\/span><\/a><\/p>\n<p>Presidente:\u00a0L\u00f3ren Ferreira da Cruz<\/p>\n<p>Vice-Presidente: Paula Dias de Paula<\/p>\n<p>1\u00ba Tesoureiro: Victor Hugo Santos de Oliveira<\/p>\n<p>2\u00ba Tesoureiro: Jo\u00e3o Pedro Ornos da Silva<\/p>\n<p>Secret\u00e1ria: Karen Trein<\/p>\n<p>Vice-Secret\u00e1rio: Mayara Martins Spielmann da Silva<\/p>\n<p>Representa\u00e7\u00e3o Discente no Colegiado (1 titular e 1 suplente): L\u00f3ren Ferreira da Cruz(titular) e Paula dias de Paula\u00a0(suplente)<\/p>\n<p>Coordenadoria de Eventos: Rudicler Pereira Ramos e Larsson Fernandes dos Santos<\/p>\n<p>Coordenadoria de Pol\u00edtica Estudantil: Victor Hugo Santos de Oliveira e L\u00f3ren Ferreira da Cruz<\/p>\n","protected":false},"excerpt":{"rendered":"<p>Construir E-mail para contato:\u00a0daec.ufpel@gmail.com Presidente:\u00a0L\u00f3ren Ferreira da Cruz Vice-Presidente: Paula Dias de Paula 1\u00ba Tesoureiro: Victor Hugo Santos de Oliveira 2\u00ba Tesoureiro: Jo\u00e3o Pedro Ornos da Silva Secret\u00e1ria: Karen Trein Vice-Secret\u00e1rio: Mayara Martins Spielmann da Silva Representa\u00e7\u00e3o Discente no Colegiado (1 titular e 1 suplente): L\u00f3ren Ferreira da Cruz(titular) e Paula dias de Paula\u00a0(suplente) Coordenadoria [&hellip;]<\/p>\n","protected":false},"author":238,"featured_media":0,"parent":50,"menu_order":0,"comment_status":"closed","ping_status":"closed","template":"","meta":{"jetpack_post_was_ever_published":false,"footnotes":""},"class_list":["post-2114","page","type-page","status-publish","hentry"],"jetpack_sharing_enabled":true,"_links":{"self":[{"href":"https:\/\/wp.ufpel.edu.br\/engciv\/wp-json\/wp\/v2\/pages\/2114","targetHints":{"allow":["GET"]}}],"collection":[{"href":"https:\/\/wp.ufpel.edu.br\/engciv\/wp-json\/wp\/v2\/pages"}],"about":[{"href":"https:\/\/wp.ufpel.edu.br\/engciv\/wp-json\/wp\/v2\/types\/page"}],"author":[{"embeddable":true,"href":"https:\/\/wp.ufpel.edu.br\/engciv\/wp-json\/wp\/v2\/users\/238"}],"replies":[{"embeddable":true,"href":"https:\/\/wp.ufpel.edu.br\/engciv\/wp-json\/wp\/v2\/comments?post=2114"}],"version-history":[{"count":12,"href":"https:\/\/wp.ufpel.edu.br\/engciv\/wp-json\/wp\/v2\/pages\/2114\/revisions"}],"predecessor-version":[{"id":3922,"href":"https:\/\/wp.ufpel.edu.br\/engciv\/wp-json\/wp\/v2\/pages\/2114\/revisions\/3922"}],"up":[{"embeddable":true,"href":"https:\/\/wp.ufpel.edu.br\/engciv\/wp-json\/wp\/v2\/pages\/50"}],"wp:attachment":[{"href":"https:\/\/wp.ufpel.edu.br\/engciv\/wp-json\/wp\/v2\/media?parent=2114"}],"curies":[{"name":"wp","href":"https:\/\/api.w.org\/{rel}","templated":true}]}}