{"id":1529,"date":"2015-04-19T10:20:03","date_gmt":"2015-04-19T13:20:03","guid":{"rendered":"https:\/\/wp.ufpel.edu.br\/engciv\/?page_id=1529"},"modified":"2019-08-23T11:18:10","modified_gmt":"2019-08-23T14:18:10","slug":"nucleo-de-estudos-em-materiais-compositos","status":"publish","type":"page","link":"https:\/\/wp.ufpel.edu.br\/engciv\/laboratorios\/nucleo-de-estudos-em-materiais-compositos\/","title":{"rendered":"Laborat\u00f3rio de Materiais e T\u00e9cnicas Construtivas"},"content":{"rendered":"<p><strong>Unidade:<\/strong>\u00a0Centro de Engenharias<br \/>\n<strong>Curso:<\/strong>\u00a0Engenharia Civil<br \/>\n<strong>Website:<\/strong>\u00a0<a href=\"https:\/\/wp.ufpel.edu.br\/nemc\/\">https:\/\/wp.ufpel.edu.br\/nemc\/<\/a><br \/>\n<strong>C\u00f3digo NULAB:\u00a090187<\/strong><\/p>\n<p><strong>Descri\u00e7\u00e3o<\/strong><\/p>\n<p>O Laborat\u00f3rio de Materiais e T\u00e9cnicas Construtivas \u2013 LabMaT, atrav\u00e9s do N\u00facleo de Estudos de Materiais Comp\u00f3sitos \u2013 NEMC,\u00a0est\u00e1 <strong>apto a realizar diversos tipos de ensaios em materiais de constru\u00e7\u00e3o, al\u00e9m de dosagens e controle tecnol\u00f3gico de concreto<\/strong>. Contamos com uma equipe t\u00e9cnica qualificada com professores doutores, com larga experi\u00eancia na condu\u00e7\u00e3o de ensaios laboratoriais em em obras.<\/p>\n<p>Atualmente o laborat\u00f3rio conta com tr\u00eas espa\u00e7os principais: sala de prensas, \u00e1rea de concretagem e \u00e1rea de ensaios.<\/p>\n<p>&#8211; A sala de prensas possui duas prensas de compress\u00e3o, com capacidades de 100t e 1000t, com condi\u00e7\u00f5es adequadas para atender a 10 alunos.<\/p>\n<p>&#8211; \u00c1rea de concretagem: possui \u00e1rea isolada para realiza\u00e7\u00e3o de concretagens, com duas betoneiras de eixo horizontal.<\/p>\n<p>&#8211; \u00c1rea de ensaios: \u00e1rea com bancadas que atendem \u00e0s\u00a0 demandas de turmas de no m\u00e1ximo 20 alunos, equipada com argamassadeira, estufa, 2 balan\u00e7as de capacidade 50kg, 2 balan\u00e7as de capacidade 10kg, dois kits de peneiras, bandejas.<\/p>\n<p><strong>Localiza\u00e7\u00e3o<\/strong><\/p>\n<p><strong>Centro de Engenharias &#8211; Pr\u00e9dio Cotada<\/strong><\/p>\n<p><em>Rua Benjamin Constant, 989 &#8211; Sala 111<\/em><\/p>\n<p><em>CEP 96010-020 &#8211; Pelotas &#8211; RS &#8211; Brasil\u00a0<\/em><\/p>\n<p><strong>Contato<\/strong><br \/>\n<strong>Nome:<\/strong>\u00a0\u00c2ngela Azevedo de Azevedo<br \/>\n<strong>E-mail:<\/strong>\u00a0<a href=\"mailto:azevedoufpel@gmail.com\">azevedoufpel@gmail.com<\/a><\/p>\n<p><strong>Nome:<\/strong> Guilherme H\u00f6ehr Trindade<br \/>\n<strong>E-mail:<\/strong>\u00a0<a href=\"guilherme.hoehr@ufpel.edu.br\">guilherme.hoehr@ufpel.edu.br<\/a><\/p>\n<p><strong>Equipamentos<\/strong><\/p>\n<p>&#8211; 02 Prensas de compress\u00e3o com capacidades de 100t e 1000t<\/p>\n<p>&#8211; 03 betoneiras de eixo horizontal<\/p>\n<p>&#8211; 01 argamassadeira<\/p>\n<p>&#8211; 01 estufa<\/p>\n<p>&#8211; 02 balan\u00e7as de capacidade 50kg<\/p>\n<p>&#8211; 02 balan\u00e7as de capacidade 10kg<\/p>\n<p>&#8211; 02 kits de peneiras, 2 kits de bandejas<\/p>\n<p>&#8211; 01 moinho de bolas<\/p>\n<p>&#8211; 01 tambor \u00b4Los Angeles`<\/p>\n<p>&#8211; 01 sistema de aquisi\u00e7\u00e3o de dados HBM Spider<\/p>\n<p>&#8211; 01 conjunto para Speed Test<\/p>\n<p><a href=\"https:\/\/wp.ufpel.edu.br\/engciv\/files\/2015\/04\/Imagem1.jpg\"><img class=\"alignnone size-thumbnail wp-image-2342\" src=\"https:\/\/wp.ufpel.edu.br\/engciv\/files\/2015\/04\/Imagem1-212x109.jpg\" alt=\"Imagem1\" width=\"212\" height=\"109\" srcset=\"https:\/\/wp.ufpel.edu.br\/engciv\/files\/2015\/04\/Imagem1-212x109.jpg 212w, https:\/\/wp.ufpel.edu.br\/engciv\/files\/2015\/04\/Imagem1-424x219.jpg 424w, https:\/\/wp.ufpel.edu.br\/engciv\/files\/2015\/04\/Imagem1.jpg 640w\" sizes=\"(max-width: 212px) 100vw, 212px\" \/><\/a> <a href=\"https:\/\/wp.ufpel.edu.br\/engciv\/files\/2015\/04\/Imagem2.jpg\"><img class=\"alignnone size-thumbnail wp-image-2343\" src=\"https:\/\/wp.ufpel.edu.br\/engciv\/files\/2015\/04\/Imagem2-185x159.jpg\" alt=\"Imagem2\" width=\"185\" height=\"159\" srcset=\"https:\/\/wp.ufpel.edu.br\/engciv\/files\/2015\/04\/Imagem2-185x159.jpg 185w, https:\/\/wp.ufpel.edu.br\/engciv\/files\/2015\/04\/Imagem2-371x318.jpg 371w, https:\/\/wp.ufpel.edu.br\/engciv\/files\/2015\/04\/Imagem2.jpg 400w\" sizes=\"(max-width: 185px) 100vw, 185px\" \/><\/a> <a href=\"https:\/\/wp.ufpel.edu.br\/engciv\/files\/2015\/04\/Imagem3.jpg\"><img class=\"alignnone size-thumbnail wp-image-2344\" src=\"https:\/\/wp.ufpel.edu.br\/engciv\/files\/2015\/04\/Imagem3-212x159.jpg\" alt=\"Imagem3\" width=\"212\" height=\"159\" srcset=\"https:\/\/wp.ufpel.edu.br\/engciv\/files\/2015\/04\/Imagem3-212x159.jpg 212w, https:\/\/wp.ufpel.edu.br\/engciv\/files\/2015\/04\/Imagem3-424x318.jpg 424w, https:\/\/wp.ufpel.edu.br\/engciv\/files\/2015\/04\/Imagem3.jpg 456w\" sizes=\"(max-width: 212px) 100vw, 212px\" \/><\/a> <a href=\"https:\/\/wp.ufpel.edu.br\/engciv\/files\/2015\/04\/Imagem4.jpg\"><img class=\"alignnone size-thumbnail wp-image-2345\" src=\"https:\/\/wp.ufpel.edu.br\/engciv\/files\/2015\/04\/Imagem4-212x141.jpg\" alt=\"Imagem4\" width=\"212\" height=\"141\" srcset=\"https:\/\/wp.ufpel.edu.br\/engciv\/files\/2015\/04\/Imagem4-212x141.jpg 212w, https:\/\/wp.ufpel.edu.br\/engciv\/files\/2015\/04\/Imagem4-424x283.jpg 424w, https:\/\/wp.ufpel.edu.br\/engciv\/files\/2015\/04\/Imagem4.jpg 549w\" sizes=\"(max-width: 212px) 100vw, 212px\" \/><\/a> <a href=\"https:\/\/wp.ufpel.edu.br\/engciv\/files\/2015\/04\/Imagem5.jpg\"><img class=\"alignnone size-thumbnail wp-image-2346\" src=\"https:\/\/wp.ufpel.edu.br\/engciv\/files\/2015\/04\/Imagem5-212x127.jpg\" alt=\"Imagem5\" width=\"212\" height=\"127\" srcset=\"https:\/\/wp.ufpel.edu.br\/engciv\/files\/2015\/04\/Imagem5-212x127.jpg 212w, https:\/\/wp.ufpel.edu.br\/engciv\/files\/2015\/04\/Imagem5-424x255.jpg 424w, https:\/\/wp.ufpel.edu.br\/engciv\/files\/2015\/04\/Imagem5.jpg 449w\" sizes=\"(max-width: 212px) 100vw, 212px\" \/><\/a> <a href=\"https:\/\/wp.ufpel.edu.br\/engciv\/files\/2015\/04\/Imagem6.jpg\"><img class=\"alignnone size-thumbnail wp-image-2347\" src=\"https:\/\/wp.ufpel.edu.br\/engciv\/files\/2015\/04\/Imagem6-210x159.jpg\" alt=\"Imagem6\" width=\"210\" height=\"159\" srcset=\"https:\/\/wp.ufpel.edu.br\/engciv\/files\/2015\/04\/Imagem6-210x159.jpg 210w, https:\/\/wp.ufpel.edu.br\/engciv\/files\/2015\/04\/Imagem6.jpg 281w\" sizes=\"(max-width: 210px) 100vw, 210px\" \/><\/a> <a href=\"https:\/\/wp.ufpel.edu.br\/engciv\/files\/2015\/04\/Imagem7.jpg\"><img class=\"alignnone size-thumbnail wp-image-2348\" src=\"https:\/\/wp.ufpel.edu.br\/engciv\/files\/2015\/04\/Imagem7-212x85.jpg\" alt=\"Imagem7\" width=\"212\" height=\"85\" srcset=\"https:\/\/wp.ufpel.edu.br\/engciv\/files\/2015\/04\/Imagem7-212x85.jpg 212w, https:\/\/wp.ufpel.edu.br\/engciv\/files\/2015\/04\/Imagem7.jpg 351w\" sizes=\"(max-width: 212px) 100vw, 212px\" \/><\/a> <a href=\"https:\/\/wp.ufpel.edu.br\/engciv\/files\/2015\/04\/Imagem8.jpg\"><img class=\"alignnone size-thumbnail wp-image-2349\" src=\"https:\/\/wp.ufpel.edu.br\/engciv\/files\/2015\/04\/Imagem8-212x117.jpg\" alt=\"Imagem8\" width=\"212\" height=\"117\" srcset=\"https:\/\/wp.ufpel.edu.br\/engciv\/files\/2015\/04\/Imagem8-212x117.jpg 212w, https:\/\/wp.ufpel.edu.br\/engciv\/files\/2015\/04\/Imagem8-424x234.jpg 424w, https:\/\/wp.ufpel.edu.br\/engciv\/files\/2015\/04\/Imagem8.jpg 498w\" sizes=\"(max-width: 212px) 100vw, 212px\" \/><\/a> <a href=\"https:\/\/wp.ufpel.edu.br\/engciv\/files\/2015\/04\/Imagem9.jpg\"><img class=\"alignnone size-thumbnail wp-image-2350\" src=\"https:\/\/wp.ufpel.edu.br\/engciv\/files\/2015\/04\/Imagem9-212x84.jpg\" alt=\"Imagem9\" width=\"212\" height=\"84\" srcset=\"https:\/\/wp.ufpel.edu.br\/engciv\/files\/2015\/04\/Imagem9-212x84.jpg 212w, https:\/\/wp.ufpel.edu.br\/engciv\/files\/2015\/04\/Imagem9.jpg 329w\" sizes=\"(max-width: 212px) 100vw, 212px\" \/><\/a><\/p>\n<p>&nbsp;<\/p>\n<p><a href=\"https:\/\/wp.ufpel.edu.br\/engciv\/files\/2019\/08\/SEI_UFPel-0641266-Portaria-Interna.pdf\">SEI_UFPel &#8211; 0641266 &#8211; Portaria Interna<\/a><\/p>\n<p>&nbsp;<\/p>\n","protected":false},"excerpt":{"rendered":"<p>Unidade:\u00a0Centro de Engenharias Curso:\u00a0Engenharia Civil Website:\u00a0https:\/\/wp.ufpel.edu.br\/nemc\/ C\u00f3digo NULAB:\u00a090187 Descri\u00e7\u00e3o O Laborat\u00f3rio de Materiais e T\u00e9cnicas Construtivas \u2013 LabMaT, atrav\u00e9s do N\u00facleo de Estudos de Materiais Comp\u00f3sitos \u2013 NEMC,\u00a0est\u00e1 apto a realizar diversos tipos de ensaios em materiais de constru\u00e7\u00e3o, al\u00e9m de dosagens e controle tecnol\u00f3gico de concreto. Contamos com uma equipe t\u00e9cnica qualificada com professores [&hellip;]<\/p>\n","protected":false},"author":238,"featured_media":0,"parent":836,"menu_order":0,"comment_status":"closed","ping_status":"closed","template":"","meta":{"jetpack_post_was_ever_published":false,"footnotes":""},"class_list":["post-1529","page","type-page","status-publish","hentry"],"jetpack_sharing_enabled":true,"_links":{"self":[{"href":"https:\/\/wp.ufpel.edu.br\/engciv\/wp-json\/wp\/v2\/pages\/1529","targetHints":{"allow":["GET"]}}],"collection":[{"href":"https:\/\/wp.ufpel.edu.br\/engciv\/wp-json\/wp\/v2\/pages"}],"about":[{"href":"https:\/\/wp.ufpel.edu.br\/engciv\/wp-json\/wp\/v2\/types\/page"}],"author":[{"embeddable":true,"href":"https:\/\/wp.ufpel.edu.br\/engciv\/wp-json\/wp\/v2\/users\/238"}],"replies":[{"embeddable":true,"href":"https:\/\/wp.ufpel.edu.br\/engciv\/wp-json\/wp\/v2\/comments?post=1529"}],"version-history":[{"count":11,"href":"https:\/\/wp.ufpel.edu.br\/engciv\/wp-json\/wp\/v2\/pages\/1529\/revisions"}],"predecessor-version":[{"id":3449,"href":"https:\/\/wp.ufpel.edu.br\/engciv\/wp-json\/wp\/v2\/pages\/1529\/revisions\/3449"}],"up":[{"embeddable":true,"href":"https:\/\/wp.ufpel.edu.br\/engciv\/wp-json\/wp\/v2\/pages\/836"}],"wp:attachment":[{"href":"https:\/\/wp.ufpel.edu.br\/engciv\/wp-json\/wp\/v2\/media?parent=1529"}],"curies":[{"name":"wp","href":"https:\/\/api.w.org\/{rel}","templated":true}]}}