{"id":1398,"date":"2015-03-13T09:26:01","date_gmt":"2015-03-13T12:26:01","guid":{"rendered":"https:\/\/wp.ufpel.edu.br\/engciv\/?page_id=1398"},"modified":"2018-10-10T13:10:03","modified_gmt":"2018-10-10T16:10:03","slug":"documentos","status":"publish","type":"page","link":"https:\/\/wp.ufpel.edu.br\/engciv\/trabalho-de-graduacao\/documentos\/","title":{"rendered":"Documentos"},"content":{"rendered":"<p><strong>Arquivos importantes:<\/strong><\/p>\n<p><a href=\"https:\/\/wp.ufpel.edu.br\/engciv\/files\/2015\/03\/Formaliza\u00e7\u00e3o-da-orienta\u00e7\u00e3o.doc\">Formaliza\u00e7\u00e3o da orienta\u00e7\u00e3o<\/a><\/p>\n<p><a href=\"https:\/\/wp.ufpel.edu.br\/engciv\/files\/2015\/03\/Planilha-de-assessoramento-TGI-e-TGII.docx\">Planilha de assessoramento<\/a><\/p>\n<p><a href=\"https:\/\/wp.ufpel.edu.br\/engciv\/files\/2015\/03\/Diretrizes-para-as-disciplinas-de-Trabalho-de-Gradua\u00e7\u00e3o-I-e-II-do-Curso-de-Engenharia-Civil.pdf\">Diretrizes<\/a><\/p>\n<p><a href=\"https:\/\/wp.ufpel.edu.br\/engciv\/files\/2015\/03\/Orienta\u00e7\u00f5es-para-membros-de-bancas-de-Trabalho-de-Gradua\u00e7\u00e3o-do-Curso-de-Engenharia-Civil-da-UFPel.pdf\">Orienta\u00e7\u00f5es-para-membros-de-bancas<\/a><\/p>\n<p><a href=\"https:\/\/wp.ufpel.edu.br\/engciv\/files\/2015\/03\/NORMAS-DE-TRABALHO-DE-GRADUA\u00c7\u00c3O-2016.pdf\">Normas de Trabalho de Graduac\u00e3o<\/a><\/p>\n<p><a href=\"http:\/\/sisbi.ufpel.edu.br\/arquivos\/PDF\/Manual_Normas_UFPel_trabalhos_acad%C3%AAmicos.pdf\">Manual Normas UFPel &#8211; trabalhos acad\u00eamicos<\/a><\/p>\n<p>&nbsp;<\/p>\n<p>&nbsp;<\/p>\n<p><span class=\"Apple-style-span\">\u00a0<\/span><\/p>\n<p>&nbsp;<\/p>\n","protected":false},"excerpt":{"rendered":"<p>Arquivos importantes: Formaliza\u00e7\u00e3o da orienta\u00e7\u00e3o Planilha de assessoramento Diretrizes Orienta\u00e7\u00f5es-para-membros-de-bancas Normas de Trabalho de Graduac\u00e3o Manual Normas UFPel &#8211; trabalhos acad\u00eamicos &nbsp; &nbsp; \u00a0 &nbsp;<\/p>\n","protected":false},"author":238,"featured_media":0,"parent":135,"menu_order":1,"comment_status":"closed","ping_status":"closed","template":"","meta":{"jetpack_post_was_ever_published":false,"footnotes":""},"class_list":["post-1398","page","type-page","status-publish","hentry"],"jetpack_sharing_enabled":true,"_links":{"self":[{"href":"https:\/\/wp.ufpel.edu.br\/engciv\/wp-json\/wp\/v2\/pages\/1398","targetHints":{"allow":["GET"]}}],"collection":[{"href":"https:\/\/wp.ufpel.edu.br\/engciv\/wp-json\/wp\/v2\/pages"}],"about":[{"href":"https:\/\/wp.ufpel.edu.br\/engciv\/wp-json\/wp\/v2\/types\/page"}],"author":[{"embeddable":true,"href":"https:\/\/wp.ufpel.edu.br\/engciv\/wp-json\/wp\/v2\/users\/238"}],"replies":[{"embeddable":true,"href":"https:\/\/wp.ufpel.edu.br\/engciv\/wp-json\/wp\/v2\/comments?post=1398"}],"version-history":[{"count":17,"href":"https:\/\/wp.ufpel.edu.br\/engciv\/wp-json\/wp\/v2\/pages\/1398\/revisions"}],"predecessor-version":[{"id":3172,"href":"https:\/\/wp.ufpel.edu.br\/engciv\/wp-json\/wp\/v2\/pages\/1398\/revisions\/3172"}],"up":[{"embeddable":true,"href":"https:\/\/wp.ufpel.edu.br\/engciv\/wp-json\/wp\/v2\/pages\/135"}],"wp:attachment":[{"href":"https:\/\/wp.ufpel.edu.br\/engciv\/wp-json\/wp\/v2\/media?parent=1398"}],"curies":[{"name":"wp","href":"https:\/\/api.w.org\/{rel}","templated":true}]}}