{"id":1172,"date":"2014-12-09T08:57:59","date_gmt":"2014-12-09T10:57:59","guid":{"rendered":"https:\/\/wp.ufpel.edu.br\/engciv\/?page_id=1172"},"modified":"2014-12-09T09:29:43","modified_gmt":"2014-12-09T11:29:43","slug":"galeria-da-civil","status":"publish","type":"page","link":"https:\/\/wp.ufpel.edu.br\/engciv\/alunos\/galeria-da-civil\/","title":{"rendered":"Galeria da Civil!"},"content":{"rendered":"<p style=\"text-align: center\"><span style=\"font-family: 'book antiqua', palatino;font-size: 24pt\">Aten\u00e7\u00e3o pessoal!<\/span><\/p>\n<p style=\"text-align: center\"><span style=\"color: #ffffff\">.<\/span><br \/>\n<span style=\"font-family: 'book antiqua', palatino;font-size: 14pt\">O novo site da civil j\u00e1 tem um espa\u00e7o para colocarmos fotos de eventos, visitas t\u00e9cnicas e outros relacionados assuntos ao nosso curso!<\/span><\/p>\n<p><span style=\"color: #ffffff\">.<\/span><\/p>\n<p style=\"text-align: center\"><span style=\"font-family: 'book antiqua', palatino;font-size: 14pt\">Se algu\u00e9m tiver interesse e gostaria de postar na <span class=\"highlightNode\">galeria<\/span> de fotos \u00e9 f\u00e1cil, mande em anexo para: <\/span><\/p>\n<p style=\"text-align: center\"><span style=\"font-family: 'book antiqua', palatino;font-size: 14pt\">\u00a0<strong><span style=\"font-size: 24pt\">civilfotos@yahoo.com.br<\/span><\/strong><\/span><\/p>\n<p style=\"text-align: center\"><span style=\"color: #ffffff\">.<\/span><\/p>\n<p style=\"text-align: center\"><span class=\"Apple-style-span\" style=\"font-size: 18pt\">Para acessar a <span class=\"highlightNode\">galeria<\/span>, basta clicar nesse icone:<\/span><\/p>\n<p style=\"text-align: center\"><a title=\"Galeria da CIVIL\" href=\"https:\/\/www.flickr.com\/photos\/128673651@N07\/\" target=\"_blank\"><img class=\"aligncenter wp-image-1178\" src=\"https:\/\/wp.ufpel.edu.br\/engciv\/files\/2014\/12\/86kcXfZ-212x64.png\" alt=\"86kcXfZ\" width=\"116\" height=\"35\" srcset=\"https:\/\/wp.ufpel.edu.br\/engciv\/files\/2014\/12\/86kcXfZ-212x64.png 212w, https:\/\/wp.ufpel.edu.br\/engciv\/files\/2014\/12\/86kcXfZ-424x128.png 424w, https:\/\/wp.ufpel.edu.br\/engciv\/files\/2014\/12\/86kcXfZ.png 2000w\" sizes=\"(max-width: 116px) 100vw, 116px\" \/><\/a><\/p>\n<p style=\"text-align: center\"><span style=\"font-family: 'book antiqua', palatino;font-size: 14pt\">ou atrav\u00e9s da pag da civil, na barra direita <\/span><\/p>\n<p style=\"text-align: center\"><strong><span style=\"font-family: 'book antiqua', palatino;font-size: 14pt\">&#8220;Links Destacados&#8221;<\/span><\/strong><\/p>\n","protected":false},"excerpt":{"rendered":"<p>Aten\u00e7\u00e3o pessoal! . O novo site da civil j\u00e1 tem um espa\u00e7o para colocarmos fotos de eventos, visitas t\u00e9cnicas e outros relacionados assuntos ao nosso curso! . Se algu\u00e9m tiver interesse e gostaria de postar na galeria de fotos \u00e9 f\u00e1cil, mande em anexo para: \u00a0civilfotos@yahoo.com.br . Para acessar a galeria, basta clicar nesse icone: [&hellip;]<\/p>\n","protected":false},"author":434,"featured_media":0,"parent":62,"menu_order":8,"comment_status":"closed","ping_status":"closed","template":"","meta":{"jetpack_post_was_ever_published":false,"footnotes":""},"class_list":["post-1172","page","type-page","status-publish","hentry"],"jetpack_sharing_enabled":true,"_links":{"self":[{"href":"https:\/\/wp.ufpel.edu.br\/engciv\/wp-json\/wp\/v2\/pages\/1172","targetHints":{"allow":["GET"]}}],"collection":[{"href":"https:\/\/wp.ufpel.edu.br\/engciv\/wp-json\/wp\/v2\/pages"}],"about":[{"href":"https:\/\/wp.ufpel.edu.br\/engciv\/wp-json\/wp\/v2\/types\/page"}],"author":[{"embeddable":true,"href":"https:\/\/wp.ufpel.edu.br\/engciv\/wp-json\/wp\/v2\/users\/434"}],"replies":[{"embeddable":true,"href":"https:\/\/wp.ufpel.edu.br\/engciv\/wp-json\/wp\/v2\/comments?post=1172"}],"version-history":[{"count":6,"href":"https:\/\/wp.ufpel.edu.br\/engciv\/wp-json\/wp\/v2\/pages\/1172\/revisions"}],"predecessor-version":[{"id":1181,"href":"https:\/\/wp.ufpel.edu.br\/engciv\/wp-json\/wp\/v2\/pages\/1172\/revisions\/1181"}],"up":[{"embeddable":true,"href":"https:\/\/wp.ufpel.edu.br\/engciv\/wp-json\/wp\/v2\/pages\/62"}],"wp:attachment":[{"href":"https:\/\/wp.ufpel.edu.br\/engciv\/wp-json\/wp\/v2\/media?parent=1172"}],"curies":[{"name":"wp","href":"https:\/\/api.w.org\/{rel}","templated":true}]}}