{"id":107,"date":"2014-03-31T18:19:32","date_gmt":"2014-03-31T21:19:32","guid":{"rendered":"https:\/\/wp.ufpel.edu.br\/engciv\/?page_id=107"},"modified":"2019-10-07T11:48:30","modified_gmt":"2019-10-07T14:48:30","slug":"estagio-pro","status":"publish","type":"page","link":"https:\/\/wp.ufpel.edu.br\/engciv\/estagios\/estagio-pro\/","title":{"rendered":"Est\u00e1gio Profissionalizante"},"content":{"rendered":"<p><strong>Orienta\u00e7\u00f5es iniciais para alunos do est\u00e1gio:<\/strong><\/p>\n<ul>\n<li><a href=\"https:\/\/wp.ufpel.edu.br\/engciv\/files\/2018\/08\/ORIENTA\u00c7\u00d5ES-PARA-ALUNOS-2.docx\">Orienta\u00e7\u00f5es<\/a><\/li>\n<\/ul>\n<p><strong>Est\u00e1gio Curricular Profissionalizante:<\/strong><\/p>\n<ul>\n<li><a href=\"https:\/\/wp.ufpel.edu.br\/engciv\/files\/2018\/05\/Proposta-de-estagio-curricular-2.docx\">Proposta de est\u00e1gio<\/a>;<\/li>\n<li><a href=\"https:\/\/wp.ufpel.edu.br\/engciv\/files\/2018\/05\/Termo-de-compromisso-curricular-2.docx\">Termo de Compromisso<\/a>;<\/li>\n<li><a href=\"https:\/\/wp.ufpel.edu.br\/engciv\/files\/2018\/05\/Termo-de-realizacao-2.docx\">Termo de Realizac\u00e3o<\/a>.<\/li>\n<\/ul>\n<p>Os documentos acima est\u00e3o em novo formato de edi\u00e7\u00e3o. Qualquer d\u00favida ou problema, entre em contato com a Comiss\u00e3o de Est\u00e1gios!<\/p>\n<p><strong>Avalia\u00e7\u00e3o de Est\u00e1gio Curricular <strong>Profissionalizante<\/strong>:<\/strong><\/p>\n<ul>\n<li><a href=\"https:\/\/wp.ufpel.edu.br\/engciv\/files\/2014\/03\/ORIENTA\u00c7\u00d5ES-AVALIA\u00c7\u00c3O-EST\u00c1GIO-PROFISSIONALIZANTE.pdf\">Orienta\u00e7\u00f5es sobre avalia\u00e7\u00e3o<\/a>\u00a0NOVO! Atualizado em 28.08.16<\/li>\n<li><a href=\"https:\/\/wp.ufpel.edu.br\/engciv\/files\/2014\/03\/Avalia\u00e7\u00e3o-supervisor.docx\">Avalia\u00e7\u00e3o supervisor<\/a>;<\/li>\n<li><a href=\"https:\/\/wp.ufpel.edu.br\/engciv\/files\/2014\/03\/Avalia\u00e7\u00e3o-Parcial-Curricular.docx\">Avalia\u00e7\u00e3o parcial curricular<\/a>;<\/li>\n<\/ul>\n<p><strong>Comiss\u00e3o (comissaoestagioengcivil@gmail.com<\/strong>)<\/p>\n<p>-Prof Hebert Rosseto<\/p>\n<p>-Prof\u00aa Ingrid Belchior<\/p>\n<p>-Acad\u00eamica Camila Blaz<br \/>\n<span style=\"font-family: verdana, geneva\">\u00a0<\/span><\/p>\n","protected":false},"excerpt":{"rendered":"<p>Orienta\u00e7\u00f5es iniciais para alunos do est\u00e1gio: Orienta\u00e7\u00f5es Est\u00e1gio Curricular Profissionalizante: Proposta de est\u00e1gio; Termo de Compromisso; Termo de Realizac\u00e3o. Os documentos acima est\u00e3o em novo formato de edi\u00e7\u00e3o. Qualquer d\u00favida ou problema, entre em contato com a Comiss\u00e3o de Est\u00e1gios! Avalia\u00e7\u00e3o de Est\u00e1gio Curricular Profissionalizante: Orienta\u00e7\u00f5es sobre avalia\u00e7\u00e3o\u00a0NOVO! Atualizado em 28.08.16 Avalia\u00e7\u00e3o supervisor; Avalia\u00e7\u00e3o parcial [&hellip;]<\/p>\n","protected":false},"author":373,"featured_media":0,"parent":128,"menu_order":1,"comment_status":"closed","ping_status":"closed","template":"","meta":{"jetpack_post_was_ever_published":false,"footnotes":""},"class_list":["post-107","page","type-page","status-publish","hentry"],"jetpack_sharing_enabled":true,"_links":{"self":[{"href":"https:\/\/wp.ufpel.edu.br\/engciv\/wp-json\/wp\/v2\/pages\/107","targetHints":{"allow":["GET"]}}],"collection":[{"href":"https:\/\/wp.ufpel.edu.br\/engciv\/wp-json\/wp\/v2\/pages"}],"about":[{"href":"https:\/\/wp.ufpel.edu.br\/engciv\/wp-json\/wp\/v2\/types\/page"}],"author":[{"embeddable":true,"href":"https:\/\/wp.ufpel.edu.br\/engciv\/wp-json\/wp\/v2\/users\/373"}],"replies":[{"embeddable":true,"href":"https:\/\/wp.ufpel.edu.br\/engciv\/wp-json\/wp\/v2\/comments?post=107"}],"version-history":[{"count":31,"href":"https:\/\/wp.ufpel.edu.br\/engciv\/wp-json\/wp\/v2\/pages\/107\/revisions"}],"predecessor-version":[{"id":3498,"href":"https:\/\/wp.ufpel.edu.br\/engciv\/wp-json\/wp\/v2\/pages\/107\/revisions\/3498"}],"up":[{"embeddable":true,"href":"https:\/\/wp.ufpel.edu.br\/engciv\/wp-json\/wp\/v2\/pages\/128"}],"wp:attachment":[{"href":"https:\/\/wp.ufpel.edu.br\/engciv\/wp-json\/wp\/v2\/media?parent=107"}],"curies":[{"name":"wp","href":"https:\/\/api.w.org\/{rel}","templated":true}]}}