{"id":868,"date":"2025-08-19T15:50:24","date_gmt":"2025-08-19T18:50:24","guid":{"rendered":"https:\/\/wp.ufpel.edu.br\/encontrosnochoro\/?page_id=868"},"modified":"2025-08-21T11:17:13","modified_gmt":"2025-08-21T14:17:13","slug":"encontros-no-choro-2025","status":"publish","type":"page","link":"https:\/\/wp.ufpel.edu.br\/encontrosnochoro\/encontros-no-choro-2025\/","title":{"rendered":"Encontros no Choro 2025"},"content":{"rendered":"<p><strong>M\u00f3dulo V<\/strong><\/p>\n<p>Zero a Zero (Aloyn Soares)<\/p>\n<p>Arranjo: Rafael Velloso<\/p>\n<p><a href=\"https:\/\/drive.google.com\/drive\/folders\/1E0BEeTtbKWCLa0yIEDsJIyDJVWReP78c?usp=sharing\">Arranjo<\/a><\/p>\n<p><a href=\"https:\/\/drive.google.com\/file\/d\/1xHD6yr5AgAxqB-nN4OJGqqgkpYaDu6NC\/view?usp=drive_link\">Grava\u00e7\u00e3o completa<\/a><\/p>\n<p><a href=\"https:\/\/drive.google.com\/file\/d\/13_5P32WcaMdpvj_1Ru1TXR3TIrA1_FEh\/view?usp=drive_link\">Grava\u00e7\u00e3o Base (Play-along)<\/a><\/p>\n<p>&nbsp;<\/p>\n<p>Homenagem ao Clube do Choro de Pelotas (Paulinho Martins)<\/p>\n<p>Arranjo: Rafael Velloso<\/p>\n<p><a href=\"https:\/\/drive.google.com\/drive\/folders\/18PwDo5j_DAhXr8DWJnpfZaQ-ERW_SVwT?usp=drive_link\">Arranjo<\/a><\/p>\n<p><a href=\"https:\/\/drive.google.com\/file\/d\/1eIFdPws6qX3bri3p7d4KfYqg4B5wXxAg\/view?usp=drive_link\">Grava\u00e7\u00e3o completa<\/a><\/p>\n<p><a href=\"https:\/\/drive.google.com\/file\/d\/1eIFdPws6qX3bri3p7d4KfYqg4B5wXxAg\/view?usp=drive_link\">Grava\u00e7\u00e3o Base (Play-along)<\/a><\/p>\n<p>&nbsp;<\/p>\n<p>Nosso Choro (Rafael Velloso)<\/p>\n<p>Arranjo: Rafael Velloso<\/p>\n<p><a href=\"https:\/\/drive.google.com\/drive\/folders\/1MUimjOYkVwddWhjdW5ZEvExfpHeHy0er?usp=drive_link\">Arranjo<\/a><\/p>\n<p><a href=\"https:\/\/drive.google.com\/file\/d\/1diPGrC_fLSLpyq8IH1BajKZEIpTixaBk\/view?usp=drive_link\">Grava\u00e7\u00e3o completa<\/a><\/p>\n<p><a href=\"https:\/\/drive.google.com\/file\/d\/19JzPF5dPybo_TOok92maL6V43QnBQCYK\/view?usp=drive_link\">Grava\u00e7\u00e3o Base (Play-along)<\/a><\/p>\n<p>&nbsp;<\/p>\n<p>Rumba Leda (Possid\u00f4nio Tavares)<\/p>\n<p>Arranjo: Possid\u00f4nio Tavares<\/p>\n<p><a href=\"https:\/\/drive.google.com\/drive\/folders\/1WkYuBZLMhgYOrRlgAmOIE6QzQFi38txN?usp=drive_link\">Arranjo<\/a><\/p>\n<p><a href=\"https:\/\/drive.google.com\/file\/d\/1Zh1vfPgJfymYk7ricXtVc_BF9-x1Et7n\/view?usp=drive_link\">Grava\u00e7\u00e3o completa<\/a><\/p>\n<p><a href=\"https:\/\/drive.google.com\/open?id=17pUsOux0JFca_UBYuGRg5ACVqzoF-Q_n&amp;usp=drive_copy\">Grava\u00e7\u00e3o Base (Play-along)<\/a><\/p>\n<p>&nbsp;<\/p>\n<p><strong>M\u00f3dulo VI\u00a0<\/strong><\/p>\n<p>Pregui\u00e7oso (Avendano Jr.)<\/p>\n<p>Arranjo: Lucas Borba<\/p>\n<p><a href=\"https:\/\/drive.google.com\/drive\/folders\/19fSOpPxODFZgg6bu4aw39s2ABVpIDe03?usp=drive_link\">Arranjo<\/a><\/p>\n<p><a href=\"https:\/\/drive.google.com\/file\/d\/1h_H9AF1sPnyH5DVgo_Q_6er7VvaFRtyI\/view?usp=sharing\">Grava\u00e7\u00e3o completa<\/a><\/p>\n<p><a href=\"https:\/\/drive.google.com\/file\/d\/1gbWUYgBUAwjJdx-KhP8g1KPgJ1zw60Eo\/view?usp=drive_link\">Grava\u00e7\u00e3o Base (Play-along)<\/a><\/p>\n<p>&nbsp;<\/p>\n<p>Uma Noite Uruguai (Toinha)<\/p>\n<p>Arranjo: Paulo Lima<\/p>\n<p><a href=\"https:\/\/drive.google.com\/open?id=1e8bo9TQZxHDlrKjZ5V4vhofCvxlFHw4L&amp;usp=drive_copy\">Arranjo<\/a><\/p>\n<p><a href=\"https:\/\/drive.google.com\/file\/d\/13nEi2PEn1J5jEXmtwGe15rwRcuB8IOfD\/view?usp=drive_link\">Grava\u00e7\u00e3o completa<\/a><\/p>\n<p><a href=\"https:\/\/drive.google.com\/file\/d\/1gPl_JEPWwtuf9cDDCRJr5uaLUNP6ho0w\/view?usp=drive_link\">Grava\u00e7\u00e3o Base (Play-along)<\/a><\/p>\n<p>&nbsp;<\/p>\n<p>Deus Ajuda a Quem Cedo Madruga (Jorge Meleti)<\/p>\n<p>Arranjo: Rafael Velloso<\/p>\n<p><a href=\"https:\/\/drive.google.com\/drive\/folders\/1p7xryJPbR5_uYfXtEexWqlY4EFdu98Zh?usp=drive_link\">Arranjo<\/a><\/p>\n<p><a href=\"https:\/\/drive.google.com\/file\/d\/1muSJlNANlX0QnG1hZCpQIAKRce-JXerL\/view?usp=drive_link\">Grava\u00e7\u00e3o completa<\/a><\/p>\n<p><a href=\"https:\/\/drive.google.com\/file\/d\/1SMkr3I2kVPHzE6B1YBh_vk2qhpZnaJRQ\/view?usp=drive_link\">Grava\u00e7\u00e3o Base (Play-along)<\/a><\/p>\n","protected":false},"excerpt":{"rendered":"<p>M\u00f3dulo V Zero a Zero (Aloyn Soares) Arranjo: Rafael Velloso Arranjo Grava\u00e7\u00e3o completa Grava\u00e7\u00e3o Base (Play-along) &nbsp; Homenagem ao Clube do Choro de Pelotas (Paulinho Martins) Arranjo: Rafael Velloso Arranjo Grava\u00e7\u00e3o completa Grava\u00e7\u00e3o Base (Play-along) &nbsp; Nosso Choro (Rafael Velloso) Arranjo: Rafael Velloso Arranjo Grava\u00e7\u00e3o completa Grava\u00e7\u00e3o Base (Play-along) &nbsp; Rumba Leda (Possid\u00f4nio Tavares) Arranjo: &hellip; <\/p>\n<p class=\"link-more\"><a href=\"https:\/\/wp.ufpel.edu.br\/encontrosnochoro\/encontros-no-choro-2025\/\" class=\"more-link\">Continue lendo<span class=\"screen-reader-text\"> &#8220;Encontros no Choro 2025&#8221;<\/span><\/a><\/p>\n","protected":false},"author":1287,"featured_media":0,"parent":0,"menu_order":0,"comment_status":"closed","ping_status":"closed","template":"","meta":{"footnotes":""},"class_list":["post-868","page","type-page","status-publish","hentry"],"_links":{"self":[{"href":"https:\/\/wp.ufpel.edu.br\/encontrosnochoro\/wp-json\/wp\/v2\/pages\/868","targetHints":{"allow":["GET"]}}],"collection":[{"href":"https:\/\/wp.ufpel.edu.br\/encontrosnochoro\/wp-json\/wp\/v2\/pages"}],"about":[{"href":"https:\/\/wp.ufpel.edu.br\/encontrosnochoro\/wp-json\/wp\/v2\/types\/page"}],"author":[{"embeddable":true,"href":"https:\/\/wp.ufpel.edu.br\/encontrosnochoro\/wp-json\/wp\/v2\/users\/1287"}],"replies":[{"embeddable":true,"href":"https:\/\/wp.ufpel.edu.br\/encontrosnochoro\/wp-json\/wp\/v2\/comments?post=868"}],"version-history":[{"count":3,"href":"https:\/\/wp.ufpel.edu.br\/encontrosnochoro\/wp-json\/wp\/v2\/pages\/868\/revisions"}],"predecessor-version":[{"id":876,"href":"https:\/\/wp.ufpel.edu.br\/encontrosnochoro\/wp-json\/wp\/v2\/pages\/868\/revisions\/876"}],"wp:attachment":[{"href":"https:\/\/wp.ufpel.edu.br\/encontrosnochoro\/wp-json\/wp\/v2\/media?parent=868"}],"curies":[{"name":"wp","href":"https:\/\/api.w.org\/{rel}","templated":true}]}}