{"id":731,"date":"2024-02-08T12:19:07","date_gmt":"2024-02-08T15:19:07","guid":{"rendered":"https:\/\/wp.ufpel.edu.br\/encontrosnochoro\/?page_id=731"},"modified":"2024-03-19T20:48:51","modified_gmt":"2024-03-19T23:48:51","slug":"formulario","status":"publish","type":"page","link":"https:\/\/wp.ufpel.edu.br\/encontrosnochoro\/formulario\/","title":{"rendered":"Formul\u00e1rio de Inscri\u00e7\u00e3o para o IV M\u00f3dulo da Oficina"},"content":{"rendered":"<p><iframe loading=\"lazy\" src=\"https:\/\/docs.google.com\/forms\/d\/e\/1FAIpQLSf6Obh-fbsw1yGyVWmU3hSxov8vZgQvDaNABZ4z9E3IkNA8Ew\/viewform?embedded=true\" width=\"640\" height=\"2006\" frameborder=\"0\" marginwidth=\"0\" marginheight=\"0\">A carregar\u2026<\/iframe><\/p>\n","protected":false},"excerpt":{"rendered":"<p>A carregar\u2026<\/p>\n","protected":false},"author":1287,"featured_media":0,"parent":0,"menu_order":0,"comment_status":"closed","ping_status":"closed","template":"","meta":{"footnotes":""},"class_list":["post-731","page","type-page","status-publish","hentry"],"_links":{"self":[{"href":"https:\/\/wp.ufpel.edu.br\/encontrosnochoro\/wp-json\/wp\/v2\/pages\/731","targetHints":{"allow":["GET"]}}],"collection":[{"href":"https:\/\/wp.ufpel.edu.br\/encontrosnochoro\/wp-json\/wp\/v2\/pages"}],"about":[{"href":"https:\/\/wp.ufpel.edu.br\/encontrosnochoro\/wp-json\/wp\/v2\/types\/page"}],"author":[{"embeddable":true,"href":"https:\/\/wp.ufpel.edu.br\/encontrosnochoro\/wp-json\/wp\/v2\/users\/1287"}],"replies":[{"embeddable":true,"href":"https:\/\/wp.ufpel.edu.br\/encontrosnochoro\/wp-json\/wp\/v2\/comments?post=731"}],"version-history":[{"count":3,"href":"https:\/\/wp.ufpel.edu.br\/encontrosnochoro\/wp-json\/wp\/v2\/pages\/731\/revisions"}],"predecessor-version":[{"id":765,"href":"https:\/\/wp.ufpel.edu.br\/encontrosnochoro\/wp-json\/wp\/v2\/pages\/731\/revisions\/765"}],"wp:attachment":[{"href":"https:\/\/wp.ufpel.edu.br\/encontrosnochoro\/wp-json\/wp\/v2\/media?parent=731"}],"curies":[{"name":"wp","href":"https:\/\/api.w.org\/{rel}","templated":true}]}}