{"id":726,"date":"2024-02-08T12:18:37","date_gmt":"2024-02-08T15:18:37","guid":{"rendered":"https:\/\/wp.ufpel.edu.br\/encontrosnochoro\/?page_id=726"},"modified":"2024-02-08T12:18:37","modified_gmt":"2024-02-08T15:18:37","slug":"formulario-de-inscricao","status":"publish","type":"page","link":"https:\/\/wp.ufpel.edu.br\/encontrosnochoro\/formulario-de-inscricao\/","title":{"rendered":"Formul\u00e1rio de inscri\u00e7\u00e3o"},"content":{"rendered":"<p>&lt;iframe src=&#8221;https:\/\/docs.google.com\/forms\/d\/e\/1FAIpQLSf6Obh-fbsw1yGyVWmU3hSxov8vZgQvDaNABZ4z9E3IkNA8Ew\/viewform?embedded=true&#8221; width=&#8221;640&#8243; height=&#8221;2006&#8243; frameborder=&#8221;0&#8243; marginheight=&#8221;0&#8243; marginwidth=&#8221;0&#8243;&gt;A carregar\u2026&lt;\/iframe&gt;<\/p>\n","protected":false},"excerpt":{"rendered":"<p>&lt;iframe src=&#8221;https:\/\/docs.google.com\/forms\/d\/e\/1FAIpQLSf6Obh-fbsw1yGyVWmU3hSxov8vZgQvDaNABZ4z9E3IkNA8Ew\/viewform?embedded=true&#8221; width=&#8221;640&#8243; height=&#8221;2006&#8243; frameborder=&#8221;0&#8243; marginheight=&#8221;0&#8243; marginwidth=&#8221;0&#8243;&gt;A carregar\u2026&lt;\/iframe&gt;<\/p>\n","protected":false},"author":1287,"featured_media":0,"parent":0,"menu_order":0,"comment_status":"closed","ping_status":"closed","template":"","meta":{"footnotes":""},"class_list":["post-726","page","type-page","status-publish","hentry"],"_links":{"self":[{"href":"https:\/\/wp.ufpel.edu.br\/encontrosnochoro\/wp-json\/wp\/v2\/pages\/726","targetHints":{"allow":["GET"]}}],"collection":[{"href":"https:\/\/wp.ufpel.edu.br\/encontrosnochoro\/wp-json\/wp\/v2\/pages"}],"about":[{"href":"https:\/\/wp.ufpel.edu.br\/encontrosnochoro\/wp-json\/wp\/v2\/types\/page"}],"author":[{"embeddable":true,"href":"https:\/\/wp.ufpel.edu.br\/encontrosnochoro\/wp-json\/wp\/v2\/users\/1287"}],"replies":[{"embeddable":true,"href":"https:\/\/wp.ufpel.edu.br\/encontrosnochoro\/wp-json\/wp\/v2\/comments?post=726"}],"version-history":[{"count":1,"href":"https:\/\/wp.ufpel.edu.br\/encontrosnochoro\/wp-json\/wp\/v2\/pages\/726\/revisions"}],"predecessor-version":[{"id":728,"href":"https:\/\/wp.ufpel.edu.br\/encontrosnochoro\/wp-json\/wp\/v2\/pages\/726\/revisions\/728"}],"wp:attachment":[{"href":"https:\/\/wp.ufpel.edu.br\/encontrosnochoro\/wp-json\/wp\/v2\/media?parent=726"}],"curies":[{"name":"wp","href":"https:\/\/api.w.org\/{rel}","templated":true}]}}