{"id":672,"date":"2023-12-19T11:48:17","date_gmt":"2023-12-19T14:48:17","guid":{"rendered":"https:\/\/wp.ufpel.edu.br\/encontrosnochoro\/?page_id=672"},"modified":"2023-12-19T13:33:00","modified_gmt":"2023-12-19T16:33:00","slug":"nucleo-de-choro-da-ufpel","status":"publish","type":"page","link":"https:\/\/wp.ufpel.edu.br\/encontrosnochoro\/nucleo-de-choro-da-ufpel\/","title":{"rendered":"N\u00facleo de Choro da UFPEL"},"content":{"rendered":"<p>&nbsp;<\/p>\n<p style=\"text-align: center;\"><strong><span style=\"font-size: 24pt;\">N\u00facleo de Choro da UFPEL<\/span><\/strong><\/p>\n<p style=\"text-align: justify;\">O N\u00facleo de Choro da UFPel, um projeto de pesquisa art\u00edstica sobre o g\u00eanero musical no Sul do Brasil, faz parte de uma ampla iniciativa liderada pelo curso de M\u00fasica Popular, que envolve a\u00e7\u00f5es de ensino, pesquisa e extens\u00e3o. O n\u00facleo, composto por um grupo de dez alunos &#8211; todos pesquisadores de Inicia\u00e7\u00e3o Cient\u00edfica &#8211; acompanhados por um dos coordenadores, o professor Rafael Velloso, apresentou os resultados da pesquisa deste ano, cujo tema foi &#8220;Regionais do Sul: Repert\u00f3rios e forma\u00e7\u00f5es ao sul do Brasil&#8221;, dedicado ao repert\u00f3rio e forma\u00e7\u00f5es de Avendano J\u00fanior, Oct\u00e1vio Dutra, Plauto Cruz e ainda uma can\u00e7\u00e3o de Pixinguinha gravada na Argentina.<\/p>\n<p style=\"text-align: justify;\">Esse repert\u00f3rio tamb\u00e9m foi apresentado no XXXIII Encontro nacional da ANPPOM, no I SIEPES, no XI Encontro Nacional da Associa\u00e7\u00e3o Brasileira de Etnomusicologia e na abertura da Semana Integrada de Ensino, Pesquisa e Extens\u00e3o e Inova\u00e7\u00e3o da UFPel.<\/p>\n<div id='gallery-1' class='gallery galleryid-672 gallery-columns-3 gallery-size-thumbnail'><figure class='gallery-item'>\n\t\t\t<div class='gallery-icon landscape'>\n\t\t\t\t<a href='https:\/\/wp.ufpel.edu.br\/encontrosnochoro\/nucleo-de-choro-da-ufpel\/whatsapp-image-2023-11-14-at-19-49-27\/'><img loading=\"lazy\" decoding=\"async\" width=\"200\" height=\"200\" src=\"https:\/\/wp.ufpel.edu.br\/encontrosnochoro\/files\/2023\/12\/WhatsApp-Image-2023-11-14-at-19.49.27-200x200.jpeg\" class=\"attachment-thumbnail size-thumbnail\" alt=\"\" aria-describedby=\"gallery-1-677\" srcset=\"https:\/\/wp.ufpel.edu.br\/encontrosnochoro\/files\/2023\/12\/WhatsApp-Image-2023-11-14-at-19.49.27-200x200.jpeg 200w, https:\/\/wp.ufpel.edu.br\/encontrosnochoro\/files\/2023\/12\/WhatsApp-Image-2023-11-14-at-19.49.27-100x100.jpeg 100w\" sizes=\"auto, 100vw\" \/><\/a>\n\t\t\t<\/div>\n\t\t\t\t<figcaption class='wp-caption-text gallery-caption' id='gallery-1-677'>\n\t\t\t\tLucas Borba e Rafael Velloso no GT 10 GT 10- O Choro no Brasil: tr\u00e2nsitos, difus\u00e3o, pedagogias e diversidade na contemporaneidade XI ENABET\n\t\t\t\t<\/figcaption><\/figure><figure class='gallery-item'>\n\t\t\t<div class='gallery-icon landscape'>\n\t\t\t\t<a href='https:\/\/wp.ufpel.edu.br\/encontrosnochoro\/nucleo-de-choro-da-ufpel\/whatsapp-image-2023-11-03-at-17-22-23\/'><img loading=\"lazy\" decoding=\"async\" width=\"200\" height=\"200\" src=\"https:\/\/wp.ufpel.edu.br\/encontrosnochoro\/files\/2023\/12\/WhatsApp-Image-2023-11-03-at-17.22.23-200x200.jpeg\" class=\"attachment-thumbnail size-thumbnail\" alt=\"\" aria-describedby=\"gallery-1-674\" srcset=\"https:\/\/wp.ufpel.edu.br\/encontrosnochoro\/files\/2023\/12\/WhatsApp-Image-2023-11-03-at-17.22.23-200x200.jpeg 200w, https:\/\/wp.ufpel.edu.br\/encontrosnochoro\/files\/2023\/12\/WhatsApp-Image-2023-11-03-at-17.22.23-100x100.jpeg 100w\" sizes=\"auto, 100vw\" \/><\/a>\n\t\t\t<\/div>\n\t\t\t\t<figcaption class='wp-caption-text gallery-caption' id='gallery-1-674'>\n\t\t\t\tApresenta\u00e7\u00e3o do N\u00facleo de Choro da UFPEL na Abertura do SIEPES \n\t\t\t\t<\/figcaption><\/figure><figure class='gallery-item'>\n\t\t\t<div class='gallery-icon landscape'>\n\t\t\t\t<a href='https:\/\/wp.ufpel.edu.br\/encontrosnochoro\/nucleo-de-choro-da-ufpel\/whatsapp-image-2023-11-14-at-19-50-21\/'><img loading=\"lazy\" decoding=\"async\" width=\"200\" height=\"200\" src=\"https:\/\/wp.ufpel.edu.br\/encontrosnochoro\/files\/2023\/12\/WhatsApp-Image-2023-11-14-at-19.50.21-200x200.jpeg\" class=\"attachment-thumbnail size-thumbnail\" alt=\"\" aria-describedby=\"gallery-1-682\" srcset=\"https:\/\/wp.ufpel.edu.br\/encontrosnochoro\/files\/2023\/12\/WhatsApp-Image-2023-11-14-at-19.50.21-200x200.jpeg 200w, https:\/\/wp.ufpel.edu.br\/encontrosnochoro\/files\/2023\/12\/WhatsApp-Image-2023-11-14-at-19.50.21-100x100.jpeg 100w\" sizes=\"auto, 100vw\" \/><\/a>\n\t\t\t<\/div>\n\t\t\t\t<figcaption class='wp-caption-text gallery-caption' id='gallery-1-682'>\n\t\t\t\tN\u00facleo de Choro no XI Enabet UFRGS 2023\n\t\t\t\t<\/figcaption><\/figure><figure class='gallery-item'>\n\t\t\t<div class='gallery-icon landscape'>\n\t\t\t\t<a href='https:\/\/wp.ufpel.edu.br\/encontrosnochoro\/nucleo-de-choro-da-ufpel\/whatsapp-image-2023-11-14-at-19-50-22\/'><img loading=\"lazy\" decoding=\"async\" width=\"200\" height=\"200\" src=\"https:\/\/wp.ufpel.edu.br\/encontrosnochoro\/files\/2023\/12\/WhatsApp-Image-2023-11-14-at-19.50.22-200x200.jpeg\" class=\"attachment-thumbnail size-thumbnail\" alt=\"\" aria-describedby=\"gallery-1-683\" srcset=\"https:\/\/wp.ufpel.edu.br\/encontrosnochoro\/files\/2023\/12\/WhatsApp-Image-2023-11-14-at-19.50.22-200x200.jpeg 200w, https:\/\/wp.ufpel.edu.br\/encontrosnochoro\/files\/2023\/12\/WhatsApp-Image-2023-11-14-at-19.50.22-100x100.jpeg 100w\" sizes=\"auto, 100vw\" \/><\/a>\n\t\t\t<\/div>\n\t\t\t\t<figcaption class='wp-caption-text gallery-caption' id='gallery-1-683'>\n\t\t\t\tN\u00facleo de Choro no XI Enabet UFRGS 2023\n\t\t\t\t<\/figcaption><\/figure><figure class='gallery-item'>\n\t\t\t<div class='gallery-icon landscape'>\n\t\t\t\t<a href='https:\/\/wp.ufpel.edu.br\/encontrosnochoro\/nucleo-de-choro-da-ufpel\/whatsapp-image-2023-11-14-at-19-50-20-1\/'><img loading=\"lazy\" decoding=\"async\" width=\"200\" height=\"200\" src=\"https:\/\/wp.ufpel.edu.br\/encontrosnochoro\/files\/2023\/12\/WhatsApp-Image-2023-11-14-at-19.50.20-1-200x200.jpeg\" class=\"attachment-thumbnail size-thumbnail\" alt=\"\" aria-describedby=\"gallery-1-678\" srcset=\"https:\/\/wp.ufpel.edu.br\/encontrosnochoro\/files\/2023\/12\/WhatsApp-Image-2023-11-14-at-19.50.20-1-200x200.jpeg 200w, https:\/\/wp.ufpel.edu.br\/encontrosnochoro\/files\/2023\/12\/WhatsApp-Image-2023-11-14-at-19.50.20-1-100x100.jpeg 100w\" sizes=\"auto, 100vw\" \/><\/a>\n\t\t\t<\/div>\n\t\t\t\t<figcaption class='wp-caption-text gallery-caption' id='gallery-1-678'>\n\t\t\t\tN\u00fccleo de Choro da UFPEL no 2\u00b0 F\u00f3rum do Choro do RS\n\t\t\t\t<\/figcaption><\/figure><figure class='gallery-item'>\n\t\t\t<div class='gallery-icon landscape'>\n\t\t\t\t<a href='https:\/\/wp.ufpel.edu.br\/encontrosnochoro\/nucleo-de-choro-da-ufpel\/attachment\/1\/'><img loading=\"lazy\" decoding=\"async\" width=\"200\" height=\"200\" src=\"https:\/\/wp.ufpel.edu.br\/encontrosnochoro\/files\/2023\/12\/1-200x200.jpeg\" class=\"attachment-thumbnail size-thumbnail\" alt=\"\" aria-describedby=\"gallery-1-687\" srcset=\"https:\/\/wp.ufpel.edu.br\/encontrosnochoro\/files\/2023\/12\/1-200x200.jpeg 200w, https:\/\/wp.ufpel.edu.br\/encontrosnochoro\/files\/2023\/12\/1-100x100.jpeg 100w\" sizes=\"auto, 100vw\" \/><\/a>\n\t\t\t<\/div>\n\t\t\t\t<figcaption class='wp-caption-text gallery-caption' id='gallery-1-687'>\n\t\t\t\tN\u00facleo de Choro da UFPel na XXXIII \n\t\t\t\t<\/figcaption><\/figure><figure class='gallery-item'>\n\t\t\t<div class='gallery-icon landscape'>\n\t\t\t\t<a href='https:\/\/wp.ufpel.edu.br\/encontrosnochoro\/nucleo-de-choro-da-ufpel\/whatsapp-image-2023-11-14-at-19-50-21-2\/'><img loading=\"lazy\" decoding=\"async\" width=\"200\" height=\"200\" src=\"https:\/\/wp.ufpel.edu.br\/encontrosnochoro\/files\/2023\/12\/WhatsApp-Image-2023-11-14-at-19.50.21-2-200x200.jpeg\" class=\"attachment-thumbnail size-thumbnail\" alt=\"\" aria-describedby=\"gallery-1-680\" srcset=\"https:\/\/wp.ufpel.edu.br\/encontrosnochoro\/files\/2023\/12\/WhatsApp-Image-2023-11-14-at-19.50.21-2-200x200.jpeg 200w, https:\/\/wp.ufpel.edu.br\/encontrosnochoro\/files\/2023\/12\/WhatsApp-Image-2023-11-14-at-19.50.21-2-100x100.jpeg 100w\" sizes=\"auto, 100vw\" \/><\/a>\n\t\t\t<\/div>\n\t\t\t\t<figcaption class='wp-caption-text gallery-caption' id='gallery-1-680'>\n\t\t\t\tN\u00facleo de Cinema da UFPEL no F\u00f3rum do Choro do RS\n\t\t\t\t<\/figcaption><\/figure><figure class='gallery-item'>\n\t\t\t<div class='gallery-icon landscape'>\n\t\t\t\t<a href='https:\/\/wp.ufpel.edu.br\/encontrosnochoro\/nucleo-de-choro-da-ufpel\/whatsapp-image-2023-11-14-at-19-50-21-1\/'><img loading=\"lazy\" decoding=\"async\" width=\"200\" height=\"200\" src=\"https:\/\/wp.ufpel.edu.br\/encontrosnochoro\/files\/2023\/12\/WhatsApp-Image-2023-11-14-at-19.50.21-1-200x200.jpeg\" class=\"attachment-thumbnail size-thumbnail\" alt=\"\" aria-describedby=\"gallery-1-681\" srcset=\"https:\/\/wp.ufpel.edu.br\/encontrosnochoro\/files\/2023\/12\/WhatsApp-Image-2023-11-14-at-19.50.21-1-200x200.jpeg 200w, https:\/\/wp.ufpel.edu.br\/encontrosnochoro\/files\/2023\/12\/WhatsApp-Image-2023-11-14-at-19.50.21-1-100x100.jpeg 100w\" sizes=\"auto, 100vw\" \/><\/a>\n\t\t\t<\/div>\n\t\t\t\t<figcaption class='wp-caption-text gallery-caption' id='gallery-1-681'>\n\t\t\t\tEverton Maciel no XI Enabet UFRGS 2023\n\t\t\t\t<\/figcaption><\/figure><figure class='gallery-item'>\n\t\t\t<div class='gallery-icon landscape'>\n\t\t\t\t<a href='https:\/\/wp.ufpel.edu.br\/encontrosnochoro\/nucleo-de-choro-da-ufpel\/whatsapp-image-2023-11-17-at-18-55-29\/'><img loading=\"lazy\" decoding=\"async\" width=\"200\" height=\"200\" src=\"https:\/\/wp.ufpel.edu.br\/encontrosnochoro\/files\/2023\/12\/WhatsApp-Image-2023-11-17-at-18.55.29-200x200.jpeg\" class=\"attachment-thumbnail size-thumbnail\" alt=\"\" aria-describedby=\"gallery-1-685\" srcset=\"https:\/\/wp.ufpel.edu.br\/encontrosnochoro\/files\/2023\/12\/WhatsApp-Image-2023-11-17-at-18.55.29-200x200.jpeg 200w, https:\/\/wp.ufpel.edu.br\/encontrosnochoro\/files\/2023\/12\/WhatsApp-Image-2023-11-17-at-18.55.29-400x400.jpeg 400w, https:\/\/wp.ufpel.edu.br\/encontrosnochoro\/files\/2023\/12\/WhatsApp-Image-2023-11-17-at-18.55.29-1024x1024.jpeg 1024w, https:\/\/wp.ufpel.edu.br\/encontrosnochoro\/files\/2023\/12\/WhatsApp-Image-2023-11-17-at-18.55.29-768x768.jpeg 768w, https:\/\/wp.ufpel.edu.br\/encontrosnochoro\/files\/2023\/12\/WhatsApp-Image-2023-11-17-at-18.55.29-1536x1536.jpeg 1536w, https:\/\/wp.ufpel.edu.br\/encontrosnochoro\/files\/2023\/12\/WhatsApp-Image-2023-11-17-at-18.55.29-100x100.jpeg 100w, https:\/\/wp.ufpel.edu.br\/encontrosnochoro\/files\/2023\/12\/WhatsApp-Image-2023-11-17-at-18.55.29.jpeg 1600w\" sizes=\"auto, 100vw\" \/><\/a>\n\t\t\t<\/div>\n\t\t\t\t<figcaption class='wp-caption-text gallery-caption' id='gallery-1-685'>\n\t\t\t\tN\u00facleo de Choro da UFPEL na Abertura do XXXIII SIIEPE UFPEL 2023\n\t\t\t\t<\/figcaption><\/figure><figure class='gallery-item'>\n\t\t\t<div class='gallery-icon landscape'>\n\t\t\t\t<a href='https:\/\/wp.ufpel.edu.br\/encontrosnochoro\/nucleo-de-choro-da-ufpel\/whatsapp-image-2023-11-14-at-08-01-21\/'><img loading=\"lazy\" decoding=\"async\" width=\"200\" height=\"200\" src=\"https:\/\/wp.ufpel.edu.br\/encontrosnochoro\/files\/2023\/12\/WhatsApp-Image-2023-11-14-at-08.01.21-200x200.jpeg\" class=\"attachment-thumbnail size-thumbnail\" alt=\"\" aria-describedby=\"gallery-1-676\" srcset=\"https:\/\/wp.ufpel.edu.br\/encontrosnochoro\/files\/2023\/12\/WhatsApp-Image-2023-11-14-at-08.01.21-200x200.jpeg 200w, https:\/\/wp.ufpel.edu.br\/encontrosnochoro\/files\/2023\/12\/WhatsApp-Image-2023-11-14-at-08.01.21-100x100.jpeg 100w\" sizes=\"auto, 100vw\" \/><\/a>\n\t\t\t<\/div>\n\t\t\t\t<figcaption class='wp-caption-text gallery-caption' id='gallery-1-676'>\n\t\t\t\tN\u00facleo de Choro da UFPEL\n\t\t\t\t<\/figcaption><\/figure><figure class='gallery-item'>\n\t\t\t<div class='gallery-icon landscape'>\n\t\t\t\t<a href='https:\/\/wp.ufpel.edu.br\/encontrosnochoro\/nucleo-de-choro-da-ufpel\/whatsapp-image-2023-11-14-at-19-50-20\/'><img loading=\"lazy\" decoding=\"async\" width=\"200\" height=\"200\" src=\"https:\/\/wp.ufpel.edu.br\/encontrosnochoro\/files\/2023\/12\/WhatsApp-Image-2023-11-14-at-19.50.20-200x200.jpeg\" class=\"attachment-thumbnail size-thumbnail\" alt=\"\" aria-describedby=\"gallery-1-679\" srcset=\"https:\/\/wp.ufpel.edu.br\/encontrosnochoro\/files\/2023\/12\/WhatsApp-Image-2023-11-14-at-19.50.20-200x200.jpeg 200w, https:\/\/wp.ufpel.edu.br\/encontrosnochoro\/files\/2023\/12\/WhatsApp-Image-2023-11-14-at-19.50.20-100x100.jpeg 100w\" sizes=\"auto, 100vw\" \/><\/a>\n\t\t\t<\/div>\n\t\t\t\t<figcaption class='wp-caption-text gallery-caption' id='gallery-1-679'>\n\t\t\t\tRafael Velloso, Luis Machado, Mathias Pinto, Arthur de Faria e Alcide Lopes (UFPE) no 2\u00b0 F\u00f3rum do Choro do RS (XI Enabet)\n\t\t\t\t<\/figcaption><\/figure><figure class='gallery-item'>\n\t\t\t<div class='gallery-icon landscape'>\n\t\t\t\t<a href='https:\/\/wp.ufpel.edu.br\/encontrosnochoro\/nucleo-de-choro-da-ufpel\/whatsapp-image-2023-11-14-at-22-03-33\/'><img loading=\"lazy\" decoding=\"async\" width=\"200\" height=\"200\" src=\"https:\/\/wp.ufpel.edu.br\/encontrosnochoro\/files\/2023\/12\/WhatsApp-Image-2023-11-14-at-22.03.33-200x200.jpeg\" class=\"attachment-thumbnail size-thumbnail\" alt=\"\" aria-describedby=\"gallery-1-684\" srcset=\"https:\/\/wp.ufpel.edu.br\/encontrosnochoro\/files\/2023\/12\/WhatsApp-Image-2023-11-14-at-22.03.33-200x200.jpeg 200w, https:\/\/wp.ufpel.edu.br\/encontrosnochoro\/files\/2023\/12\/WhatsApp-Image-2023-11-14-at-22.03.33-100x100.jpeg 100w\" sizes=\"auto, 100vw\" \/><\/a>\n\t\t\t<\/div>\n\t\t\t\t<figcaption class='wp-caption-text gallery-caption' id='gallery-1-684'>\n\t\t\t\tXI Enabet UFRGS 2023\n\t\t\t\t<\/figcaption><\/figure>\n\t\t<\/div>\n\n<p style=\"text-align: justify;\">Em 2022, o N\u00facleo apresentou o projeto de Performance Art\u00edstica Acervo Oct\u00e1vio Dutra, contando com a participa\u00e7\u00e3o dos bolsistas Gustavo Mustaf\u00e9 e do Professor Raul d&#8217;Avila. <em>(ver a performance no link abaixo)<\/em><\/p>\n<p><iframe loading=\"lazy\" title=\"XXXII Congresso da Anppom - Comunica\u00e7\u00f5es Performance - 19\/10 | 8h30\" width=\"525\" height=\"295\" src=\"https:\/\/www.youtube.com\/embed\/KDDr1bnEvtY?feature=oembed\" frameborder=\"0\" allow=\"accelerometer; autoplay; clipboard-write; encrypted-media; gyroscope; picture-in-picture; web-share\" referrerpolicy=\"strict-origin-when-cross-origin\" allowfullscreen><\/iframe><\/p>\n<p>&nbsp;<\/p>\n<p style=\"text-align: justify;\">O N\u00facleo de Choro da UFPEL atualmente conta com a participa\u00e7\u00e3o dos seguintes estudantes do Bacharelado em M\u00fasica Popular da UFPEL: Cesar Augusto &#8211; Clarinete, Dani Ortiz &#8211; Pandeiro, Douglas Vallejos &#8211; Sax Alto, Gabriel Pinheiro &#8211; Percuss\u00e3o, Higor dos Inocentes Brasil &#8211; Guitarra, Lucas Borba &#8211; Viol\u00e3o, Humberto Schumacher &#8211; Viol\u00e3o, Marcelo Silva &#8211; Trombone, Neverton Fernandes &#8211; Cavaco base e Pedro Nogueira &#8211; Cavaco Solo com a coordena\u00e7\u00e3o do Professor Rafael Velloso &#8211; Saxofone Tenor. O projeto tem um fluxo cont\u00ednuo para admiss\u00e3o de novos membros, com a \u00fanica exig\u00eancia de fazer parte do corpo discente, docente ou t\u00e9cnico da Universidade. (Contato: rafael.velloso@ufpel.edu.br) Como parte do projeto unificado &#8220;Encontros no Choro&#8221;, o n\u00facleo atua n\u00e3o apenas na pesquisa, mas tamb\u00e9m na extens\u00e3o, atrav\u00e9s da oficina de introdu\u00e7\u00e3o e viv\u00eancia. Al\u00e9m da pesquisa e extens\u00e3o, o Bacharelado em m\u00fasica popular oferecer\u00e1 a partir de 2024-1 os componentes curriculares: Pr\u00e1ticas Interpretativas do Choro 1 e 2 que integrar\u00e1 as demais atividades do n\u00facleo.<\/p>\n<p><a href=\"https:\/\/dgp.cnpq.br\/dgp\/espelhogrupo\/457057\">Link<\/a> para o Grupo de Pesquisa em M\u00fasica Popular (CNPQ &#8211; 2023)<\/p>\n<p><a href=\"https:\/\/cobalto.ufpel.edu.br\/projetos\/coordenacao\/projeto\/editar\/6672\">Link<\/a> para o Projeto Encontros no Choro (2023 &#8211; 2024)<\/p>\n<p><a href=\"https:\/\/cobalto.ufpel.edu.br\/projetos\/coordenacao\/projeto\/editar\/2942\">Link<\/a> para o Projeto Avendano J\u00fanior a tradi\u00e7\u00e3o do Choro em Pelotas &#8211; A constru\u00e7\u00e3o de um acervo Colaborativo da m\u00fasica e mem\u00f3ria de Pelotas e regi\u00e3o. (2020 &#8211; 2024)<\/p>\n<p>&nbsp;<\/p>\n<p>&nbsp;<\/p>\n<p>&nbsp;<\/p>\n","protected":false},"excerpt":{"rendered":"<p>&nbsp; N\u00facleo de Choro da UFPEL O N\u00facleo de Choro da UFPel, um projeto de pesquisa art\u00edstica sobre o g\u00eanero musical no Sul do Brasil, faz parte de uma ampla iniciativa liderada pelo curso de M\u00fasica Popular, que envolve a\u00e7\u00f5es de ensino, pesquisa e extens\u00e3o. O n\u00facleo, composto por um grupo de dez alunos &#8211; &hellip; <\/p>\n<p class=\"link-more\"><a href=\"https:\/\/wp.ufpel.edu.br\/encontrosnochoro\/nucleo-de-choro-da-ufpel\/\" class=\"more-link\">Continue lendo<span class=\"screen-reader-text\"> &#8220;N\u00facleo de Choro da UFPEL&#8221;<\/span><\/a><\/p>\n","protected":false},"author":1287,"featured_media":0,"parent":0,"menu_order":0,"comment_status":"closed","ping_status":"closed","template":"","meta":{"footnotes":""},"class_list":["post-672","page","type-page","status-publish","hentry"],"_links":{"self":[{"href":"https:\/\/wp.ufpel.edu.br\/encontrosnochoro\/wp-json\/wp\/v2\/pages\/672","targetHints":{"allow":["GET"]}}],"collection":[{"href":"https:\/\/wp.ufpel.edu.br\/encontrosnochoro\/wp-json\/wp\/v2\/pages"}],"about":[{"href":"https:\/\/wp.ufpel.edu.br\/encontrosnochoro\/wp-json\/wp\/v2\/types\/page"}],"author":[{"embeddable":true,"href":"https:\/\/wp.ufpel.edu.br\/encontrosnochoro\/wp-json\/wp\/v2\/users\/1287"}],"replies":[{"embeddable":true,"href":"https:\/\/wp.ufpel.edu.br\/encontrosnochoro\/wp-json\/wp\/v2\/comments?post=672"}],"version-history":[{"count":5,"href":"https:\/\/wp.ufpel.edu.br\/encontrosnochoro\/wp-json\/wp\/v2\/pages\/672\/revisions"}],"predecessor-version":[{"id":698,"href":"https:\/\/wp.ufpel.edu.br\/encontrosnochoro\/wp-json\/wp\/v2\/pages\/672\/revisions\/698"}],"wp:attachment":[{"href":"https:\/\/wp.ufpel.edu.br\/encontrosnochoro\/wp-json\/wp\/v2\/media?parent=672"}],"curies":[{"name":"wp","href":"https:\/\/api.w.org\/{rel}","templated":true}]}}