{"id":603,"date":"2023-11-30T16:36:14","date_gmt":"2023-11-30T19:36:14","guid":{"rendered":"https:\/\/wp.ufpel.edu.br\/encontrosnochoro\/?page_id=603"},"modified":"2023-12-03T21:37:28","modified_gmt":"2023-12-04T00:37:28","slug":"forum-do-choro-no-rio-grande-do-sul-memoria-e-diversidade-na-contemporaneidade","status":"publish","type":"page","link":"https:\/\/wp.ufpel.edu.br\/encontrosnochoro\/forum-do-choro-no-rio-grande-do-sul-memoria-e-diversidade-na-contemporaneidade\/","title":{"rendered":"F\u00f3rum do Choro no Rio Grande do Sul: Mem\u00f3ria e Diversidade na Contemporaneidade (2022)"},"content":{"rendered":"<p><b>UNIVERSIDADE FEDERAL DE PELOTAS &#8211; <\/b><b>CENTRO DE ARTES<\/b><\/p>\n<p><b>I F\u00f3rum do Choro no Rio Grande do Sul: <\/b><b>Mem\u00f3ria e Diversidade na Contemporaneidade<\/b><\/p>\n<p><b>Pelotas, de 16 a 19 de novembro de 2022<\/b><\/p>\n<p><span style=\"font-weight: 400;\">O N\u00facleo de M\u00fasica Popular do Curso de Bacharelado em M\u00fasica da UFPEL e o Clube do Choro de Pelotas promovem de 16 a 19 de novembro de 2022 o<\/span><b> I F\u00f3rum do Choro no RS.<\/b><span style=\"font-weight: 400;\"> O evento prop\u00f5e estimular a produ\u00e7\u00e3o de conhecimento sobre este g\u00eanero musical brasileiro, que na contemporaneidade vem desfrutando de uma amplia\u00e7\u00e3o de seu campo de atua\u00e7\u00e3o, trazendo o choro para novos formatos e gera\u00e7\u00f5es, que se fazem representadas pelos in\u00fameros p\u00f3los de produ\u00e7\u00e3o no Brasil e no Mundo.<\/span><\/p>\n<p><span style=\"font-weight: 400;\">Assim, a realiza\u00e7\u00e3o deste F\u00f3rum vem ao encontro destas a\u00e7\u00f5es e visa valorizar ainda mais as produ\u00e7\u00f5es desta nova gera\u00e7\u00e3o de m\u00fasicos, pesquisadores, instrumentistas e compositores que vem se destacando tanto no estado quanto fora deste, especialmente em Pelotas onde a tradi\u00e7\u00e3o do Choro foi desenvolvida ao longo dos anos por Avendano J\u00fanior e seu grupo de amigos tocando no \u201cBar e Restaurante Liberdade\u201d, sendo este\u00a0 inclusive tema de document\u00e1rio.<\/span><\/p>\n<p><span style=\"font-weight: 400;\">Tendo como linhas mestras os temas <\/span><b>I.<\/b> <b>Mem\u00f3ria e Patrim\u00f4nio na Contemporaneidade<\/b><span style=\"font-weight: 400;\">; <\/span><b>II.<\/b> <b>Choro e Diversidade<\/b><span style=\"font-weight: 400;\">; <\/span><b>III. Pedagogias da Roda de Choro, <\/b><span style=\"font-weight: 400;\">a organiza\u00e7\u00e3o deste F\u00f3rum se sente muito feliz em convidar toda a comunidade de Pelotas e demais cidades do Rio Grande do Sul para se integrarem a este movimento de m\u00fasicos e pesquisadores, detentores deste importante patrim\u00f4nio cultural do RS, para as atividades programadas para o evento.<\/span><\/p>\n<p><span style=\"font-weight: 400;\">Dos dias 16 a 18\/11 as atividades ocorreram em Pelotas na Esta\u00e7\u00e3o Casa da M\u00fasica da Cidade, na pra\u00e7a Rio Branco sempre \u00e0s 17h, iniciando com a roda de conversa seguida de Roda de Choro. Em todos os dias do evento, teremos uma apresenta\u00e7\u00e3o musical no Utopia Bar sempre \u00e0s 21h.\u00a0<\/span><\/p>\n<p><span style=\"font-weight: 400;\">Como encerramento do evento, no dia 19\/11 \u201c<\/span><b>Dia Municipal do Choro\u201d <\/b><span style=\"font-weight: 400;\">&#8211; data institu\u00edda oficialmente celebrando a data de nascimento do cavaquinista pelotense Avendano J\u00fanior &#8211; teremos apresenta\u00e7\u00f5es musicais com diversos grupos de choro que ocorrer\u00e3o durante todo o dia: pela manh\u00e3 (10h) P\u00e1tio Avendano Jr. (Mercado Central), tarde e noite (16 \u00e0s 21h)\u00a0 Largo do Mercado Central.<\/span><\/p>\n<p>&nbsp;<\/p>\n<p><b>PROGRAMA\u00c7\u00c3O<\/b><\/p>\n<p><b>Quando:<\/b><\/p>\n<p><span style=\"font-weight: 400;\">16 a 19 de novembro de 2022<\/span><\/p>\n<p><b>Locais:\u00a0<\/b><\/p>\n<p><span style=\"font-weight: 400;\">Esta\u00e7\u00e3o Casa de M\u00fasica\u00a0\u00a0<\/span><\/p>\n<p><span style=\"font-weight: 400;\">Largo da Esta\u00e7\u00e3o F\u00e9rrea &#8211; Pelotas\u00a0<\/span><\/p>\n<p><span style=\"font-weight: 400;\">De Quarta a sexta-feira (16 a 18\/11) \u00e0s 17 horas<\/span><\/p>\n<p><span style=\"font-weight: 400;\">Utopia Bar<\/span><\/p>\n<p><span style=\"font-size: 1rem;\">Ant\u00f4nio dos Anjos, 908 &#8211; Centro, Pelotas &#8211; RS, 96020-700<\/span><\/p>\n<p><span style=\"font-weight: 400;\">De Quarta a sexta-feira (16 a 18\/11) \u00e0s 21 horas<\/span><\/p>\n<p><img loading=\"lazy\" decoding=\"async\" class=\"alignnone wp-image-632\" src=\"https:\/\/wp.ufpel.edu.br\/encontrosnochoro\/files\/2023\/12\/DSCN0479-400x300.jpg\" alt=\"\" width=\"755\" height=\"566\" srcset=\"https:\/\/wp.ufpel.edu.br\/encontrosnochoro\/files\/2023\/12\/DSCN0479-400x300.jpg 400w, https:\/\/wp.ufpel.edu.br\/encontrosnochoro\/files\/2023\/12\/DSCN0479-1024x768.jpg 1024w, https:\/\/wp.ufpel.edu.br\/encontrosnochoro\/files\/2023\/12\/DSCN0479-768x576.jpg 768w, https:\/\/wp.ufpel.edu.br\/encontrosnochoro\/files\/2023\/12\/DSCN0479-1536x1152.jpg 1536w, https:\/\/wp.ufpel.edu.br\/encontrosnochoro\/files\/2023\/12\/DSCN0479-2048x1536.jpg 2048w\" sizes=\"auto, (max-width: 706px) 89vw, (max-width: 767px) 82vw, 740px\" \/><\/p>\n<p><img loading=\"lazy\" decoding=\"async\" class=\"alignnone wp-image-633\" src=\"https:\/\/wp.ufpel.edu.br\/encontrosnochoro\/files\/2023\/12\/DSCN0507-400x300.jpg\" alt=\"\" width=\"928\" height=\"696\" srcset=\"https:\/\/wp.ufpel.edu.br\/encontrosnochoro\/files\/2023\/12\/DSCN0507-400x300.jpg 400w, https:\/\/wp.ufpel.edu.br\/encontrosnochoro\/files\/2023\/12\/DSCN0507-1024x768.jpg 1024w, https:\/\/wp.ufpel.edu.br\/encontrosnochoro\/files\/2023\/12\/DSCN0507-768x576.jpg 768w, https:\/\/wp.ufpel.edu.br\/encontrosnochoro\/files\/2023\/12\/DSCN0507-1536x1152.jpg 1536w, https:\/\/wp.ufpel.edu.br\/encontrosnochoro\/files\/2023\/12\/DSCN0507-2048x1536.jpg 2048w\" sizes=\"auto, (max-width: 706px) 89vw, (max-width: 767px) 82vw, 740px\" \/><\/p>\n<p><span style=\"font-weight: 400;\">P\u00e1tio Avendano J\u00fanior\u00a0<\/span><\/p>\n<p><span style=\"font-weight: 400;\">Mercado Municipal\u00a0<\/span><\/p>\n<p><span style=\"font-weight: 400;\">S\u00e1bado (19\/11)\u00a0 \u00e0s 10 horas<\/span><\/p>\n<p><span style=\"font-weight: 400;\">Largo do Mercado Municipal\u00a0<\/span><\/p>\n<p><span style=\"font-weight: 400;\">S\u00e1bado (19\/11)\u00a0 \u00e0s 16h\u00a0<\/span><\/p>\n<p>&nbsp;<\/p>\n<p><b>F\u00f3rum (Evento Gratuito) Programa\u00e7\u00e3o di\u00e1ria:<\/b><\/p>\n<p><span style=\"font-weight: 400;\">17h Palestra<\/span><\/p>\n<p><span style=\"font-weight: 400;\">17h30 Roda de Conversa\u00a0<\/span><\/p>\n<p><span style=\"font-weight: 400;\">18h30 Roda de Choro<\/span><\/p>\n<p><span style=\"font-weight: 400;\">19h30 Encerramento<\/span><\/p>\n<p>&nbsp;<\/p>\n<p><b>TEMAS E CONVIDADOS<\/b><\/p>\n<p>&nbsp;<\/p>\n<p><b>16\/11 (quarta) Mem\u00f3ria e Patrim\u00f4nio<\/b><\/p>\n<p><span style=\"font-weight: 400;\">Palestra: Arthur de Faria (compositor, pianista e pesquisador)<\/span><\/p>\n<p><span style=\"font-weight: 400;\">Debatedores: Prof . M\u00e1rcio de Souza<\/span><\/p>\n<p>&nbsp;<\/p>\n<p><img loading=\"lazy\" decoding=\"async\" class=\"alignnone wp-image-630\" src=\"https:\/\/wp.ufpel.edu.br\/encontrosnochoro\/files\/2023\/12\/DSCN0366-1-400x300.jpg\" alt=\"\" width=\"595\" height=\"446\" srcset=\"https:\/\/wp.ufpel.edu.br\/encontrosnochoro\/files\/2023\/12\/DSCN0366-1-400x300.jpg 400w, https:\/\/wp.ufpel.edu.br\/encontrosnochoro\/files\/2023\/12\/DSCN0366-1-1024x768.jpg 1024w, https:\/\/wp.ufpel.edu.br\/encontrosnochoro\/files\/2023\/12\/DSCN0366-1-768x576.jpg 768w, https:\/\/wp.ufpel.edu.br\/encontrosnochoro\/files\/2023\/12\/DSCN0366-1-1536x1152.jpg 1536w, https:\/\/wp.ufpel.edu.br\/encontrosnochoro\/files\/2023\/12\/DSCN0366-1-2048x1536.jpg 2048w\" sizes=\"auto, (max-width: 595px) 100vw, 595px\" \/><\/p>\n<p><b>17\/11 (quinta) Choro e Diversidade<\/b><\/p>\n<p><span style=\"font-weight: 400;\">Palestra: Dionara Schneider (pianista)<\/span><\/p>\n<p><span style=\"font-weight: 400;\">Debatedores: Prof. Rafael Noleto<\/span><\/p>\n<p>&nbsp;<\/p>\n<p><img loading=\"lazy\" decoding=\"async\" class=\"alignnone wp-image-631\" src=\"https:\/\/wp.ufpel.edu.br\/encontrosnochoro\/files\/2023\/12\/DSCN0408-400x225.jpg\" alt=\"\" width=\"599\" height=\"337\" srcset=\"https:\/\/wp.ufpel.edu.br\/encontrosnochoro\/files\/2023\/12\/DSCN0408-400x225.jpg 400w, https:\/\/wp.ufpel.edu.br\/encontrosnochoro\/files\/2023\/12\/DSCN0408-1024x576.jpg 1024w, https:\/\/wp.ufpel.edu.br\/encontrosnochoro\/files\/2023\/12\/DSCN0408-768x432.jpg 768w, https:\/\/wp.ufpel.edu.br\/encontrosnochoro\/files\/2023\/12\/DSCN0408-1536x864.jpg 1536w, https:\/\/wp.ufpel.edu.br\/encontrosnochoro\/files\/2023\/12\/DSCN0408-2048x1152.jpg 2048w\" sizes=\"auto, (max-width: 599px) 100vw, 599px\" \/><\/p>\n<p><b>18\/11 (sexta) Pedagogias da Roda de Choro<\/b><\/p>\n<p><span style=\"font-weight: 400;\">Palestra: Luiz Machado (Violonista e Professor)<\/span><\/p>\n<p><span style=\"font-weight: 400;\">Debatedores: Paulinho Martins (Compositor e Bandolinista)<\/span><\/p>\n<p><img loading=\"lazy\" decoding=\"async\" class=\"alignnone wp-image-636\" src=\"https:\/\/wp.ufpel.edu.br\/encontrosnochoro\/files\/2023\/12\/DSCN0450-400x300.jpg\" alt=\"\" width=\"616\" height=\"462\" srcset=\"https:\/\/wp.ufpel.edu.br\/encontrosnochoro\/files\/2023\/12\/DSCN0450-400x300.jpg 400w, https:\/\/wp.ufpel.edu.br\/encontrosnochoro\/files\/2023\/12\/DSCN0450-1024x768.jpg 1024w, https:\/\/wp.ufpel.edu.br\/encontrosnochoro\/files\/2023\/12\/DSCN0450-768x576.jpg 768w, https:\/\/wp.ufpel.edu.br\/encontrosnochoro\/files\/2023\/12\/DSCN0450-1536x1152.jpg 1536w, https:\/\/wp.ufpel.edu.br\/encontrosnochoro\/files\/2023\/12\/DSCN0450-2048x1536.jpg 2048w\" sizes=\"auto, (max-width: 616px) 100vw, 616px\" \/><\/p>\n<p><b>PROGRAMA\u00c7\u00c3O COMPLEMENTAR &#8211; 21 horas<\/b><\/p>\n<p><span style=\"font-weight: 400;\">UTOPIA Bar no F\u00f3rum do Choro do RS <\/span><\/p>\n<p><span style=\"font-size: 1rem;\">Ant\u00f4nio dos Anjos, 908 &#8211; Centro<\/span><\/p>\n<p><span style=\"font-weight: 400;\">Couvert art\u00edstico R$ 15,00<\/span><\/p>\n<p>&nbsp;<\/p>\n<p><img loading=\"lazy\" decoding=\"async\" class=\"alignnone wp-image-634\" src=\"https:\/\/wp.ufpel.edu.br\/encontrosnochoro\/files\/2023\/12\/DSCN0392-400x300.jpg\" alt=\"\" width=\"619\" height=\"464\" srcset=\"https:\/\/wp.ufpel.edu.br\/encontrosnochoro\/files\/2023\/12\/DSCN0392-400x300.jpg 400w, https:\/\/wp.ufpel.edu.br\/encontrosnochoro\/files\/2023\/12\/DSCN0392-1024x768.jpg 1024w, https:\/\/wp.ufpel.edu.br\/encontrosnochoro\/files\/2023\/12\/DSCN0392-768x576.jpg 768w, https:\/\/wp.ufpel.edu.br\/encontrosnochoro\/files\/2023\/12\/DSCN0392-1536x1152.jpg 1536w, https:\/\/wp.ufpel.edu.br\/encontrosnochoro\/files\/2023\/12\/DSCN0392-2048x1536.jpg 2048w\" sizes=\"auto, (max-width: 619px) 100vw, 619px\" \/><\/p>\n<p><b>Ot\u00e1vio Dutra o Grupo Terror dos Fac\u00f5es<\/b><\/p>\n<p><span style=\"font-weight: 400;\">Quarta-feira (16\/11) \u00e0s 21 h 30 min.<\/span><\/p>\n<p><span style=\"font-weight: 400;\">Participa\u00e7\u00e3o: Arthur de Faria e N\u00facleo de Choro da UFPEL<\/span><\/p>\n<p>&nbsp;<\/p>\n<p><b>Abre a Roda e Abre Alas<\/b><\/p>\n<p><span style=\"font-weight: 400;\">Quarta-feira (17\/11) \u00e0s 21 h 30 min.<\/span><\/p>\n<p><span style=\"font-weight: 400;\">Participa\u00e7\u00e3o: Dionara Schneider, Mariana Maria, Gustavo Mustaf\u00e9 e Xana Gallo\u00a0<\/span><\/p>\n<p>&nbsp;<\/p>\n<p><b>Tempos de Liberdade<\/b><\/p>\n<p><span style=\"font-weight: 400;\">Sexta-feira (18\/11) \u00e0s 21 h 30 min.<\/span><\/p>\n<p><span style=\"font-weight: 400;\">Participa\u00e7\u00e3o: Luiz Machado &amp; Clube do Choro de Pelotas<\/span><\/p>\n<p>&nbsp;<\/p>\n<p><b>PROGRAMA\u00c7\u00c3O DO DIA MUNICIPAL DO CHORO &#8211; 19\/11<\/b><\/p>\n<p><b>P\u00e1tio Avendano J\u00fanior &#8211; Mercado Central de Pelotas<\/b><\/p>\n<p><span style=\"font-weight: 400;\">10 horas &#8211; Apresenta\u00e7\u00e3o do Projeto Encontros no Choro<\/span><\/p>\n<p><span style=\"font-weight: 400;\">11 horas &#8211; Roda de Choro<\/span><\/p>\n<p>&nbsp;<\/p>\n<p><b>Intervalo<\/b><\/p>\n<p><b>Largo do Mercado Central de Pelotas<\/b><\/p>\n<p><span style=\"font-weight: 400;\">16h-16h30 &#8211; Choro \u00e0 <\/span><i><span style=\"font-weight: 400;\">Trois<\/span><\/i><\/p>\n<p><span style=\"font-weight: 400;\">16h45-17h15 &#8211; Prof. Ludovico<\/span><\/p>\n<p><span style=\"font-weight: 400;\">17h30-18h &#8211; Banda Democratas<\/span><\/p>\n<p><span style=\"font-weight: 400;\">18h15-18h45 &#8211; Regional do Rio Grande<\/span><\/p>\n<p><span style=\"font-weight: 400;\">19h-19h30 &#8211; Paulinho Martins<\/span><\/p>\n<p><span style=\"font-weight: 400;\">19h45-20h15 &#8211; Regional Avendano Jr.\u00a0<\/span><\/p>\n<p><span style=\"font-weight: 400;\">20h30-21h15 &#8211; Clube do Choro de Pelotas.\u00a0<\/span><\/p>\n<p><span style=\"font-weight: 400;\">Participa\u00e7\u00e3o de Mathias Pinto, Luiz Machado e Dionara Schneider<\/span><\/p>\n<p>&nbsp;<\/p>\n<p><b>Coordena\u00e7\u00e3o Geral:<\/b><span style=\"font-weight: 400;\"> Rafael Velloso e Raul Costa d\u00b4Avila<\/span><\/p>\n<p><b>Produ\u00e7\u00e3o e Organiza\u00e7\u00e3o: <\/b><span style=\"font-weight: 400;\">Daniel Ortiz, Gustavo Mustaf\u00e9 e Lucas Borba\u00a0<\/span><\/p>\n<p><b>Identidade e Programa\u00e7\u00e3o Visual: <\/b><span style=\"font-weight: 400;\">Mariana Borges<\/span><\/p>\n<p><b>Debatedores:<\/b><span style=\"font-weight: 400;\"> M\u00e1rcio de Souza, Rafael Noleto e Paulinho Martins\u00a0\u00a0<\/span><\/p>\n<p><b>Monitores Volunt\u00e1rios: <\/b><span style=\"font-weight: 400;\">Josy Anacleto, Higor dos Inocentes Brasil e Pedro Nogueira<\/span><\/p>\n<p><img loading=\"lazy\" decoding=\"async\" class=\"wp-image-626 aligncenter\" src=\"https:\/\/wp.ufpel.edu.br\/encontrosnochoro\/files\/2023\/12\/Press-Release-Fo\u0301rum-do-Choro-do-RS.docx-7_compressed-283x400.jpg\" alt=\"\" width=\"644\" height=\"910\" srcset=\"https:\/\/wp.ufpel.edu.br\/encontrosnochoro\/files\/2023\/12\/Press-Release-Fo\u0301rum-do-Choro-do-RS.docx-7_compressed-283x400.jpg 283w, https:\/\/wp.ufpel.edu.br\/encontrosnochoro\/files\/2023\/12\/Press-Release-Fo\u0301rum-do-Choro-do-RS.docx-7_compressed-725x1024.jpg 725w, https:\/\/wp.ufpel.edu.br\/encontrosnochoro\/files\/2023\/12\/Press-Release-Fo\u0301rum-do-Choro-do-RS.docx-7_compressed-768x1085.jpg 768w, https:\/\/wp.ufpel.edu.br\/encontrosnochoro\/files\/2023\/12\/Press-Release-Fo\u0301rum-do-Choro-do-RS.docx-7_compressed-1087x1536.jpg 1087w, https:\/\/wp.ufpel.edu.br\/encontrosnochoro\/files\/2023\/12\/Press-Release-Fo\u0301rum-do-Choro-do-RS.docx-7_compressed-1450x2048.jpg 1450w, https:\/\/wp.ufpel.edu.br\/encontrosnochoro\/files\/2023\/12\/Press-Release-Fo\u0301rum-do-Choro-do-RS.docx-7_compressed-scaled.jpg 1812w\" sizes=\"auto, (max-width: 644px) 100vw, 644px\" \/><\/p>\n","protected":false},"excerpt":{"rendered":"<p>UNIVERSIDADE FEDERAL DE PELOTAS &#8211; CENTRO DE ARTES I F\u00f3rum do Choro no Rio Grande do Sul: Mem\u00f3ria e Diversidade na Contemporaneidade Pelotas, de 16 a 19 de novembro de 2022 O N\u00facleo de M\u00fasica Popular do Curso de Bacharelado em M\u00fasica da UFPEL e o Clube do Choro de Pelotas promovem de 16 a &hellip; <\/p>\n<p class=\"link-more\"><a href=\"https:\/\/wp.ufpel.edu.br\/encontrosnochoro\/forum-do-choro-no-rio-grande-do-sul-memoria-e-diversidade-na-contemporaneidade\/\" class=\"more-link\">Continue lendo<span class=\"screen-reader-text\"> &#8220;F\u00f3rum do Choro no Rio Grande do Sul: Mem\u00f3ria e Diversidade na Contemporaneidade (2022)&#8221;<\/span><\/a><\/p>\n","protected":false},"author":1287,"featured_media":5,"parent":0,"menu_order":0,"comment_status":"closed","ping_status":"closed","template":"","meta":{"footnotes":""},"class_list":["post-603","page","type-page","status-publish","has-post-thumbnail","hentry"],"_links":{"self":[{"href":"https:\/\/wp.ufpel.edu.br\/encontrosnochoro\/wp-json\/wp\/v2\/pages\/603","targetHints":{"allow":["GET"]}}],"collection":[{"href":"https:\/\/wp.ufpel.edu.br\/encontrosnochoro\/wp-json\/wp\/v2\/pages"}],"about":[{"href":"https:\/\/wp.ufpel.edu.br\/encontrosnochoro\/wp-json\/wp\/v2\/types\/page"}],"author":[{"embeddable":true,"href":"https:\/\/wp.ufpel.edu.br\/encontrosnochoro\/wp-json\/wp\/v2\/users\/1287"}],"replies":[{"embeddable":true,"href":"https:\/\/wp.ufpel.edu.br\/encontrosnochoro\/wp-json\/wp\/v2\/comments?post=603"}],"version-history":[{"count":10,"href":"https:\/\/wp.ufpel.edu.br\/encontrosnochoro\/wp-json\/wp\/v2\/pages\/603\/revisions"}],"predecessor-version":[{"id":669,"href":"https:\/\/wp.ufpel.edu.br\/encontrosnochoro\/wp-json\/wp\/v2\/pages\/603\/revisions\/669"}],"wp:featuredmedia":[{"embeddable":true,"href":"https:\/\/wp.ufpel.edu.br\/encontrosnochoro\/wp-json\/wp\/v2\/media\/5"}],"wp:attachment":[{"href":"https:\/\/wp.ufpel.edu.br\/encontrosnochoro\/wp-json\/wp\/v2\/media?parent=603"}],"curies":[{"name":"wp","href":"https:\/\/api.w.org\/{rel}","templated":true}]}}