{"id":406,"date":"2023-06-24T20:15:34","date_gmt":"2023-06-24T23:15:34","guid":{"rendered":"https:\/\/wp.ufpel.edu.br\/encontrosnochoro\/?page_id=406"},"modified":"2023-06-24T20:19:42","modified_gmt":"2023-06-24T23:19:42","slug":"publicacoes-3","status":"publish","type":"page","link":"https:\/\/wp.ufpel.edu.br\/encontrosnochoro\/publicacoes-3\/","title":{"rendered":"Publica\u00e7\u00f5es"},"content":{"rendered":"<p><img loading=\"lazy\" decoding=\"async\" class=\"alignnone size-medium wp-image-23\" src=\"https:\/\/wp.ufpel.edu.br\/encontrosnochoro\/files\/2023\/03\/336530241_740151560949476_2262424482506221933_n-400x267.jpg\" alt=\"\" width=\"400\" height=\"267\" srcset=\"https:\/\/wp.ufpel.edu.br\/encontrosnochoro\/files\/2023\/03\/336530241_740151560949476_2262424482506221933_n-400x267.jpg 400w, https:\/\/wp.ufpel.edu.br\/encontrosnochoro\/files\/2023\/03\/336530241_740151560949476_2262424482506221933_n-1024x683.jpg 1024w, https:\/\/wp.ufpel.edu.br\/encontrosnochoro\/files\/2023\/03\/336530241_740151560949476_2262424482506221933_n-768x512.jpg 768w, https:\/\/wp.ufpel.edu.br\/encontrosnochoro\/files\/2023\/03\/336530241_740151560949476_2262424482506221933_n-1536x1024.jpg 1536w, https:\/\/wp.ufpel.edu.br\/encontrosnochoro\/files\/2023\/03\/336530241_740151560949476_2262424482506221933_n-300x200.jpg 300w, https:\/\/wp.ufpel.edu.br\/encontrosnochoro\/files\/2023\/03\/336530241_740151560949476_2262424482506221933_n.jpg 2048w\" sizes=\"auto, (max-width: 400px) 100vw, 400px\" \/><\/p>\n<p>&nbsp;<\/p>\n<div class=\"row\">\n<div class=\"col col-sm mx-sm-auto\">\n<div id=\"content\" role=\"main\">\n<div class=\"mt-3 tainacan-single-post\">\n<article id=\"post_13942\" class=\"post-13942 page type-page status-publish hentry\" role=\"article\">\n<section class=\"tainacan-content margin-two-column\">A proposta de concentrar as diferentes produ\u00e7\u00f5es acad\u00eamicas contemplando o choro\u00a0 \u2013 desenvolvida por pesquisadores vinculados \u00e0 UFPEL \u2013 tem como prop\u00f3sito, al\u00e9m de divulgar num s\u00f3 local as diferentes produ\u00e7\u00f5es, valorizar os trabalhos desenvolvidos por seus respectivos pesquisadores.At\u00e9 onde conhecemos, os trabalhos mais antigos est\u00e3o vinculados ao projeto de pesquisa \u201cAvendano J\u00fanior: a tradi\u00e7\u00e3o do choro em Pelotas\u201d, desenvolvido entre 2002 a 2005, pelo Prof. Raul Costa d\u2019Avila e a acad\u00eamica do Curso de Ci\u00eancias Sociais, na ocasi\u00e3o, Ana Paula Lima Silveira. Foram publicados resumos expandidos apresentados em Congressos de Inicia\u00e7\u00e3o Cient\u00edfica, al\u00e9m da publica\u00e7\u00e3o na revista do Laborat\u00f3rio de Ensino e Pesquisa em Antropologia e Arqueologia \u2013 LEPAARQ\/UFPEL (Vol. I, N\u00ba2, 2004. pp. 137-144)Posteriormente vieram os trabalhos da acad\u00eamica Tha\u00eds Carvalho (TCC \/ ano? \u2013 Curso de Hist\u00f3ria) e Vin\u00edcius Carvalho Veleda (Disserta\u00e7\u00e3o \/ 2018 \u2013 Curso de Hist\u00f3ria).Mais recentemente alguns Trabalhos de Conclus\u00e3o de Curso dos alunos dos Cursos de Bacharelado em M\u00fasica, vinculados ao Clube do Choro de Pelotas, vem contemplando produ\u00e7\u00f5es que t\u00eam o choro como objeto de pesquisa. Esses contextualizam \u00edcones pelotenses (2018), an\u00e1lise de fraseados no sete cordas (2019) e cria\u00e7\u00f5es de choros (2021). Al\u00e9m destes trabalhos, tamb\u00e9m merece destaque os artigos publicados em anais de eventos acad\u00eamicos abordando o Acervo do Choro de Pelotas (2021)Nossa inten\u00e7\u00e3o \u00e9 que esta produ\u00e7\u00e3o, ainda que modesta at\u00e9 o momento, possa contribuir com os pesquisadores e interessados em geral, al\u00e9m de estimular novas pesquisas relacionadas \u00e0 pr\u00e1tica do choro em Pelotas e regi\u00e3o, valorizando a cultura e a produ\u00e7\u00e3o dos m\u00fasicos locais e regionais.<\/section>\n<\/article>\n<\/div>\n<\/div>\n<\/div>\n<\/div>\n","protected":false},"excerpt":{"rendered":"<p>&nbsp; A proposta de concentrar as diferentes produ\u00e7\u00f5es acad\u00eamicas contemplando o choro\u00a0 \u2013 desenvolvida por pesquisadores vinculados \u00e0 UFPEL \u2013 tem como prop\u00f3sito, al\u00e9m de divulgar num s\u00f3 local as diferentes produ\u00e7\u00f5es, valorizar os trabalhos desenvolvidos por seus respectivos pesquisadores.At\u00e9 onde conhecemos, os trabalhos mais antigos est\u00e3o vinculados ao projeto de pesquisa \u201cAvendano J\u00fanior: a &hellip; <\/p>\n<p class=\"link-more\"><a href=\"https:\/\/wp.ufpel.edu.br\/encontrosnochoro\/publicacoes-3\/\" class=\"more-link\">Continue lendo<span class=\"screen-reader-text\"> &#8220;Publica\u00e7\u00f5es&#8221;<\/span><\/a><\/p>\n","protected":false},"author":1287,"featured_media":0,"parent":0,"menu_order":0,"comment_status":"closed","ping_status":"closed","template":"","meta":{"footnotes":""},"class_list":["post-406","page","type-page","status-publish","hentry"],"_links":{"self":[{"href":"https:\/\/wp.ufpel.edu.br\/encontrosnochoro\/wp-json\/wp\/v2\/pages\/406","targetHints":{"allow":["GET"]}}],"collection":[{"href":"https:\/\/wp.ufpel.edu.br\/encontrosnochoro\/wp-json\/wp\/v2\/pages"}],"about":[{"href":"https:\/\/wp.ufpel.edu.br\/encontrosnochoro\/wp-json\/wp\/v2\/types\/page"}],"author":[{"embeddable":true,"href":"https:\/\/wp.ufpel.edu.br\/encontrosnochoro\/wp-json\/wp\/v2\/users\/1287"}],"replies":[{"embeddable":true,"href":"https:\/\/wp.ufpel.edu.br\/encontrosnochoro\/wp-json\/wp\/v2\/comments?post=406"}],"version-history":[{"count":2,"href":"https:\/\/wp.ufpel.edu.br\/encontrosnochoro\/wp-json\/wp\/v2\/pages\/406\/revisions"}],"predecessor-version":[{"id":412,"href":"https:\/\/wp.ufpel.edu.br\/encontrosnochoro\/wp-json\/wp\/v2\/pages\/406\/revisions\/412"}],"wp:attachment":[{"href":"https:\/\/wp.ufpel.edu.br\/encontrosnochoro\/wp-json\/wp\/v2\/media?parent=406"}],"curies":[{"name":"wp","href":"https:\/\/api.w.org\/{rel}","templated":true}]}}