{"id":113,"date":"2023-04-02T11:13:15","date_gmt":"2023-04-02T14:13:15","guid":{"rendered":"https:\/\/wp.ufpel.edu.br\/encontrosnochoro\/?page_id=113"},"modified":"2025-08-01T16:15:26","modified_gmt":"2025-08-01T19:15:26","slug":"pagina-principal","status":"publish","type":"page","link":"https:\/\/wp.ufpel.edu.br\/encontrosnochoro\/","title":{"rendered":"O que \u00e9?"},"content":{"rendered":"<p>\u00c9 com grande entusiasmo que anunciamos o in\u00edcio das atividades da Oficina Encontros no Choro, que ocorrer\u00e1 na primeira semana de maio! Esta oficina \u00e9 uma oportunidade \u00fanica para todos que desejam mergulhar no rico universo do choro, um dos g\u00eaneros musicais mais aut\u00eanticos do Brasil.<\/p>\n<p>\ud83d\uddd3 Data: 18\/08\/25<br \/>\n\ud83d\udcc6 Dias da semana: Segundas e quartas<br \/>\n\u23f0 Hor\u00e1rio: das 17h \u00e0s 19h<br \/>\n\ud83d\udccd Local: Conservat\u00f3rio de M\u00fasica da UFPel &#8211; t\u00e9rreo<\/p>\n<p>\u2728 O que esperar: Aulas pr\u00e1ticas e te\u00f3ricas sobre os fundamentos do choro.<br \/>\nDesenvolvimento de habilidades em instrumentos como viol\u00e3o, flauta, cavaquinho, bandolim, pandeiro, saxofone e clarinete.<br \/>\nEncontros com m\u00fasicos convidados e experientes no g\u00eanero.<br \/>\nOportunidade de tocar e se apresentar em grupo.<\/p>\n<p>\ud83d\udccc Inscri\u00e7\u00f5es: As vagas s\u00e3o limitadas! Para garantir sua participa\u00e7\u00e3o, preencha o formul\u00e1rio:<\/p>\n<p><a href=\"https:\/\/docs.google.com\/forms\/d\/e\/1FAIpQLSf6Obh-fbsw1yGyVWmU3hSxov8vZgQvDaNABZ4z9E3IkNA8Ew\/viewform?usp=sharing\">https:\/\/docs.google.com\/forms\/d\/e\/1FAIpQLSf6Obh-fbsw1yGyVWmU3hSxov8vZgQvDaNABZ4z9E3IkNA8Ew\/viewform?usp=sharing<\/a><\/p>\n<p>Venha aprimorar seu talento musical e compartilhar momentos especiais com outros apaixonados pelo choro! Esperamos todos voc\u00eas para juntos fazermos m\u00fasica e celebrar essa tradi\u00e7\u00e3o rica e vibrante!!<\/p>\n<p style=\"text-align: justify;\"><span style=\"font-size: 14pt;\"><b>Professores e monitores por instrumento:<\/b><\/span><\/p>\n<p style=\"text-align: justify;\"><span style=\"font-weight: 400; font-size: 14pt;\">Mariana Borges e Gabriel Pinheiro &#8211; Percuss\u00e3o<\/span><\/p>\n<p style=\"text-align: justify;\"><span style=\"font-weight: 400; font-size: 14pt;\">Lucas Borba e Fabricio Moura \u00a8Pardal\u00a8- Viol\u00e3o<\/span><\/p>\n<p style=\"text-align: justify;\"><span style=\"font-weight: 400; font-size: 14pt;\">Manuh Graciliano &#8211; Flauta\u00a0<\/span><\/p>\n<p style=\"text-align: justify;\"><span style=\"font-weight: 400; font-size: 14pt;\">Rafael Velloso &#8211; Sax e Clarinete<\/span><\/p>\n<p style=\"text-align: justify;\"><span style=\"font-weight: 400; font-size: 14pt;\">Julinho &#8211; Cavaquinho<\/span><\/p>\n<p style=\"text-align: justify;\"><span style=\"font-weight: 400; font-size: 14pt;\">Possid\u00f4nio Tavares &#8211; Bandolim<\/span><\/p>\n<p style=\"text-align: justify;\"><span style=\"font-size: 14pt;\">Coordena\u00e7\u00e3o: Rafael Velloso e Raul d\u00b4Avila<\/span><\/p>\n","protected":false},"excerpt":{"rendered":"<p>\u00c9 com grande entusiasmo que anunciamos o in\u00edcio das atividades da Oficina Encontros no Choro, que ocorrer\u00e1 na primeira semana de maio! Esta oficina \u00e9 uma oportunidade \u00fanica para todos que desejam mergulhar no rico universo do choro, um dos g\u00eaneros musicais mais aut\u00eanticos do Brasil. \ud83d\uddd3 Data: 18\/08\/25 \ud83d\udcc6 Dias da semana: Segundas e &hellip; <\/p>\n<p class=\"link-more\"><a href=\"https:\/\/wp.ufpel.edu.br\/encontrosnochoro\/\" class=\"more-link\">Continue lendo<span class=\"screen-reader-text\"> &#8220;O que \u00e9?&#8221;<\/span><\/a><\/p>\n","protected":false},"author":1287,"featured_media":0,"parent":0,"menu_order":0,"comment_status":"closed","ping_status":"closed","template":"","meta":{"footnotes":""},"class_list":["post-113","page","type-page","status-publish","hentry"],"_links":{"self":[{"href":"https:\/\/wp.ufpel.edu.br\/encontrosnochoro\/wp-json\/wp\/v2\/pages\/113","targetHints":{"allow":["GET"]}}],"collection":[{"href":"https:\/\/wp.ufpel.edu.br\/encontrosnochoro\/wp-json\/wp\/v2\/pages"}],"about":[{"href":"https:\/\/wp.ufpel.edu.br\/encontrosnochoro\/wp-json\/wp\/v2\/types\/page"}],"author":[{"embeddable":true,"href":"https:\/\/wp.ufpel.edu.br\/encontrosnochoro\/wp-json\/wp\/v2\/users\/1287"}],"replies":[{"embeddable":true,"href":"https:\/\/wp.ufpel.edu.br\/encontrosnochoro\/wp-json\/wp\/v2\/comments?post=113"}],"version-history":[{"count":16,"href":"https:\/\/wp.ufpel.edu.br\/encontrosnochoro\/wp-json\/wp\/v2\/pages\/113\/revisions"}],"predecessor-version":[{"id":861,"href":"https:\/\/wp.ufpel.edu.br\/encontrosnochoro\/wp-json\/wp\/v2\/pages\/113\/revisions\/861"}],"wp:attachment":[{"href":"https:\/\/wp.ufpel.edu.br\/encontrosnochoro\/wp-json\/wp\/v2\/media?parent=113"}],"curies":[{"name":"wp","href":"https:\/\/api.w.org\/{rel}","templated":true}]}}