{"id":884,"date":"2014-12-11T09:39:52","date_gmt":"2014-12-11T11:39:52","guid":{"rendered":"https:\/\/wp.ufpel.edu.br\/encontroservidores\/?page_id=884"},"modified":"2014-12-11T09:40:05","modified_gmt":"2014-12-11T11:40:05","slug":"videos","status":"publish","type":"page","link":"https:\/\/wp.ufpel.edu.br\/encontroservidores\/videos\/","title":{"rendered":"V\u00cdDEOS"},"content":{"rendered":"<p><strong><span id=\"eow-title\" class=\"watch-title long-title\" dir=\"ltr\" title=\"1\u00ba EDSU - &quot;O Servidor P\u00fablico, sua Fun\u00e7\u00e3o Social e Desafios no Estado Democr\u00e1tico&quot;\"><em><span style=\"font-family: trebuchet ms,geneva;font-size: 14pt\">25\/11\/2014<\/span><\/em><br \/>\n<\/span><\/strong><\/p>\n<p style=\"text-align: justify\"><span id=\"eow-title\" class=\"watch-title long-title\" dir=\"ltr\" title=\"1\u00ba EDSU - &quot;O Servidor P\u00fablico, sua Fun\u00e7\u00e3o Social e Desafios no Estado Democr\u00e1tico&quot;\"><strong><span style=\"font-family: trebuchet ms,geneva;font-size: 14pt\">V\u00eddeo da Palestra &#8220;O Servidor P\u00fablico, sua Fun\u00e7\u00e3o Social e Desafios no Estado Democr\u00e1tico&#8221; por Ana Maria Ribeiro:<\/span><\/strong><br \/>\n<\/span><\/p>\n<p><iframe loading=\"lazy\" title=\"1\u00ba EDSU - &quot;O Servidor P\u00fablico, sua Fun\u00e7\u00e3o Social e Desafios no Estado Democr\u00e1tico&quot;\" width=\"584\" height=\"438\" src=\"https:\/\/www.youtube.com\/embed\/d_FirG5BcUk?feature=oembed\" frameborder=\"0\" allow=\"accelerometer; autoplay; clipboard-write; encrypted-media; gyroscope; picture-in-picture; web-share\" referrerpolicy=\"strict-origin-when-cross-origin\" allowfullscreen><\/iframe><\/p>\n<p>&nbsp;<\/p>\n<p style=\"text-align: justify\"><span id=\"eow-title\" class=\"watch-title long-title\" dir=\"ltr\" title=\"1\u00ba EDSU - &quot;O Servidor P\u00fablico, sua Fun\u00e7\u00e3o Social e Desafios no Estado Democr\u00e1tico&quot;\"><strong><span style=\"font-family: trebuchet ms,geneva;font-size: 14pt\">V\u00eddeo da Palestra &#8220;Rela\u00e7\u00f5es Interpessoais no Trabalho&#8221; por Vanise Valiente:<\/span><\/strong><br \/>\n<\/span><\/p>\n<p><iframe loading=\"lazy\" title=\"1\u00ba EDSU - &quot;Rela\u00e7\u00f5es Interpessoais no Trabalho&quot;\" width=\"584\" height=\"438\" src=\"https:\/\/www.youtube.com\/embed\/Wmp8cYJDKpQ?feature=oembed\" frameborder=\"0\" allow=\"accelerometer; autoplay; clipboard-write; encrypted-media; gyroscope; picture-in-picture; web-share\" referrerpolicy=\"strict-origin-when-cross-origin\" allowfullscreen><\/iframe><\/p>\n","protected":false},"excerpt":{"rendered":"<p>25\/11\/2014 V\u00eddeo da Palestra &#8220;O Servidor P\u00fablico, sua Fun\u00e7\u00e3o Social e Desafios no Estado Democr\u00e1tico&#8221; por Ana Maria Ribeiro: &nbsp; V\u00eddeo da Palestra &#8220;Rela\u00e7\u00f5es Interpessoais no Trabalho&#8221; por Vanise Valiente:<\/p>\n","protected":false},"author":430,"featured_media":0,"parent":0,"menu_order":0,"comment_status":"closed","ping_status":"closed","template":"","meta":{"jetpack_post_was_ever_published":false,"footnotes":""},"class_list":["post-884","page","type-page","status-publish","hentry"],"jetpack_sharing_enabled":true,"jetpack_shortlink":"https:\/\/wp.me\/P516V4-eg","_links":{"self":[{"href":"https:\/\/wp.ufpel.edu.br\/encontroservidores\/wp-json\/wp\/v2\/pages\/884","targetHints":{"allow":["GET"]}}],"collection":[{"href":"https:\/\/wp.ufpel.edu.br\/encontroservidores\/wp-json\/wp\/v2\/pages"}],"about":[{"href":"https:\/\/wp.ufpel.edu.br\/encontroservidores\/wp-json\/wp\/v2\/types\/page"}],"author":[{"embeddable":true,"href":"https:\/\/wp.ufpel.edu.br\/encontroservidores\/wp-json\/wp\/v2\/users\/430"}],"replies":[{"embeddable":true,"href":"https:\/\/wp.ufpel.edu.br\/encontroservidores\/wp-json\/wp\/v2\/comments?post=884"}],"version-history":[{"count":4,"href":"https:\/\/wp.ufpel.edu.br\/encontroservidores\/wp-json\/wp\/v2\/pages\/884\/revisions"}],"predecessor-version":[{"id":888,"href":"https:\/\/wp.ufpel.edu.br\/encontroservidores\/wp-json\/wp\/v2\/pages\/884\/revisions\/888"}],"wp:attachment":[{"href":"https:\/\/wp.ufpel.edu.br\/encontroservidores\/wp-json\/wp\/v2\/media?parent=884"}],"curies":[{"name":"wp","href":"https:\/\/api.w.org\/{rel}","templated":true}]}}