{"id":12,"date":"2014-09-01T14:19:28","date_gmt":"2014-09-01T17:19:28","guid":{"rendered":"https:\/\/wp.ufpel.edu.br\/encontroservidores\/?page_id=12"},"modified":"2016-09-12T15:30:39","modified_gmt":"2016-09-12T18:30:39","slug":"programacao","status":"publish","type":"page","link":"https:\/\/wp.ufpel.edu.br\/encontroservidores\/programacao\/","title":{"rendered":"PROGRAMA\u00c7\u00c3O"},"content":{"rendered":"<p style=\"text-align: center\"><strong>EM BREVE UMA NOVA PROGRAMA\u00c7\u00c3O!<\/strong><\/p>\n<hr \/>\n<p style=\"text-align: center\"><strong><span style=\"color: #ff99cc\">* <span style=\"font-size: 18pt\">Ser\u00e3o emitidos certificados de 20 horas aos participantes que alcan\u00e7arem frequ\u00eancia m\u00ednima de 75% no evento.<\/span><\/span><\/strong><\/p>\n<p>&nbsp;<\/p>\n<hr \/>\n<p><strong><span style=\"color: #ff99cc\"><span style=\"font-size: 18pt\">\u00a0<\/span><\/span><\/strong><\/p>\n","protected":false},"excerpt":{"rendered":"<p>EM BREVE UMA NOVA PROGRAMA\u00c7\u00c3O! * Ser\u00e3o emitidos certificados de 20 horas aos participantes que alcan\u00e7arem frequ\u00eancia m\u00ednima de 75% no evento. &nbsp; \u00a0<\/p>\n","protected":false},"author":430,"featured_media":0,"parent":0,"menu_order":1,"comment_status":"closed","ping_status":"closed","template":"","meta":{"jetpack_post_was_ever_published":false,"footnotes":""},"class_list":["post-12","page","type-page","status-publish","hentry"],"jetpack_sharing_enabled":true,"jetpack_shortlink":"https:\/\/wp.me\/P516V4-c","_links":{"self":[{"href":"https:\/\/wp.ufpel.edu.br\/encontroservidores\/wp-json\/wp\/v2\/pages\/12","targetHints":{"allow":["GET"]}}],"collection":[{"href":"https:\/\/wp.ufpel.edu.br\/encontroservidores\/wp-json\/wp\/v2\/pages"}],"about":[{"href":"https:\/\/wp.ufpel.edu.br\/encontroservidores\/wp-json\/wp\/v2\/types\/page"}],"author":[{"embeddable":true,"href":"https:\/\/wp.ufpel.edu.br\/encontroservidores\/wp-json\/wp\/v2\/users\/430"}],"replies":[{"embeddable":true,"href":"https:\/\/wp.ufpel.edu.br\/encontroservidores\/wp-json\/wp\/v2\/comments?post=12"}],"version-history":[{"count":59,"href":"https:\/\/wp.ufpel.edu.br\/encontroservidores\/wp-json\/wp\/v2\/pages\/12\/revisions"}],"predecessor-version":[{"id":1023,"href":"https:\/\/wp.ufpel.edu.br\/encontroservidores\/wp-json\/wp\/v2\/pages\/12\/revisions\/1023"}],"wp:attachment":[{"href":"https:\/\/wp.ufpel.edu.br\/encontroservidores\/wp-json\/wp\/v2\/media?parent=12"}],"curies":[{"name":"wp","href":"https:\/\/api.w.org\/{rel}","templated":true}]}}