{"id":40,"date":"2016-09-27T13:26:08","date_gmt":"2016-09-27T16:26:08","guid":{"rendered":"https:\/\/wp.ufpel.edu.br\/encontrogauchomicologia\/?page_id=40"},"modified":"2016-10-22T19:02:30","modified_gmt":"2016-10-22T21:02:30","slug":"incricoes","status":"publish","type":"page","link":"https:\/\/wp.ufpel.edu.br\/encontrogauchomicologia\/incricoes\/","title":{"rendered":"Incri\u00e7\u00f5es"},"content":{"rendered":"<p><img class=\"alignnone wp-image-95 size-full\" src=\"https:\/\/wp.ufpel.edu.br\/encontrogauchomicologia\/files\/2016\/09\/FORMUL\u00c1RIO-INSCRI\u00c7\u00c3O-1.jpg\" alt=\"formulario-inscricao\" width=\"1040\" height=\"720\" srcset=\"https:\/\/wp.ufpel.edu.br\/encontrogauchomicologia\/files\/2016\/09\/FORMUL\u00c1RIO-INSCRI\u00c7\u00c3O-1.jpg 1040w, https:\/\/wp.ufpel.edu.br\/encontrogauchomicologia\/files\/2016\/09\/FORMUL\u00c1RIO-INSCRI\u00c7\u00c3O-1-212x147.jpg 212w, https:\/\/wp.ufpel.edu.br\/encontrogauchomicologia\/files\/2016\/09\/FORMUL\u00c1RIO-INSCRI\u00c7\u00c3O-1-424x294.jpg 424w, https:\/\/wp.ufpel.edu.br\/encontrogauchomicologia\/files\/2016\/09\/FORMUL\u00c1RIO-INSCRI\u00c7\u00c3O-1-768x532.jpg 768w\" sizes=\"(max-width: 1040px) 100vw, 1040px\" \/><\/p>\n<p style=\"text-align: center\"><strong>Clique no link abaixo e preencha o formul\u00e1rio :\u00a0<a href=\"https:\/\/wp.ufpel.edu.br\/encontrogauchomicologia\/files\/2016\/09\/Formul\u00e1rio-de-inscri\u00e7\u00e3o-1.docx\">formulario-de-inscricao<\/a>\u00a0. Ap\u00f3s o preenchimento n\u00e3o esque\u00e7a! ENVIAR POR E-MAIL COMPROVANTE DE DEP\u00d3SITO E FORMUL\u00c1RIO<\/strong><\/p>\n<p style=\"text-align: center\">Obrigado !<\/p>\n","protected":false},"excerpt":{"rendered":"<p>Clique no link abaixo e preencha o formul\u00e1rio :\u00a0formulario-de-inscricao\u00a0. Ap\u00f3s o preenchimento n\u00e3o esque\u00e7a! ENVIAR POR E-MAIL COMPROVANTE DE DEP\u00d3SITO E FORMUL\u00c1RIO Obrigado !<\/p>\n","protected":false},"author":690,"featured_media":0,"parent":0,"menu_order":0,"comment_status":"closed","ping_status":"closed","template":"","meta":{"footnotes":""},"class_list":["post-40","page","type-page","status-publish","hentry"],"_links":{"self":[{"href":"https:\/\/wp.ufpel.edu.br\/encontrogauchomicologia\/wp-json\/wp\/v2\/pages\/40","targetHints":{"allow":["GET"]}}],"collection":[{"href":"https:\/\/wp.ufpel.edu.br\/encontrogauchomicologia\/wp-json\/wp\/v2\/pages"}],"about":[{"href":"https:\/\/wp.ufpel.edu.br\/encontrogauchomicologia\/wp-json\/wp\/v2\/types\/page"}],"author":[{"embeddable":true,"href":"https:\/\/wp.ufpel.edu.br\/encontrogauchomicologia\/wp-json\/wp\/v2\/users\/690"}],"replies":[{"embeddable":true,"href":"https:\/\/wp.ufpel.edu.br\/encontrogauchomicologia\/wp-json\/wp\/v2\/comments?post=40"}],"version-history":[{"count":6,"href":"https:\/\/wp.ufpel.edu.br\/encontrogauchomicologia\/wp-json\/wp\/v2\/pages\/40\/revisions"}],"predecessor-version":[{"id":145,"href":"https:\/\/wp.ufpel.edu.br\/encontrogauchomicologia\/wp-json\/wp\/v2\/pages\/40\/revisions\/145"}],"wp:attachment":[{"href":"https:\/\/wp.ufpel.edu.br\/encontrogauchomicologia\/wp-json\/wp\/v2\/media?parent=40"}],"curies":[{"name":"wp","href":"https:\/\/api.w.org\/{rel}","templated":true}]}}