{"id":2,"date":"2016-08-24T12:27:03","date_gmt":"2016-08-24T15:27:03","guid":{"rendered":"https:\/\/wp.ufpel.edu.br\/encontrogauchomicologia\/?page_id=2"},"modified":"2016-10-17T23:54:38","modified_gmt":"2016-10-18T01:54:38","slug":"oencontro","status":"publish","type":"page","link":"https:\/\/wp.ufpel.edu.br\/encontrogauchomicologia\/oencontro\/","title":{"rendered":"O encontro"},"content":{"rendered":"<p><img class=\"aligncenter wp-image-11 size-full\" src=\"https:\/\/wp.ufpel.edu.br\/encontrogauchomicologia\/files\/2016\/09\/image-2-e1474992400572.png\" alt=\"image\" width=\"984\" height=\"397\" srcset=\"https:\/\/wp.ufpel.edu.br\/encontrogauchomicologia\/files\/2016\/09\/image-2-e1474992400572.png 984w, https:\/\/wp.ufpel.edu.br\/encontrogauchomicologia\/files\/2016\/09\/image-2-e1474992400572-212x86.png 212w, https:\/\/wp.ufpel.edu.br\/encontrogauchomicologia\/files\/2016\/09\/image-2-e1474992400572-424x171.png 424w, https:\/\/wp.ufpel.edu.br\/encontrogauchomicologia\/files\/2016\/09\/image-2-e1474992400572-768x310.png 768w\" sizes=\"(max-width: 984px) 100vw, 984px\" \/><\/p>\n<p>&nbsp;<\/p>\n<p><span style=\"font-family: 'arial black', sans-serif;font-size: 18pt\"><strong>O ENCONTRO<\/strong><\/span><\/p>\n<p style=\"text-align: justify\"><span style=\"font-family: 'arial black', sans-serif;font-size: 14pt\"><strong>O Encontro Ga\u00facho de Micologia \u00e9 um evento de cunho regional que re\u00fane pesquisadores ga\u00fachos, especialistas em fungos. O Evento teve duas edi\u00e7\u00f5es anteriores, nos anos de 2008 e 2010 nas cidades de Porto Alegre\/RS e Caxias do Sul\/RS, respectivamente. A edi\u00e7\u00e3o do III Encontro ocorrer\u00e1 na cidade de Pelotas\/RS, nos dias 18 e 19 de novembro de 2016. A realiza\u00e7\u00e3o deste evento \u00e9 fundamental para a divulga\u00e7\u00e3o do conhecimento nas diferentes \u00e1reas da micologia, bem como \u00e9 um momento de aproximar as institui\u00e7\u00f5es de Ensino Superior entre si e com a comunidade regional, proporcionando o estabelecimento de parcerias de trabalho e integra\u00e7\u00e3o da pesquisa, ensino e extens\u00e3o.<\/strong><\/span><\/p>\n","protected":false},"excerpt":{"rendered":"<p>&nbsp; O ENCONTRO O Encontro Ga\u00facho de Micologia \u00e9 um evento de cunho regional que re\u00fane pesquisadores ga\u00fachos, especialistas em fungos. O Evento teve duas edi\u00e7\u00f5es anteriores, nos anos de 2008 e 2010 nas cidades de Porto Alegre\/RS e Caxias do Sul\/RS, respectivamente. A edi\u00e7\u00e3o do III Encontro ocorrer\u00e1 na cidade de Pelotas\/RS, nos dias [&hellip;]<\/p>\n","protected":false},"author":690,"featured_media":0,"parent":0,"menu_order":0,"comment_status":"closed","ping_status":"closed","template":"","meta":{"footnotes":""},"class_list":["post-2","page","type-page","status-publish","hentry"],"_links":{"self":[{"href":"https:\/\/wp.ufpel.edu.br\/encontrogauchomicologia\/wp-json\/wp\/v2\/pages\/2","targetHints":{"allow":["GET"]}}],"collection":[{"href":"https:\/\/wp.ufpel.edu.br\/encontrogauchomicologia\/wp-json\/wp\/v2\/pages"}],"about":[{"href":"https:\/\/wp.ufpel.edu.br\/encontrogauchomicologia\/wp-json\/wp\/v2\/types\/page"}],"author":[{"embeddable":true,"href":"https:\/\/wp.ufpel.edu.br\/encontrogauchomicologia\/wp-json\/wp\/v2\/users\/690"}],"replies":[{"embeddable":true,"href":"https:\/\/wp.ufpel.edu.br\/encontrogauchomicologia\/wp-json\/wp\/v2\/comments?post=2"}],"version-history":[{"count":6,"href":"https:\/\/wp.ufpel.edu.br\/encontrogauchomicologia\/wp-json\/wp\/v2\/pages\/2\/revisions"}],"predecessor-version":[{"id":122,"href":"https:\/\/wp.ufpel.edu.br\/encontrogauchomicologia\/wp-json\/wp\/v2\/pages\/2\/revisions\/122"}],"wp:attachment":[{"href":"https:\/\/wp.ufpel.edu.br\/encontrogauchomicologia\/wp-json\/wp\/v2\/media?parent=2"}],"curies":[{"name":"wp","href":"https:\/\/api.w.org\/{rel}","templated":true}]}}