{"id":102,"date":"2016-10-17T23:11:22","date_gmt":"2016-10-18T01:11:22","guid":{"rendered":"https:\/\/wp.ufpel.edu.br\/encontrogauchomicologia\/?page_id=102"},"modified":"2016-10-18T10:30:45","modified_gmt":"2016-10-18T12:30:45","slug":"onde-se-hospedar","status":"publish","type":"page","link":"https:\/\/wp.ufpel.edu.br\/encontrogauchomicologia\/onde-se-hospedar\/","title":{"rendered":"ONDE SE HOSPEDAR ?"},"content":{"rendered":"<p><img class=\"aligncenter wp-image-100 size-full\" src=\"https:\/\/wp.ufpel.edu.br\/encontrogauchomicologia\/files\/2016\/10\/ENCONTRO-GAUCHO.png\" alt=\"encontro-gaucho\" width=\"640\" height=\"242\" srcset=\"https:\/\/wp.ufpel.edu.br\/encontrogauchomicologia\/files\/2016\/10\/ENCONTRO-GAUCHO.png 640w, https:\/\/wp.ufpel.edu.br\/encontrogauchomicologia\/files\/2016\/10\/ENCONTRO-GAUCHO-212x80.png 212w, https:\/\/wp.ufpel.edu.br\/encontrogauchomicologia\/files\/2016\/10\/ENCONTRO-GAUCHO-424x160.png 424w\" sizes=\"(max-width: 640px) 100vw, 640px\" \/><\/p>\n<p style=\"text-align: center\"><span style=\"font-size: 18pt\"><strong>Op\u00e7\u00f5es de hot\u00e9is com desconto para o III Encontro Ga\u00facho de Micologia<\/strong><\/span><\/p>\n<p><strong>\u00a0<\/strong><\/p>\n<p><strong><span style=\"color: #ff0000\">Informar que a reserva \u00e9 para um evento da UFPel<\/span>. <\/strong><\/p>\n<p><strong><span style=\"text-decoration: underline;font-size: 14pt\"><span style=\"color: #0000ff;text-decoration: underline\">&#8211; Curi Palace Hotel (onde ser\u00e1 o evento)<\/span><\/span><\/strong><\/p>\n<p>Single&#8230;&#8230;&#8230;&#8230;&#8230;&#8230;&#8230;&#8230;&#8230;&#8230;&#8230;&#8230;&#8230;&#8230;&#8230;&#8230;&#8230;.R$168,00<\/p>\n<p>Double \u2026\u2026\u2026\u2026&#8230;&#8230;&#8230;&#8230;&#8230;&#8230;&#8230;&#8230;&#8230;&#8230;&#8230;&#8230;&#8230;R$ 212,00<\/p>\n<p>End: Rua General Neto, 1279, Pelotas, RS<\/p>\n<p>Fone: (53)32277377<\/p>\n<p>E-mail: reservas@curipalacehotel.com.br<\/p>\n<p>Site: www.curipalacehotel.com.br<\/p>\n<p>&nbsp;<\/p>\n<p><strong><span style=\"text-decoration: underline\"><span style=\"color: #0000ff;text-decoration: underline\">&#8211; Curi Hotel Executive ***<\/span><\/span><\/strong><\/p>\n<p>Apartamentos Standard<\/p>\n<p>Single&#8230;&#8230;&#8230;&#8230;&#8230;&#8230;&#8230;&#8230;&#8230;&#8230;&#8230;&#8230;&#8230;&#8230;&#8230;&#8230;&#8230;.R$145,00<\/p>\n<p>Double&#8230;&#8230;&#8230;&#8230;&#8230;&#8230;&#8230;&#8230;&#8230;&#8230;&#8230;&#8230;&#8230;&#8230;&#8230;&#8230;..R$197,00<\/p>\n<p>Triplo&#8230;&#8230;&#8230;&#8230;&#8230;&#8230;&#8230;&#8230;&#8230;&#8230;&#8230;&#8230;&#8230;&#8230;&#8230;&#8230;&#8230;.R$235,00<\/p>\n<p>Apartamentos Standard Superior<\/p>\n<p>Single&#8230;&#8230;&#8230;&#8230;&#8230;&#8230;&#8230;&#8230;&#8230;&#8230;&#8230;&#8230;&#8230;&#8230;&#8230;&#8230;&#8230;.R$152,00<\/p>\n<p>Double&#8230;&#8230;&#8230;&#8230;&#8230;&#8230;&#8230;&#8230;&#8230;&#8230;&#8230;&#8230;&#8230;&#8230;&#8230;&#8230;..R$210,00<\/p>\n<p>Triplo&#8230;&#8230;&#8230;&#8230;&#8230;&#8230;&#8230;&#8230;&#8230;&#8230;&#8230;&#8230;&#8230;&#8230;&#8230;&#8230;&#8230;.R$265,00<\/p>\n<p>Apartamentos Luxo<\/p>\n<p>Single&#8230;&#8230;&#8230;&#8230;&#8230;&#8230;&#8230;&#8230;&#8230;&#8230;&#8230;&#8230;&#8230;&#8230;&#8230;&#8230;&#8230;.R$205,00<\/p>\n<p>Double&#8230;&#8230;&#8230;&#8230;&#8230;&#8230;&#8230;&#8230;&#8230;&#8230;&#8230;&#8230;&#8230;&#8230;&#8230;&#8230;..R$275,00<\/p>\n<p>Triplo&#8230;&#8230;&#8230;&#8230;&#8230;&#8230;&#8230;&#8230;&#8230;&#8230;&#8230;&#8230;&#8230;&#8230;&#8230;&#8230;&#8230;.R$357,00<\/p>\n<p>Estacionamento&#8230;&#8230;&#8230;&#8230;&#8230;&#8230;&#8230;&#8230;&#8230;&#8230;&#8230;..R$18,00<\/p>\n<p>Cama extra&#8230;&#8230;&#8230;&#8230;&#8230;&#8230;&#8230;&#8230;&#8230;&#8230;&#8230;&#8230;&#8230;&#8230;.R$51,00<\/p>\n<p>End: Gen. Os\u00f3rio n. 719, Pelotas, RS<\/p>\n<p>Fone: (53)3227-99-55 E-mail: reservas@hotelcuri.com.br \/ Site: www.hotelcuri.com.br<\/p>\n<p>&nbsp;<\/p>\n<p><span style=\"color: #0000ff\"><strong>&#8211; <u>Estoril Hotel***<\/u><\/strong><\/span><\/p>\n<p><u>Categoria Standard (sem ar condicionado e sem frigobar)<\/u><\/p>\n<p>Single&#8230;&#8230;&#8230;&#8230;&#8230;&#8230;&#8230;&#8230;&#8230;&#8230;&#8230;&#8230;&#8230;&#8230;&#8230;&#8230;&#8230;.R$99,00<\/p>\n<p>Double&#8230;&#8230;&#8230;&#8230;&#8230;&#8230;&#8230;&#8230;&#8230;&#8230;&#8230;&#8230;&#8230;&#8230;&#8230;&#8230;..R$159,00<\/p>\n<p>Triplo&#8230;&#8230;&#8230;&#8230;&#8230;&#8230;&#8230;&#8230;&#8230;&#8230;&#8230;&#8230;&#8230;&#8230;&#8230;&#8230;&#8230;.R$215,00<\/p>\n<p>&nbsp;<\/p>\n<p><u>Categoria Luxo (com ar condicionado e frigobar)<\/u><\/p>\n<p>Single&#8230;&#8230;&#8230;&#8230;&#8230;&#8230;&#8230;&#8230;&#8230;&#8230;&#8230;&#8230;&#8230;&#8230;&#8230;&#8230;&#8230;.R$123,00<\/p>\n<p>Double&#8230;&#8230;&#8230;&#8230;&#8230;&#8230;&#8230;&#8230;&#8230;&#8230;&#8230;&#8230;&#8230;&#8230;&#8230;&#8230;..R$198,00<\/p>\n<p>Triplo&#8230;&#8230;&#8230;&#8230;&#8230;&#8230;&#8230;&#8230;&#8230;&#8230;&#8230;&#8230;&#8230;&#8230;&#8230;&#8230;&#8230;.R$264,00<\/p>\n<p>&nbsp;<\/p>\n<p><strong>End:<\/strong> Gen. Os\u00f3rio n. 720, Pelotas, RS<\/p>\n<p><strong>Fone: <\/strong>(53)3225-01-08<\/p>\n<p><strong>E-mail:<\/strong> <a href=\"mailto:reservas@hotelestoril.net\">reservas@hotelestoril.net<\/a><\/p>\n<p>&nbsp;<\/p>\n<p><span style=\"color: #0000ff\"><strong>&#8211; <u>Hotel Manta***<\/u><\/strong><\/span><\/p>\n<p><u>Apartamento luxo<\/u><\/p>\n<p>Single&#8230;&#8230;&#8230;&#8230;&#8230;&#8230;&#8230;&#8230;&#8230;&#8230;&#8230;&#8230;&#8230;&#8230;&#8230;&#8230;&#8230;.R$149,00<\/p>\n<p>Double&#8230;&#8230;&#8230;&#8230;&#8230;&#8230;&#8230;&#8230;&#8230;&#8230;&#8230;&#8230;&#8230;&#8230;&#8230;&#8230;..R$198,00<\/p>\n<p>Triplo&#8230;&#8230;&#8230;&#8230;&#8230;&#8230;&#8230;&#8230;&#8230;&#8230;&#8230;&#8230;&#8230;&#8230;&#8230;&#8230;&#8230;.R$276,00<\/p>\n<p>Estacionamento&#8230;&#8230;&#8230;&#8230;&#8230;&#8230;&#8230;&#8230;&#8230;&#8230;&#8230;&#8230;R$27,00<\/p>\n<p><strong>End:<\/strong> Gen. Neto n. 1131, Pelotas, RS<\/p>\n<p><strong>Fone:<\/strong> (53)3225-24-11<\/p>\n<p><strong>E-mail:<\/strong> <a href=\"mailto:reservas@hoteismanta.com.br\">reservas@hoteismanta.com.br<\/a><\/p>\n<p>&nbsp;<\/p>\n<ul>\n<li><span style=\"color: #0000ff\"><strong><u>Hotel Jacques Georges Business <\/u><\/strong><\/span><\/li>\n<\/ul>\n<p>Single LUXO&#8230;&#8230;&#8230;&#8230;&#8230;&#8230;&#8230;&#8230;&#8230;&#8230;&#8230;&#8230;&#8230;&#8230;&#8230;&#8230;&#8230;.R$190,00<\/p>\n<p>Duplo\/casal LUXO&#8230;&#8230;&#8230;&#8230;&#8230;&#8230;&#8230;&#8230;&#8230;&#8230;&#8230;&#8230;&#8230;&#8230;.R$250,00<\/p>\n<p>Triplo LUXO&#8230;&#8230;&#8230;&#8230;&#8230;&#8230;&#8230;&#8230;&#8230;&#8230;&#8230;&#8230;&#8230;&#8230;&#8230;&#8230;&#8230;.R$310,00<\/p>\n<p>Su\u00edte LUXO\u2026\u2026\u2026\u2026\u2026\u2026\u2026\u2026\u2026\u2026\u2026\u2026\u2026\u2026\u2026\u2026\u2026\u2026\u2026\u2026&#8230;..R$593,00<\/p>\n<p>Estacionamento\u2026\u2026\u2026\u2026\u2026\u2026\u2026\u2026\u2026\u2026\u2026\u2026\u2026\u2026\u2026\u2026\u2026&#8230;&#8230;R$18,00<\/p>\n<p>&nbsp;<\/p>\n<p><strong>End:<\/strong> Rua Gon\u00e7alves Chaves, 512, Pelotas, RS<\/p>\n<p><strong>Fone:<\/strong> (53)32849000<\/p>\n<p><strong>E-mail:<\/strong> <a href=\"mailto:jgtower@jghotel.com.br\">jgtower@jghotel.com.br<\/a><\/p>\n<p>&nbsp;<\/p>\n<p><span style=\"color: #0000ff\"><strong>&#8211; <u>Curi Hotel***<\/u><\/strong><\/span><\/p>\n<p><u>Apartamentos Standard<\/u><\/p>\n<p>Single&#8230;&#8230;&#8230;&#8230;&#8230;&#8230;&#8230;&#8230;&#8230;&#8230;&#8230;&#8230;&#8230;&#8230;&#8230;&#8230;&#8230;.R$145,00<\/p>\n<p>Double&#8230;&#8230;&#8230;&#8230;&#8230;&#8230;&#8230;&#8230;&#8230;&#8230;&#8230;&#8230;&#8230;&#8230;&#8230;&#8230;..R$197,00<\/p>\n<p>Triplo&#8230;&#8230;&#8230;&#8230;&#8230;&#8230;&#8230;&#8230;&#8230;&#8230;&#8230;&#8230;&#8230;&#8230;&#8230;&#8230;&#8230;.R$235,00<\/p>\n<p><u>Apartamentos Standard Superior<\/u><\/p>\n<p>Single&#8230;&#8230;&#8230;&#8230;&#8230;&#8230;&#8230;&#8230;&#8230;&#8230;&#8230;&#8230;&#8230;&#8230;&#8230;&#8230;&#8230;.R$152,00<\/p>\n<p>Double&#8230;&#8230;&#8230;&#8230;&#8230;&#8230;&#8230;&#8230;&#8230;&#8230;&#8230;&#8230;&#8230;&#8230;&#8230;&#8230;..R$210,00<\/p>\n<p>Triplo&#8230;&#8230;&#8230;&#8230;&#8230;&#8230;&#8230;&#8230;&#8230;&#8230;&#8230;&#8230;&#8230;&#8230;&#8230;&#8230;&#8230;.R$265,00<\/p>\n<p><u>Apartamentos Luxo<\/u><\/p>\n<p>Single&#8230;&#8230;&#8230;&#8230;&#8230;&#8230;&#8230;&#8230;&#8230;&#8230;&#8230;&#8230;&#8230;&#8230;&#8230;&#8230;&#8230;.R$205,00<\/p>\n<p>Double&#8230;&#8230;&#8230;&#8230;&#8230;&#8230;&#8230;&#8230;&#8230;&#8230;&#8230;&#8230;&#8230;&#8230;&#8230;&#8230;..R$275,00<\/p>\n<p>Triplo&#8230;&#8230;&#8230;&#8230;&#8230;&#8230;&#8230;&#8230;&#8230;&#8230;&#8230;&#8230;&#8230;&#8230;&#8230;&#8230;&#8230;.R$357,00<\/p>\n<p>&nbsp;<\/p>\n<p>Estacionamento&#8230;&#8230;&#8230;&#8230;&#8230;&#8230;&#8230;&#8230;&#8230;&#8230;&#8230;..R$18,00<\/p>\n<p>Cama extra&#8230;&#8230;&#8230;&#8230;&#8230;&#8230;&#8230;&#8230;&#8230;&#8230;&#8230;&#8230;&#8230;&#8230;.R$51,00<\/p>\n<p>&nbsp;<\/p>\n<p><strong>End: <\/strong>Gen. Os\u00f3rio n. 719, Pelotas, RS<\/p>\n<p><strong>Fone:<\/strong> (53)3227-99-55<\/p>\n<p><strong>E-mail:<\/strong> <a href=\"mailto:reservas@hotelcuri.com.br\">reservas@hotelcuri.com.br<\/a><\/p>\n<p><strong>Site:<\/strong> <a href=\"http:\/\/www.hotelcuri.com.br\">www.hotelcuri.com.br<\/a><\/p>\n<p>&nbsp;<\/p>\n<ul>\n<li><span style=\"color: #0000ff\"><strong><u>Hostel Hello<\/u><\/strong><\/span><\/li>\n<\/ul>\n<p>Privativo (c\/ caf\u00e9 da manh\u00e3)<\/p>\n<p>1 pessoa\u2026\u2026\u2026\u2026\u2026\u2026\u2026\u2026\u2026\u2026\u2026\u2026\u2026\u2026R$90,00<\/p>\n<p>2 pessoas\u2026\u2026\u2026\u2026\u2026\u2026\u2026\u2026\u2026\u2026\u2026\u2026\u2026..R$145,00<\/p>\n<p>Compartilhado s\/ caf\u00e9&#8230;&#8230;&#8230;&#8230;&#8230;.R$42,00<\/p>\n<p>Compartilhado c\/ caf\u00e9&#8230;&#8230;&#8230;&#8230;&#8230;.R$51,00<\/p>\n<p><strong>End:<\/strong> Rua XV de novembro, n. 958, Pelotas, RS<\/p>\n<p><strong>Fone:<\/strong> (53)3302-70-01<\/p>\n<p><strong>Site:<\/strong> <a href=\"http:\/\/www.hostelhello.com.br\">www.hostelhello.com.br<\/a><\/p>\n<p>&nbsp;<\/p>\n<p><span style=\"color: #0000ff\"><strong>\u00a0<\/strong><strong>&#8211; <u>Hotel 7 Flat<\/u><\/strong><\/span><\/p>\n<p>Flat Luxo<\/p>\n<p>N\u00famero de pessoas \u2013 para 20 pessoas<\/p>\n<p>1 c\/ar&#8230;&#8230;&#8230;&#8230;&#8230;&#8230;&#8230;&#8230;&#8230;&#8230;&#8230;&#8230;&#8230;R$245,00<\/p>\n<p>2 c\/ar&#8230;&#8230;&#8230;&#8230;&#8230;&#8230;&#8230;&#8230;&#8230;&#8230;&#8230;&#8230;&#8230;.R$277,00<\/p>\n<p>3 c\/ar&#8230;&#8230;&#8230;&#8230;&#8230;&#8230;&#8230;&#8230;&#8230;&#8230;&#8230;&#8230;&#8230;R$337,00<\/p>\n<p>4 c\/ar&#8230;&#8230;&#8230;&#8230;&#8230;&#8230;&#8230;&#8230;&#8230;&#8230;&#8230;&#8230;&#8230;R$397,00<\/p>\n<p>&nbsp;<\/p>\n<p>Flat Super Luxo<\/p>\n<p>N\u00famero de pessoas<\/p>\n<p>1 c\/ar&#8230;&#8230;&#8230;&#8230;&#8230;&#8230;&#8230;&#8230;&#8230;&#8230;&#8230;&#8230;&#8230;R$297,00<\/p>\n<p>2 c\/ar&#8230;&#8230;&#8230;&#8230;&#8230;&#8230;&#8230;&#8230;&#8230;&#8230;&#8230;&#8230;&#8230;.R$327,00<\/p>\n<p>3 c\/ar&#8230;&#8230;&#8230;&#8230;&#8230;&#8230;&#8230;&#8230;&#8230;&#8230;&#8230;&#8230;&#8230;R$397,00<\/p>\n<p>4 c\/ar&#8230;&#8230;&#8230;&#8230;&#8230;&#8230;&#8230;&#8230;&#8230;&#8230;&#8230;&#8230;&#8230;R$467,00<\/p>\n<p>5 c\/ar&#8230;&#8230;&#8230;&#8230;&#8230;&#8230;&#8230;&#8230;&#8230;&#8230;&#8230;&#8230;&#8230;R$527,00<\/p>\n<p><strong>End<\/strong>: Rua Gon\u00e7alves Chaves n. 707, Pelotas \u2013 RS<\/p>\n<p><strong>Fone:<\/strong> (53) 3027-7787<\/p>\n<p><strong>E-mail<\/strong>: <a href=\"mailto:contato@flat7.com.br\">contato@flat7.com.br<\/a><\/p>\n<p><strong>Site:<\/strong> www.flat7.com.br<\/p>\n<p>&nbsp;<\/p>\n<p><span style=\"color: #0000ff\"><strong>&#8211; <u>Apart Hotel M. Tower<\/u><\/strong><\/span><\/p>\n<p>Single&#8230;&#8230;&#8230;&#8230;&#8230;&#8230;&#8230;&#8230;&#8230;&#8230;&#8230;&#8230;&#8230;&#8230;&#8230;&#8230;&#8230;.R$219,00<\/p>\n<p>Double&#8230;&#8230;&#8230;&#8230;&#8230;&#8230;&#8230;&#8230;&#8230;&#8230;&#8230;&#8230;&#8230;&#8230;&#8230;&#8230;..R$279,00<\/p>\n<p>Triplo&#8230;&#8230;&#8230;&#8230;&#8230;&#8230;&#8230;&#8230;&#8230;&#8230;&#8230;&#8230;&#8230;&#8230;&#8230;&#8230;&#8230;.R$394,00<\/p>\n<p>Qu\u00e1druplo\u2026\u2026\u2026\u2026\u2026\u2026\u2026\u2026\u2026\u2026\u2026\u2026\u2026\u2026\u2026\u2026\u2026\u2026..R$468,00<\/p>\n<p><strong>End<\/strong>: Rua F\u00e9lix da Cunha n. 213, Pelotas \u2013 RS<\/p>\n<p><strong>Fone:<\/strong> (53) 3027-5500<\/p>\n<p><strong>E-mail<\/strong>: <a href=\"mailto:contato@mtoweraparthotel.com.br\">contato@mtoweraparthotel.com.br<\/a><\/p>\n<p><strong>Site:<\/strong> www.mtoweraparthotel.com.br<\/p>\n<p>&nbsp;<\/p>\n<p><span style=\"color: #ff0000\"><strong><u>Hot\u00e9is sem desconto para o evento<\/u><\/strong><\/span><\/p>\n<p><span style=\"color: #0000ff\"><strong>&#8211; <u>Alles blau***<\/u><\/strong><\/span><\/p>\n<p><u>Apartamentos Luxo<\/u><\/p>\n<p>Single&#8230;&#8230;&#8230;&#8230;&#8230;&#8230;&#8230;&#8230;&#8230;&#8230;&#8230;&#8230;&#8230;&#8230;&#8230;&#8230;&#8230;.R$135,00<\/p>\n<p>Double&#8230;&#8230;&#8230;&#8230;&#8230;&#8230;&#8230;&#8230;&#8230;&#8230;&#8230;&#8230;&#8230;&#8230;&#8230;&#8230;..R$198,00<\/p>\n<p>Triplo&#8230;&#8230;&#8230;&#8230;&#8230;&#8230;&#8230;&#8230;&#8230;&#8230;&#8230;&#8230;&#8230;&#8230;&#8230;&#8230;&#8230;.R$250,00<\/p>\n<p><strong>End:<\/strong> Rua 7 de setembro n. 354, Pelotas, RS<\/p>\n<p><strong>Fone:<\/strong> (53)3222-22-23<\/p>\n<p><strong>E-mail:<\/strong> <a href=\"mailto:alesblau@uol.com.br\">alesblau@uol.com.br<\/a>. <strong>Site:<\/strong> <a href=\"http:\/\/www.hotelallesblau.com.br\">www.hotelallesblau.com.br<\/a><\/p>\n<p>&nbsp;<\/p>\n<p>&nbsp;<\/p>\n<p><span style=\"color: #3366ff\"><strong>&#8211; <u>Hotel Aleppo***<\/u><\/strong><\/span><\/p>\n<p>N\u00famero de pessoas<\/p>\n<p>1 pessoa \u2013 apto sem ar condicionado &#8230;&#8230;&#8230;&#8230;&#8230;&#8230;&#8230;&#8230;&#8230;&#8230;&#8230;&#8230;.R$90,00<\/p>\n<p>1 pessoa &#8211; com ar condicionado&#8230;&#8230;&#8230;&#8230;&#8230;&#8230;&#8230;&#8230;&#8230;&#8230;&#8230;&#8230;&#8230;R$115,00<\/p>\n<p>2 pessoas \u2013 apto sem ar condicionado &#8230;&#8230;&#8230;&#8230;&#8230;&#8230;&#8230;&#8230;&#8230;R$150,00<\/p>\n<p>2 pessoas &#8211; com ar condicionado &#8230;&#8230;&#8230;&#8230;&#8230;&#8230;&#8230;&#8230;&#8230;&#8230;&#8230;&#8230;R$175,00<\/p>\n<p>3 pessoas \u2013 apto sem ar condicionado&#8230;&#8230;&#8230;&#8230;&#8230;&#8230;&#8230;&#8230;. &#8230;R$180,00<\/p>\n<p>3 pessoas &#8211; com ar condicionado&#8230;&#8230;&#8230;&#8230;&#8230;&#8230;&#8230;&#8230;&#8230;&#8230;&#8230;&#8230;..R$205,00<\/p>\n<p>4 pessoas \u2013 apto sem ar condicionado&#8230;&#8230;&#8230;&#8230;&#8230;&#8230;&#8230;&#8230;&#8230;&#8230;R$200,00<\/p>\n<p>4 pessoas &#8211; com ar condicionado&#8230;&#8230;&#8230;&#8230;&#8230;&#8230;&#8230;&#8230;&#8230;&#8230;&#8230;&#8230;&#8230;R$225,00<\/p>\n<p>5 pessoas \u2013 apto sem ar condicionado&#8230;&#8230;&#8230;&#8230;&#8230;&#8230;&#8230;&#8230;&#8230;&#8230;..R$225,00<\/p>\n<p>5 pessoas &#8211; com ar condicionado&#8230;&#8230;&#8230;&#8230;&#8230;&#8230;&#8230;&#8230;&#8230;&#8230;&#8230;&#8230;&#8230;..R$250,00<\/p>\n<p><strong>End:<\/strong> Gen. Os\u00f3rio n. 708 A, Pelotas, RS<\/p>\n<p><strong>Fone: <\/strong>(53)3225-39-50<\/p>\n<p><strong>Site:<\/strong> <a href=\"http:\/\/www.aleppohotel.com.br\">www.aleppohotel.com.br<\/a><\/p>\n<p>&nbsp;<\/p>\n<p><span style=\"font-size: 18pt;color: #339966\">*** Hot\u00e9is pr\u00f3ximos ao local do evento.<\/span><\/p>\n","protected":false},"excerpt":{"rendered":"<p>Op\u00e7\u00f5es de hot\u00e9is com desconto para o III Encontro Ga\u00facho de Micologia \u00a0 Informar que a reserva \u00e9 para um evento da UFPel. &#8211; Curi Palace Hotel (onde ser\u00e1 o evento) Single&#8230;&#8230;&#8230;&#8230;&#8230;&#8230;&#8230;&#8230;&#8230;&#8230;&#8230;&#8230;&#8230;&#8230;&#8230;&#8230;&#8230;.R$168,00 Double \u2026\u2026\u2026\u2026&#8230;&#8230;&#8230;&#8230;&#8230;&#8230;&#8230;&#8230;&#8230;&#8230;&#8230;&#8230;&#8230;R$ 212,00 End: Rua General Neto, 1279, Pelotas, RS Fone: (53)32277377 E-mail: reservas@curipalacehotel.com.br Site: www.curipalacehotel.com.br &nbsp; &#8211; Curi Hotel Executive *** Apartamentos [&hellip;]<\/p>\n","protected":false},"author":690,"featured_media":0,"parent":0,"menu_order":0,"comment_status":"closed","ping_status":"closed","template":"","meta":{"footnotes":""},"class_list":["post-102","page","type-page","status-publish","hentry"],"_links":{"self":[{"href":"https:\/\/wp.ufpel.edu.br\/encontrogauchomicologia\/wp-json\/wp\/v2\/pages\/102","targetHints":{"allow":["GET"]}}],"collection":[{"href":"https:\/\/wp.ufpel.edu.br\/encontrogauchomicologia\/wp-json\/wp\/v2\/pages"}],"about":[{"href":"https:\/\/wp.ufpel.edu.br\/encontrogauchomicologia\/wp-json\/wp\/v2\/types\/page"}],"author":[{"embeddable":true,"href":"https:\/\/wp.ufpel.edu.br\/encontrogauchomicologia\/wp-json\/wp\/v2\/users\/690"}],"replies":[{"embeddable":true,"href":"https:\/\/wp.ufpel.edu.br\/encontrogauchomicologia\/wp-json\/wp\/v2\/comments?post=102"}],"version-history":[{"count":4,"href":"https:\/\/wp.ufpel.edu.br\/encontrogauchomicologia\/wp-json\/wp\/v2\/pages\/102\/revisions"}],"predecessor-version":[{"id":127,"href":"https:\/\/wp.ufpel.edu.br\/encontrogauchomicologia\/wp-json\/wp\/v2\/pages\/102\/revisions\/127"}],"wp:attachment":[{"href":"https:\/\/wp.ufpel.edu.br\/encontrogauchomicologia\/wp-json\/wp\/v2\/media?parent=102"}],"curies":[{"name":"wp","href":"https:\/\/api.w.org\/{rel}","templated":true}]}}