{"id":2,"date":"2013-06-28T15:34:38","date_gmt":"2013-06-28T15:34:38","guid":{"rendered":"https:\/\/wp.ufpel.edu.br\/empre\/?page_id=2"},"modified":"2013-07-22T15:34:51","modified_gmt":"2013-07-22T18:34:51","slug":"sobre-o-evento","status":"publish","type":"page","link":"https:\/\/wp.ufpel.edu.br\/empre\/","title":{"rendered":"Sobre o evento"},"content":{"rendered":"<p><strong>Inscri\u00e7\u00f5es Gratuitas<\/strong><\/p>\n<p>Nos \u00faltimos anos a UFPel cresceu no ensino de gradua\u00e7\u00e3o e de p\u00f3s-gradua\u00e7\u00e3o e tamb\u00e9m em pesquisas nas mais variadas \u00e1reas do conhecimento, no entanto, o desafio agora \u00e9 transformar este crescimento em inova\u00e7\u00f5es que resultem em desenvolvimento do pa\u00eds.<\/p>\n<p>Como a inova\u00e7\u00e3o e o empreendedorismo s\u00e3o cada vez mais importantes na produtividade dos fatores de crescimento de um pa\u00eds, estimular estes conhecimentos entre os P\u00f3s-Graduandos \u00e9 fundamental para que no Brasil possamos ter empreendedores qualificados.<\/p>\n<p>O objetivo deste workshop \u00e9 discutir como a UFPel pode contribuir para a forma\u00e7\u00e3o de mestres e doutores mais preparados para intervirem no desenvolvimento atrav\u00e9s da sua inser\u00e7\u00e3o no \u201cmundo do trabalho\u201d de forma inovadora e empreendedora. Para tanto, no evento apresentaremos mesas redondas, discuss\u00f5es e casos onde a audi\u00eancia adquirir\u00e1 conhecimentos sobre possibilidades de inova\u00e7\u00e3o durante e ap\u00f3s a realiza\u00e7\u00e3o dos cursos de P\u00f3s-gradua\u00e7\u00e3o.<\/p>\n<p>Contatos:<br \/>\n<a href=\"mailto:rafaeldasilvagoncalves@gmail.com\" target=\"_blank\">rafaeldasilvagoncalves@gmail.com<\/a><br \/>\n<a href=\"mailto:sandro_ufpel@hotmail.com\" target=\"_blank\">sandro_ufpel@hotmail.com<\/a><br \/>\n<a href=\"mailto:caneverm@gmail.com\" target=\"_blank\">caneverm@gmail.com<\/a><\/p>\n","protected":false},"excerpt":{"rendered":"<p>Inscri\u00e7\u00f5es Gratuitas Nos \u00faltimos anos a UFPel cresceu no ensino de gradua\u00e7\u00e3o e de p\u00f3s-gradua\u00e7\u00e3o e tamb\u00e9m em pesquisas nas mais variadas \u00e1reas do conhecimento, no entanto, o desafio agora \u00e9 transformar este crescimento em inova\u00e7\u00f5es que resultem em desenvolvimento do pa\u00eds. Como a inova\u00e7\u00e3o e o empreendedorismo s\u00e3o cada vez mais importantes na produtividade [&hellip;]<\/p>\n","protected":false},"author":284,"featured_media":0,"parent":0,"menu_order":1,"comment_status":"closed","ping_status":"open","template":"","meta":{"footnotes":""},"class_list":["post-2","page","type-page","status-publish","hentry"],"_links":{"self":[{"href":"https:\/\/wp.ufpel.edu.br\/empre\/wp-json\/wp\/v2\/pages\/2","targetHints":{"allow":["GET"]}}],"collection":[{"href":"https:\/\/wp.ufpel.edu.br\/empre\/wp-json\/wp\/v2\/pages"}],"about":[{"href":"https:\/\/wp.ufpel.edu.br\/empre\/wp-json\/wp\/v2\/types\/page"}],"author":[{"embeddable":true,"href":"https:\/\/wp.ufpel.edu.br\/empre\/wp-json\/wp\/v2\/users\/284"}],"replies":[{"embeddable":true,"href":"https:\/\/wp.ufpel.edu.br\/empre\/wp-json\/wp\/v2\/comments?post=2"}],"version-history":[{"count":8,"href":"https:\/\/wp.ufpel.edu.br\/empre\/wp-json\/wp\/v2\/pages\/2\/revisions"}],"predecessor-version":[{"id":29,"href":"https:\/\/wp.ufpel.edu.br\/empre\/wp-json\/wp\/v2\/pages\/2\/revisions\/29"}],"wp:attachment":[{"href":"https:\/\/wp.ufpel.edu.br\/empre\/wp-json\/wp\/v2\/media?parent=2"}],"curies":[{"name":"wp","href":"https:\/\/api.w.org\/{rel}","templated":true}]}}