{"id":7383,"date":"2015-11-29T14:29:36","date_gmt":"2015-11-29T16:29:36","guid":{"rendered":"https:\/\/wp.ufpel.edu.br\/empauta\/?page_id=7383"},"modified":"2024-08-27T18:25:12","modified_gmt":"2024-08-27T21:25:12","slug":"participe","status":"publish","type":"page","link":"https:\/\/wp.ufpel.edu.br\/empauta\/participe\/","title":{"rendered":"Participe"},"content":{"rendered":"<p>Se voc\u00ea, aluno do Jornalismo da UFPel, tem interesse em participar do Em Pauta, \u00e9 f\u00e1cil. \ud83d\ude42<\/p>\n<p>Basta criar uma mat\u00e9ria com o assunto de seu interesse e enviar pra gente atrav\u00e9s do e-mail empautaweb75@gmail.com.<\/p>\n<p>Estamos te esperando. Participe!<\/p>\n","protected":false},"excerpt":{"rendered":"<p>Se voc\u00ea, aluno do Jornalismo da UFPel, tem interesse em participar do Em Pauta, \u00e9 f\u00e1cil. \ud83d\ude42 Basta criar uma mat\u00e9ria com o assunto de seu interesse e enviar pra gente atrav\u00e9s do e-mail&#46;&#46;&#46;<\/p>\n","protected":false},"author":587,"featured_media":0,"parent":0,"menu_order":0,"comment_status":"closed","ping_status":"closed","template":"","meta":{"jetpack_post_was_ever_published":false,"footnotes":""},"class_list":["post-7383","page","type-page","status-publish","hentry"],"jetpack_sharing_enabled":true,"jetpack_shortlink":"https:\/\/wp.me\/P6Xvzq-1V5","jetpack-related-posts":[{"id":13893,"url":"https:\/\/wp.ufpel.edu.br\/empauta\/em-pauta-noticias\/","url_meta":{"origin":7383,"position":0},"title":"Em Pauta Not\u00edcias","author":"Em Pauta","date":"05\/11\/2019","format":false,"excerpt":"","rel":"","context":"Post similar","block_context":{"text":"Post similar","link":""},"img":{"alt_text":"","src":"","width":0,"height":0},"classes":[]},{"id":7289,"url":"https:\/\/wp.ufpel.edu.br\/empauta\/a-equipe\/","url_meta":{"origin":7383,"position":1},"title":"A Equipe","author":"Em Pauta","date":"20\/11\/2015","format":false,"excerpt":"O Em Pauta\u00a0\u00e9 formado\u00a0por docentes e acad\u00eamicos do curso de Jornalismo da Universidade Federal de Pelotas (UFPel). Al\u00e9m da equipe fixa, nossa ag\u00eancia recebe materiais de diversos estudantes do curso, que atuam como colaboradores. Equipe fixa: Em Pauta Web Prof. Carlos Dominguez (Professor\/Coordenador) Em Pauta TV Prof\u00aa. Marislei Ribeiro (Professora\/Coordenadora)\u2026","rel":"","context":"Post similar","block_context":{"text":"Post similar","link":""},"img":{"alt_text":"","src":"","width":0,"height":0},"classes":[]},{"id":2,"url":"https:\/\/wp.ufpel.edu.br\/empauta\/pagina-exemplo\/","url_meta":{"origin":7383,"position":2},"title":"O Em Pauta","author":"Em Pauta","date":"03\/11\/2015","format":false,"excerpt":"","rel":"","context":"Post similar","block_context":{"text":"Post similar","link":""},"img":{"alt_text":"","src":"","width":0,"height":0},"classes":[]},{"id":20343,"url":"https:\/\/wp.ufpel.edu.br\/empauta\/reportagem-especial\/","url_meta":{"origin":7383,"position":3},"title":"Reportagem especial","author":"Em Pauta","date":"10\/09\/2024","format":false,"excerpt":"","rel":"","context":"Post similar","block_context":{"text":"Post similar","link":""},"img":{"alt_text":"","src":"","width":0,"height":0},"classes":[]},{"id":7462,"url":"https:\/\/wp.ufpel.edu.br\/empauta\/revistas\/","url_meta":{"origin":7383,"position":4},"title":"Revistas","author":"Em Pauta","date":"04\/12\/2015","format":false,"excerpt":"2016 Revista_Pr\u00e1ticas_2016 2015 Revista Universo -1\u00aa Edi\u00e7\u00e3o de 2015 2014 Revista Universo - 3\u00aa Edi\u00e7\u00e3o de 2014","rel":"","context":"Post similar","block_context":{"text":"Post similar","link":""},"img":{"alt_text":"","src":"","width":0,"height":0},"classes":[]}],"_links":{"self":[{"href":"https:\/\/wp.ufpel.edu.br\/empauta\/wp-json\/wp\/v2\/pages\/7383","targetHints":{"allow":["GET"]}}],"collection":[{"href":"https:\/\/wp.ufpel.edu.br\/empauta\/wp-json\/wp\/v2\/pages"}],"about":[{"href":"https:\/\/wp.ufpel.edu.br\/empauta\/wp-json\/wp\/v2\/types\/page"}],"author":[{"embeddable":true,"href":"https:\/\/wp.ufpel.edu.br\/empauta\/wp-json\/wp\/v2\/users\/587"}],"replies":[{"embeddable":true,"href":"https:\/\/wp.ufpel.edu.br\/empauta\/wp-json\/wp\/v2\/comments?post=7383"}],"version-history":[{"count":14,"href":"https:\/\/wp.ufpel.edu.br\/empauta\/wp-json\/wp\/v2\/pages\/7383\/revisions"}],"predecessor-version":[{"id":20276,"href":"https:\/\/wp.ufpel.edu.br\/empauta\/wp-json\/wp\/v2\/pages\/7383\/revisions\/20276"}],"wp:attachment":[{"href":"https:\/\/wp.ufpel.edu.br\/empauta\/wp-json\/wp\/v2\/media?parent=7383"}],"curies":[{"name":"wp","href":"https:\/\/api.w.org\/{rel}","templated":true}]}}