{"id":586,"date":"2023-05-11T14:28:04","date_gmt":"2023-05-11T17:28:04","guid":{"rendered":"https:\/\/wp.ufpel.edu.br\/emicrosim2023\/?page_id=586"},"modified":"2024-09-24T20:34:56","modified_gmt":"2024-09-24T23:34:56","slug":"inscricoes","status":"publish","type":"page","link":"https:\/\/wp.ufpel.edu.br\/emicrosim2024\/inscricoes\/","title":{"rendered":"Inscri\u00e7\u00f5es"},"content":{"rendered":"<p>Abaixo a tabela de valores das inscri\u00e7\u00f5es do EMicro\/SIM 2024<\/p>\n<table style=\"border-collapse: collapse; width: 100%; height: 156px;\" border=\"0\">\n<tbody>\n<tr style=\"height: 24px;\">\n<th style=\"width: 23%; height: 24px; text-align: center;\"><span style=\"font-size: 14pt; color: #000000;\">CATEGORIA<\/span><\/th>\n<th style=\"width: 23%; height: 24px; text-align: center;\"><span style=\"font-size: 14pt; color: #000000;\">V\u00cdNCULO<\/span><\/th>\n<th style=\"width: 18%; height: 24px; text-align: center;\"><span style=\"font-size: 14pt; color: #000000;\">AT\u00c9 19\/04<\/span><\/th>\n<th style=\"width: 18%; height: 24px; text-align: center;\"><span style=\"font-size: 14pt; color: #000000;\">AP\u00d3S 19\/04<\/span><\/th>\n<\/tr>\n<tr style=\"height: 24px;\">\n<td style=\"width: 23%; height: 48px; background: #ede9ff; text-align: center;\" rowspan=\"2\"><span style=\"font-size: 14pt; color: #000000;\">Estudantes de Gradua\u00e7\u00e3o<\/span><\/td>\n<td style=\"height: 24px; background: #ede9ff; text-align: center; width: 23%;\"><span style=\"color: #000000;\">S\u00f3cio IEEE*\/SBC\/SBMicro<\/span><\/td>\n<td style=\"height: 24px; background: #ede9ff; text-align: center; width: 18%;\"><span style=\"color: #000000;\">R$ 40,00<\/span><\/td>\n<td style=\"width: 18%; background: #ede9ff; height: 24px; text-align: center;\"><span style=\"color: #000000;\">R$ 60,00<\/span><\/td>\n<\/tr>\n<tr style=\"height: 24px;\">\n<td style=\"text-align: center; width: 23%; background: #ede9ff; height: 24px;\"><span style=\"color: #000000;\">N\u00e3o s\u00f3cio<\/span><\/td>\n<td style=\"text-align: center; width: 18%; background: #ede9ff; height: 24px;\"><span style=\"color: #000000;\">R$ 60,00<\/span><\/td>\n<td style=\"width: 18%; height: 24px; background: #ede9ff; text-align: center;\"><span style=\"color: #000000;\">R$ 80,00<\/span><\/td>\n<\/tr>\n<tr style=\"height: 24px;\">\n<td style=\"width: 23%; height: 48px; background: #faf8ff; text-align: center;\" rowspan=\"2\"><span style=\"font-size: 14pt; color: #000000;\">Estudantes de P\u00f3s-Gradua\u00e7\u00e3o<\/span><\/td>\n<td style=\"width: 23%; height: 24px; background: #faf8ff; text-align: center;\"><span style=\"color: #000000;\">S\u00f3cio IEEE*\/SBC\/SBMicro<\/span><\/td>\n<td style=\"width: 18%; height: 24px; background: #faf8ff; text-align: center;\"><span style=\"color: #000000;\">R$ 70,00<\/span><\/td>\n<td style=\"width: 18%; height: 24px; background: #faf8ff; text-align: center;\"><span style=\"color: #000000;\">R$ 90,00<\/span><\/td>\n<\/tr>\n<tr style=\"height: 24px;\">\n<td style=\"width: 23%; height: 24px; background: #faf8ff; text-align: center;\"><span style=\"color: #000000;\">N\u00e3o s\u00f3cio<\/span><\/td>\n<td style=\"width: 18%; height: 24px; background: #faf8ff; text-align: center;\"><span style=\"color: #000000;\">R$ 90,00<\/span><\/td>\n<td style=\"width: 18%; height: 24px; background: #faf8ff; text-align: center;\"><span style=\"color: #000000;\">R$ 110,00<\/span><\/td>\n<\/tr>\n<tr style=\"height: 24px;\">\n<td style=\"width: 23%; height: 48px; background: #ede9ff; text-align: center;\" rowspan=\"2\"><span style=\"font-size: 14pt; color: #000000;\">Profissionais<\/span><\/td>\n<td style=\"width: 23%; height: 24px; background: #ede9ff; text-align: center;\"><span style=\"color: #000000;\">S\u00f3cio IEEE*\/SBC\/SBMicro<\/span><\/td>\n<td style=\"width: 18%; height: 24px; background: #ede9ff; text-align: center;\"><span style=\"color: #000000;\">R$ 150,00<\/span><\/td>\n<td style=\"width: 18%; height: 24px; background: #ede9ff; text-align: center;\"><span style=\"color: #000000;\">R$ 200,00<\/span><\/td>\n<\/tr>\n<tr style=\"height: 24px;\">\n<td style=\"width: 23%; height: 24px; background: #ede9ff; text-align: center;\"><span style=\"color: #000000;\">N\u00e3o s\u00f3cio<\/span><\/td>\n<td style=\"width: 18%; height: 24px; background: #ede9ff; text-align: center;\"><span style=\"color: #000000;\">R$ 250,00<\/span><\/td>\n<td style=\"width: 18%; height: 24px; background: #ede9ff; text-align: center;\"><span style=\"color: #000000;\">R$ 300,00<\/span><\/td>\n<\/tr>\n<\/tbody>\n<\/table>\n<p><em><span style=\"color: #000000;\">*A IEEE\/CASS ir\u00e1 fornecer o jantar de quarta-feira (02\/10) aos s\u00f3cios. O jantar ter\u00e1 custo de R$ 150,00 para n\u00e3o membros do IEEE\/CASS que desejem participar.<\/span><br \/>\n<span style=\"font-size: 14pt;\"><strong><span style=\"color: #000000;\">ATEN\u00c7\u00c3O: a comprova\u00e7\u00e3o de associa\u00e7\u00e3o \u00e0 IEEE CASS s\u00f3 ser\u00e1 contabilizada se o seguinte documento for enviado ap\u00f3s fazer o registro: <span style=\"color: #333399;\"><a style=\"color: #333399;\" href=\"https:\/\/wp.ufpel.edu.br\/emicrosim2024\/files\/2024\/04\/MEMCAS004.pdf\" target=\"_blank\" rel=\"noopener\">Exemplo Certificado IEEE CASS<\/a><\/span><br \/>\nO documento pode ser obtida na \u00e1rea de membros no site da IEEE (<a href=\"https:\/\/www.ieee.org\/\">ieee.org<\/a>). Pedimos que o envio seja feito at\u00e9 dia 19\/04.<\/span><\/strong><\/span><br \/>\n<\/em><\/p>\n<p>&nbsp;<\/p>\n<h5 style=\"text-align: center;\"><span style=\"font-size: 18pt;\"><a class=\"wp-block-button__link has-white-color has-text-color has-background\" style=\"background-color: #261851;\" href=\"https:\/\/event.sbmicro.org.br\/form\/15\/hGMt4ERKm7agdrycBpWA2HCD_Yi6VOvuLQZUsXNz5S-8T0kf9e\" target=\"_blank\" rel=\"noreferrer noopener\"><strong><span style=\"color: #ffffff;\">Link para inscri\u00e7\u00e3o<\/span><\/strong><\/a><\/span><\/h5>\n<p>&nbsp;<\/p>\n<p>&nbsp;<\/p>\n","protected":false},"excerpt":{"rendered":"<p>Abaixo a tabela de valores das inscri\u00e7\u00f5es do EMicro\/SIM 2024 CATEGORIA V\u00cdNCULO AT\u00c9 19\/04 AP\u00d3S 19\/04 Estudantes de Gradua\u00e7\u00e3o S\u00f3cio IEEE*\/SBC\/SBMicro R$ 40,00 R$ 60,00 N\u00e3o s\u00f3cio R$ 60,00 R$ 80,00 Estudantes de P\u00f3s-Gradua\u00e7\u00e3o&#46;&#46;&#46;<\/p>\n","protected":false},"author":746,"featured_media":0,"parent":0,"menu_order":0,"comment_status":"closed","ping_status":"closed","template":"","meta":{"footnotes":""},"class_list":["post-586","page","type-page","status-publish","hentry"],"_links":{"self":[{"href":"https:\/\/wp.ufpel.edu.br\/emicrosim2024\/wp-json\/wp\/v2\/pages\/586","targetHints":{"allow":["GET"]}}],"collection":[{"href":"https:\/\/wp.ufpel.edu.br\/emicrosim2024\/wp-json\/wp\/v2\/pages"}],"about":[{"href":"https:\/\/wp.ufpel.edu.br\/emicrosim2024\/wp-json\/wp\/v2\/types\/page"}],"author":[{"embeddable":true,"href":"https:\/\/wp.ufpel.edu.br\/emicrosim2024\/wp-json\/wp\/v2\/users\/746"}],"replies":[{"embeddable":true,"href":"https:\/\/wp.ufpel.edu.br\/emicrosim2024\/wp-json\/wp\/v2\/comments?post=586"}],"version-history":[{"count":26,"href":"https:\/\/wp.ufpel.edu.br\/emicrosim2024\/wp-json\/wp\/v2\/pages\/586\/revisions"}],"predecessor-version":[{"id":1512,"href":"https:\/\/wp.ufpel.edu.br\/emicrosim2024\/wp-json\/wp\/v2\/pages\/586\/revisions\/1512"}],"wp:attachment":[{"href":"https:\/\/wp.ufpel.edu.br\/emicrosim2024\/wp-json\/wp\/v2\/media?parent=586"}],"curies":[{"name":"wp","href":"https:\/\/api.w.org\/{rel}","templated":true}]}}