{"id":293,"date":"2022-06-24T08:33:46","date_gmt":"2022-06-24T11:33:46","guid":{"rendered":"https:\/\/wp.ufpel.edu.br\/dpvsa2022\/?page_id=2"},"modified":"2024-10-08T09:52:53","modified_gmt":"2024-10-08T12:52:53","slug":"sobre","status":"publish","type":"page","link":"https:\/\/wp.ufpel.edu.br\/emicrosim2024\/","title":{"rendered":"Sobre"},"content":{"rendered":"<h1 style=\"text-align: center;\"><a href=\"https:\/\/wp.ufpel.edu.br\/emicrosim2024\/files\/2024\/10\/foto_EmicroSim2024.jpg\" target=\"_blank\" rel=\"noopener\"><img loading=\"lazy\" decoding=\"async\" class=\"aligncenter wp-image-1556\" src=\"https:\/\/wp.ufpel.edu.br\/emicrosim2024\/files\/2024\/10\/foto_EmicroSim2024-1024x768.jpg\" alt=\"EmicroSim2024\" width=\"600\" height=\"450\" \/><\/a><strong><span style=\"font-size: 36pt; color: #000000;\">Nos vemos na EMicro\/SIM 2025!!<\/span><\/strong><\/h1>\n<h3><\/h3>\n<h3 style=\"text-align: center;\"><strong><span style=\"font-size: 24pt;\"><span style=\"font-size: 18pt;\"><a href=\"https:\/\/drive.google.com\/drive\/folders\/1ywDWrOCPpr3mcOPOThCKQCPbJjviWofO?usp=drive_link\" target=\"_blank\" rel=\"noopener\">Confira as fotos da EMicro\/SIM 2024<\/a><\/span><br \/>\n<\/span><\/strong><\/h3>\n<hr \/>\n<h3><\/h3>\n<p><span style=\"color: #000000;\">Atualiza\u00e7\u00f5es do EMICRO\/SIM 2024<\/span><\/p>\n<p><span style=\"color: #000000;\">Informamos a seguir as novas data e local de realiza\u00e7\u00e3o do evento EMICRO\/SIM 2024.<\/span><\/p>\n<p><span style=\"font-size: 12pt; color: #000000;\"><span style=\"font-size: 14pt;\"><strong>Data<\/strong>: de 30 de setembro a 03 de outubro de 2024.<\/span><br \/>\n<span style=\"font-size: 14pt;\"><strong>Local<\/strong>: IFSUL Campus Bag\u00e9 (<span class=\"LrzXr\">Av. Leonel de Moura Brizola &#8211; Pedras Brancas, Bag\u00e9) <\/span><\/span><br \/>\n<\/span><\/p>\n<p>&nbsp;<\/p>\n<hr \/>\n<h3><\/h3>\n<h3><span style=\"color: #000000;\"><strong>Apresenta\u00e7\u00e3o<\/strong><\/span><\/h3>\n<p><span style=\"color: #000000;\">A Escola Sul de Microeletr\u00f4nica (EMicro) e o Simp\u00f3sio Sul de Microeletr\u00f4nica (SIM) s\u00e3o eventos de \u00e2mbito regional realizados pela Sociedade Brasileira de Computa\u00e7\u00e3o (SBC) e pela Sociedade Brasileira de Microeletr\u00f4nica (SBMicro) e pelo cap\u00edtulo IEEE CASS Rio Grande do Sul (CASS-RS). Os eventos congregam palestrantes de reconhecimento internacional, sendo um referencial para a comunidade e um importante papel na divulga\u00e7\u00e3o da microeletr\u00f4nica. EMicro e SIM s\u00e3o principalmente dirigidos a estudantes de cursos t\u00e9cnicos, de gradua\u00e7\u00e3o e de p\u00f3s-gradua\u00e7\u00e3o em Ci\u00eancia da Computa\u00e7\u00e3o e Inform\u00e1tica, Engenharias El\u00e9trica, Eletr\u00f4nica e de Computa\u00e7\u00e3o, bem como docentes destes cursos.<\/span><\/p>\n<p><span style=\"color: #000000;\"><strong>Os eventos EMicro\/SIM 2024 ser\u00e3o realizados no IFSul &#8211; Campus Bag\u00e9, em Bag\u00e9, <\/strong><del>de 06 a 10 de Maio<\/del><strong> de 30 de Setembro a 03 de Outubro de 2024.<\/strong> A programa\u00e7\u00e3o dos eventos refletir\u00e1 os temas e interesses na \u00e1rea de circuitos e sistemas, al\u00e9m de fornecer um f\u00f3rum para a troca de ideias e resultados. Os eventos tamb\u00e9m oferecer\u00e3o uma ampla gama de sess\u00f5es especiais e palestras ministradas por especialistas proeminentes, abrangendo \u00e1reas-chave de pesquisa em microeletr\u00f4nica.<\/span><\/p>\n<h3><span style=\"color: #000000;\"><strong>Objetivos<\/strong><\/span><\/h3>\n<p><span style=\"color: #000000;\">Promover a difus\u00e3o do conhecimento em projeto de sistemas eletr\u00f4nicos e computacionais realizados em circuitos integrados. Possibilitar aos estudantes e profissionais da computa\u00e7\u00e3o e engenharias o contato com t\u00f3picos de vanguarda da pesquisa em microeletr\u00f4nica. Integrar a comunidade de microeletr\u00f4nica.\u00a0 Prover um f\u00f3rum de discuss\u00e3o sobre a capacita\u00e7\u00e3o de recursos humanos na \u00e1rea, necess\u00e1ria ao desenvolvimento da ind\u00fastria de bens eletr\u00f4nicos e servi\u00e7os no Pa\u00eds. Prover um f\u00f3rum de discuss\u00e3o e\/ou propostas de pol\u00edticas p\u00fablicas para o desenvolvimento da microeletr\u00f4nica na regi\u00e3o Sul e no Brasil.<\/span><\/p>\n","protected":false},"excerpt":{"rendered":"<p>Nos vemos na EMicro\/SIM 2025!! Confira as fotos da EMicro\/SIM 2024 Atualiza\u00e7\u00f5es do EMICRO\/SIM 2024 Informamos a seguir as novas data e local de realiza\u00e7\u00e3o do evento EMICRO\/SIM 2024. Data: de 30 de setembro&#46;&#46;&#46;<\/p>\n","protected":false},"author":746,"featured_media":0,"parent":0,"menu_order":0,"comment_status":"closed","ping_status":"closed","template":"","meta":{"footnotes":""},"class_list":["post-293","page","type-page","status-publish","hentry"],"_links":{"self":[{"href":"https:\/\/wp.ufpel.edu.br\/emicrosim2024\/wp-json\/wp\/v2\/pages\/293","targetHints":{"allow":["GET"]}}],"collection":[{"href":"https:\/\/wp.ufpel.edu.br\/emicrosim2024\/wp-json\/wp\/v2\/pages"}],"about":[{"href":"https:\/\/wp.ufpel.edu.br\/emicrosim2024\/wp-json\/wp\/v2\/types\/page"}],"author":[{"embeddable":true,"href":"https:\/\/wp.ufpel.edu.br\/emicrosim2024\/wp-json\/wp\/v2\/users\/746"}],"replies":[{"embeddable":true,"href":"https:\/\/wp.ufpel.edu.br\/emicrosim2024\/wp-json\/wp\/v2\/comments?post=293"}],"version-history":[{"count":41,"href":"https:\/\/wp.ufpel.edu.br\/emicrosim2024\/wp-json\/wp\/v2\/pages\/293\/revisions"}],"predecessor-version":[{"id":1564,"href":"https:\/\/wp.ufpel.edu.br\/emicrosim2024\/wp-json\/wp\/v2\/pages\/293\/revisions\/1564"}],"wp:attachment":[{"href":"https:\/\/wp.ufpel.edu.br\/emicrosim2024\/wp-json\/wp\/v2\/media?parent=293"}],"curies":[{"name":"wp","href":"https:\/\/api.w.org\/{rel}","templated":true}]}}