{"id":22,"date":"2022-06-24T09:02:38","date_gmt":"2022-06-24T12:02:38","guid":{"rendered":"https:\/\/wp.ufpel.edu.br\/dpvsa2022\/?page_id=22"},"modified":"2024-04-10T20:04:15","modified_gmt":"2024-04-10T23:04:15","slug":"student-travel-grants","status":"publish","type":"page","link":"https:\/\/wp.ufpel.edu.br\/emicrosim2024\/student-travel-grants\/","title":{"rendered":"Student Travel Grants"},"content":{"rendered":"<h3><\/h3>\n<h3 style=\"text-align: center;\">Inscri\u00e7\u00f5es para Student Travel Grants para alunos membros da IEEE CASS,<br \/>\ncom prazo de submiss\u00e3o do pedido at\u00e9 dia <strong>19\/04<\/strong><\/h3>\n<p>&nbsp;<\/p>\n<h5 style=\"text-align: center;\"><span style=\"font-size: 18pt;\"><a class=\"wp-block-button__link has-white-color has-text-color has-background\" style=\"background-color: #261851;\" href=\"https:\/\/forms.gle\/vi7G3jXMhFc4D3N66\" target=\"_blank\" rel=\"noreferrer noopener\"><strong><span style=\"color: #ffffff;\">Inscri\u00e7\u00e3o Student Travel Grants<\/span><\/strong><\/a><\/span><\/h5>\n","protected":false},"excerpt":{"rendered":"<p>Inscri\u00e7\u00f5es para Student Travel Grants para alunos membros da IEEE CASS, com prazo de submiss\u00e3o do pedido at\u00e9 dia 19\/04 &nbsp; Inscri\u00e7\u00e3o Student Travel Grants<\/p>\n","protected":false},"author":746,"featured_media":0,"parent":0,"menu_order":0,"comment_status":"closed","ping_status":"closed","template":"","meta":{"footnotes":""},"class_list":["post-22","page","type-page","status-publish","hentry"],"_links":{"self":[{"href":"https:\/\/wp.ufpel.edu.br\/emicrosim2024\/wp-json\/wp\/v2\/pages\/22","targetHints":{"allow":["GET"]}}],"collection":[{"href":"https:\/\/wp.ufpel.edu.br\/emicrosim2024\/wp-json\/wp\/v2\/pages"}],"about":[{"href":"https:\/\/wp.ufpel.edu.br\/emicrosim2024\/wp-json\/wp\/v2\/types\/page"}],"author":[{"embeddable":true,"href":"https:\/\/wp.ufpel.edu.br\/emicrosim2024\/wp-json\/wp\/v2\/users\/746"}],"replies":[{"embeddable":true,"href":"https:\/\/wp.ufpel.edu.br\/emicrosim2024\/wp-json\/wp\/v2\/comments?post=22"}],"version-history":[{"count":5,"href":"https:\/\/wp.ufpel.edu.br\/emicrosim2024\/wp-json\/wp\/v2\/pages\/22\/revisions"}],"predecessor-version":[{"id":1273,"href":"https:\/\/wp.ufpel.edu.br\/emicrosim2024\/wp-json\/wp\/v2\/pages\/22\/revisions\/1273"}],"wp:attachment":[{"href":"https:\/\/wp.ufpel.edu.br\/emicrosim2024\/wp-json\/wp\/v2\/media?parent=22"}],"curies":[{"name":"wp","href":"https:\/\/api.w.org\/{rel}","templated":true}]}}