{"id":1505,"date":"2024-09-24T20:31:34","date_gmt":"2024-09-24T23:31:34","guid":{"rendered":"https:\/\/wp.ufpel.edu.br\/emicrosim2024\/?page_id=1505"},"modified":"2024-09-24T20:33:17","modified_gmt":"2024-09-24T23:33:17","slug":"evento-social-cass-student-meetup","status":"publish","type":"page","link":"https:\/\/wp.ufpel.edu.br\/emicrosim2024\/evento-social-cass-student-meetup\/","title":{"rendered":"Evento Social &#8211; CASS Student Meetup"},"content":{"rendered":"<p style=\"text-align: center;\"><span style=\"color: #000000; font-size: 14pt;\">Ap\u00f3s o CASS Student Meetup no dia 01\/10, haver\u00e1 um evento social com vouchers de consumo para membros da IEEE CASS, que ocorrer\u00e1 no Bar Cervejaria Divisa<\/span><br \/>\n<strong><a href=\"https:\/\/www.instagram.com\/divisacervejariabage\/\" target=\"_blank\" rel=\"noopener\">INSTAGRAM CERVEJARIA DIVISA<\/a><\/strong><\/p>\n<div id=\"attachment_1507\" style=\"width: 375px\" class=\"wp-caption aligncenter\"><img loading=\"lazy\" decoding=\"async\" aria-describedby=\"caption-attachment-1507\" class=\"wp-image-1507 size-full\" src=\"https:\/\/wp.ufpel.edu.br\/emicrosim2024\/files\/2024\/09\/Bar-Divisa.jpg\" alt=\"Cervejaria Divisa\" width=\"365\" height=\"367\" srcset=\"https:\/\/wp.ufpel.edu.br\/emicrosim2024\/files\/2024\/09\/Bar-Divisa.jpg 365w, https:\/\/wp.ufpel.edu.br\/emicrosim2024\/files\/2024\/09\/Bar-Divisa-200x200.jpg 200w, https:\/\/wp.ufpel.edu.br\/emicrosim2024\/files\/2024\/09\/Bar-Divisa-80x80.jpg 80w\" sizes=\"auto, (max-width: 365px) 100vw, 365px\" \/><p id=\"caption-attachment-1507\" class=\"wp-caption-text\"><em>Cervejaria Divisa<\/em><\/p><\/div>\n<p style=\"text-align: center;\">Endere\u00e7o: Av. Jos\u00e9 do Patroc\u00ednio, 240 &#8211; S\u00e3o Judas, Bag\u00e9 &#8211; RS<br \/>\n<strong><a href=\"https:\/\/maps.app.goo.gl\/1w93d5LP7oHW8Ui37\" target=\"_blank\" rel=\"noopener\">LINK GOOGLE MAPS<\/a><\/strong><\/p>\n<p style=\"text-align: center;\"><iframe loading=\"lazy\" style=\"border: 0;\" src=\"https:\/\/www.google.com\/maps\/embed?pb=!1m18!1m12!1m3!1d1240.2435540782035!2d-54.08980619845149!3d-31.329324070766347!2m3!1f0!2f0!3f0!3m2!1i1024!2i768!4f13.1!3m3!1m2!1s0x9506759ec8e466b7%3A0x3ef9b624afbd8eb!2sCervejaria%20Divisa%20-%20Food%20%26%20Beer%20Culture!5e0!3m2!1spt-BR!2sbr!4v1727220607422!5m2!1spt-BR!2sbr\" width=\"600\" height=\"450\" allowfullscreen=\"allowfullscreen\"><\/iframe><\/p>\n","protected":false},"excerpt":{"rendered":"<p>Ap\u00f3s o CASS Student Meetup no dia 01\/10, haver\u00e1 um evento social com vouchers de consumo para membros da IEEE CASS, que ocorrer\u00e1 no Bar Cervejaria Divisa INSTAGRAM CERVEJARIA DIVISA Endere\u00e7o: Av. Jos\u00e9 do&#46;&#46;&#46;<\/p>\n","protected":false},"author":746,"featured_media":0,"parent":0,"menu_order":0,"comment_status":"closed","ping_status":"closed","template":"","meta":{"footnotes":""},"class_list":["post-1505","page","type-page","status-publish","hentry"],"_links":{"self":[{"href":"https:\/\/wp.ufpel.edu.br\/emicrosim2024\/wp-json\/wp\/v2\/pages\/1505","targetHints":{"allow":["GET"]}}],"collection":[{"href":"https:\/\/wp.ufpel.edu.br\/emicrosim2024\/wp-json\/wp\/v2\/pages"}],"about":[{"href":"https:\/\/wp.ufpel.edu.br\/emicrosim2024\/wp-json\/wp\/v2\/types\/page"}],"author":[{"embeddable":true,"href":"https:\/\/wp.ufpel.edu.br\/emicrosim2024\/wp-json\/wp\/v2\/users\/746"}],"replies":[{"embeddable":true,"href":"https:\/\/wp.ufpel.edu.br\/emicrosim2024\/wp-json\/wp\/v2\/comments?post=1505"}],"version-history":[{"count":3,"href":"https:\/\/wp.ufpel.edu.br\/emicrosim2024\/wp-json\/wp\/v2\/pages\/1505\/revisions"}],"predecessor-version":[{"id":1511,"href":"https:\/\/wp.ufpel.edu.br\/emicrosim2024\/wp-json\/wp\/v2\/pages\/1505\/revisions\/1511"}],"wp:attachment":[{"href":"https:\/\/wp.ufpel.edu.br\/emicrosim2024\/wp-json\/wp\/v2\/media?parent=1505"}],"curies":[{"name":"wp","href":"https:\/\/api.w.org\/{rel}","templated":true}]}}