{"id":1304,"date":"2024-04-15T17:15:05","date_gmt":"2024-04-15T20:15:05","guid":{"rendered":"https:\/\/wp.ufpel.edu.br\/emicrosim2024\/?page_id=1304"},"modified":"2024-04-30T11:23:38","modified_gmt":"2024-04-30T14:23:38","slug":"hospedagem","status":"publish","type":"page","link":"https:\/\/wp.ufpel.edu.br\/emicrosim2024\/hospedagem\/","title":{"rendered":"Hospedagem"},"content":{"rendered":"<p style=\"text-align: center;\"><span style=\"color: #000000;\">Saiba mais sobre hospedagem no <strong>Hotel Obino<\/strong>:<\/span><br \/>\n<span style=\"font-size: 18pt;\"><strong><a href=\"https:\/\/wp.ufpel.edu.br\/emicrosim2024\/files\/2024\/04\/Orcamento-hospedagem-OBINO.pdf\" target=\"_blank\" rel=\"noopener\">Informa\u00e7\u00f5es Hotel Obino<\/a><\/strong><\/span><\/p>\n<div id=\"attachment_1396\" style=\"width: 410px\" class=\"wp-caption aligncenter\"><img loading=\"lazy\" decoding=\"async\" aria-describedby=\"caption-attachment-1396\" class=\"wp-image-1396 size-medium\" src=\"https:\/\/wp.ufpel.edu.br\/emicrosim2024\/files\/2024\/04\/hotel_obino-400x292.jpg\" alt=\"Foto do Hotel Obino, em Bag\u00e9 - RS\" width=\"400\" height=\"292\" srcset=\"https:\/\/wp.ufpel.edu.br\/emicrosim2024\/files\/2024\/04\/hotel_obino-400x292.jpg 400w, https:\/\/wp.ufpel.edu.br\/emicrosim2024\/files\/2024\/04\/hotel_obino.jpg 680w\" sizes=\"auto, (max-width: 400px) 100vw, 400px\" \/><p id=\"caption-attachment-1396\" class=\"wp-caption-text\"><em>Hotel Obino, em Bag\u00e9 &#8211; RS<\/em><\/p><\/div>\n<p style=\"text-align: center;\">Localiza\u00e7\u00e3o: Av. Sete de Setembro, 901 &#8211; Centro, Bag\u00e9 &#8211; RS, 96400-006<\/p>\n<div class=\"YFlihe\">\n<div class=\"e0RVke\" style=\"text-align: center;\">\n<p><a href=\"https:\/\/maps.app.goo.gl\/NZVVcEiVS4NsNRxk9\" target=\"_blank\" rel=\"noopener\"><strong>LINK GOOGLE MAPS<\/strong><\/a><\/p>\n<\/div>\n<\/div>\n<p style=\"text-align: center;\"><iframe loading=\"lazy\" style=\"border: 0;\" src=\"https:\/\/www.google.com\/maps\/embed?pb=!1m18!1m12!1m3!1d3408.000088013806!2d-54.10795332439601!3d-31.33137067430101!2m3!1f0!2f0!3f0!3m2!1i1024!2i768!4f13.1!3m3!1m2!1s0x9506756d22ea1697%3A0x34d3a715c0b66fc9!2sHotel%20Obino%20-%20Bag%C3%A9!5e0!3m2!1spt-BR!2sbr!4v1714486681667!5m2!1spt-BR!2sbr\" width=\"800\" height=\"450\" allowfullscreen=\"allowfullscreen\"><span data-mce-type=\"bookmark\" style=\"display: inline-block; width: 0px; overflow: hidden; line-height: 0;\" class=\"mce_SELRES_start\">\ufeff<\/span><span data-mce-type=\"bookmark\" style=\"display: inline-block; width: 0px; overflow: hidden; line-height: 0;\" class=\"mce_SELRES_start\">\ufeff<\/span><span data-mce-type=\"bookmark\" style=\"display: inline-block; width: 0px; overflow: hidden; line-height: 0;\" class=\"mce_SELRES_start\">\ufeff<\/span><\/iframe><\/p>\n","protected":false},"excerpt":{"rendered":"<p>Saiba mais sobre hospedagem no Hotel Obino: Informa\u00e7\u00f5es Hotel Obino Localiza\u00e7\u00e3o: Av. Sete de Setembro, 901 &#8211; Centro, Bag\u00e9 &#8211; RS, 96400-006 LINK GOOGLE MAPS \ufeff\ufeff\ufeff<\/p>\n","protected":false},"author":746,"featured_media":0,"parent":0,"menu_order":0,"comment_status":"closed","ping_status":"closed","template":"","meta":{"footnotes":""},"class_list":["post-1304","page","type-page","status-publish","hentry"],"_links":{"self":[{"href":"https:\/\/wp.ufpel.edu.br\/emicrosim2024\/wp-json\/wp\/v2\/pages\/1304","targetHints":{"allow":["GET"]}}],"collection":[{"href":"https:\/\/wp.ufpel.edu.br\/emicrosim2024\/wp-json\/wp\/v2\/pages"}],"about":[{"href":"https:\/\/wp.ufpel.edu.br\/emicrosim2024\/wp-json\/wp\/v2\/types\/page"}],"author":[{"embeddable":true,"href":"https:\/\/wp.ufpel.edu.br\/emicrosim2024\/wp-json\/wp\/v2\/users\/746"}],"replies":[{"embeddable":true,"href":"https:\/\/wp.ufpel.edu.br\/emicrosim2024\/wp-json\/wp\/v2\/comments?post=1304"}],"version-history":[{"count":10,"href":"https:\/\/wp.ufpel.edu.br\/emicrosim2024\/wp-json\/wp\/v2\/pages\/1304\/revisions"}],"predecessor-version":[{"id":1395,"href":"https:\/\/wp.ufpel.edu.br\/emicrosim2024\/wp-json\/wp\/v2\/pages\/1304\/revisions\/1395"}],"wp:attachment":[{"href":"https:\/\/wp.ufpel.edu.br\/emicrosim2024\/wp-json\/wp\/v2\/media?parent=1304"}],"curies":[{"name":"wp","href":"https:\/\/api.w.org\/{rel}","templated":true}]}}