{"id":727,"date":"2023-05-23T17:17:54","date_gmt":"2023-05-23T20:17:54","guid":{"rendered":"https:\/\/wp.ufpel.edu.br\/emicrosim2023\/?page_id=727"},"modified":"2023-05-29T10:09:49","modified_gmt":"2023-05-29T13:09:49","slug":"palestrante-rosana-casais","status":"publish","type":"page","link":"https:\/\/wp.ufpel.edu.br\/emicrosim2023\/palestrante-rosana-casais\/","title":{"rendered":"Palestrante &#8211; Rosana Casais"},"content":{"rendered":"<p style=\"text-align: center;\"><strong><span style=\"font-size: 24pt;\">Rosana Casais<\/span><br \/>\n<\/strong><strong>ABISEMI<\/strong><\/p>\n<p style=\"text-align: center;\"><img loading=\"lazy\" decoding=\"async\" class=\"alignnone wp-image-721\" src=\"https:\/\/wp.ufpel.edu.br\/emicrosim2023\/files\/2023\/05\/avatar_rosana-casais.png\" alt=\"\" width=\"200\" height=\"246\" \/><\/p>\n<h3 style=\"text-align: center;\"><span style=\"font-size: 18pt;\"><em><span data-sheets-value=\"{&quot;1&quot;:2,&quot;2&quot;:&quot;Sustainable Video Streaming Systems&quot;}\" data-sheets-userformat=\"{&quot;2&quot;:577,&quot;3&quot;:{&quot;1&quot;:0},&quot;9&quot;:0,&quot;12&quot;:0}\">Painel &#8211; Mercado e Guerra de Chips &#8211; Janela para o Futuro<br \/>\n<\/span><\/em><\/span><\/h3>\n<p style=\"text-align: center;\">Painel<\/p>\n<p style=\"text-align: center;\">Data: 01\/06 &#8211; 17:00<\/p>\n<p><span style=\"font-size: 14pt;\"><strong>Biography<\/strong><\/span><\/p>\n<p style=\"text-align: justify; padding-left: 40px;\">Possui gradua\u00e7\u00e3o em Engenharia El\u00e9trica pela Pontif\u00edcia Universidade Cat\u00f3lica do Rio Grande do Sul (1987) e mestrado em Computa\u00e7\u00e3o Aplicada pela Universidade do Vale do Rio dos Sinos (2002). Atuou na HT Micron Semicondutores Ltda. Tem experi\u00eancia na \u00e1rea de Ci\u00eancia da Computa\u00e7\u00e3o , com \u00eanfase em Sistemas de Computa\u00e7\u00e3o. Atuando principalmente nos seguintes temas: Simula\u00e7\u00e3o, Multicast, Roteamento. Atualmente \u00e9 Diretora Institucional na ABISEMI (Associa\u00e7\u00e3o Brasileira da Ind\u00fastria de Semicondutores)<\/p>\n","protected":false},"excerpt":{"rendered":"<p>Rosana Casais ABISEMI Painel &#8211; Mercado e Guerra de Chips &#8211; Janela para o Futuro Painel Data: 01\/06 &#8211; 17:00 Biography Possui gradua\u00e7\u00e3o em Engenharia El\u00e9trica pela Pontif\u00edcia Universidade Cat\u00f3lica do Rio Grande do&#46;&#46;&#46;<\/p>\n","protected":false},"author":746,"featured_media":0,"parent":0,"menu_order":0,"comment_status":"closed","ping_status":"closed","template":"","meta":{"footnotes":""},"class_list":["post-727","page","type-page","status-publish","hentry"],"_links":{"self":[{"href":"https:\/\/wp.ufpel.edu.br\/emicrosim2023\/wp-json\/wp\/v2\/pages\/727","targetHints":{"allow":["GET"]}}],"collection":[{"href":"https:\/\/wp.ufpel.edu.br\/emicrosim2023\/wp-json\/wp\/v2\/pages"}],"about":[{"href":"https:\/\/wp.ufpel.edu.br\/emicrosim2023\/wp-json\/wp\/v2\/types\/page"}],"author":[{"embeddable":true,"href":"https:\/\/wp.ufpel.edu.br\/emicrosim2023\/wp-json\/wp\/v2\/users\/746"}],"replies":[{"embeddable":true,"href":"https:\/\/wp.ufpel.edu.br\/emicrosim2023\/wp-json\/wp\/v2\/comments?post=727"}],"version-history":[{"count":4,"href":"https:\/\/wp.ufpel.edu.br\/emicrosim2023\/wp-json\/wp\/v2\/pages\/727\/revisions"}],"predecessor-version":[{"id":929,"href":"https:\/\/wp.ufpel.edu.br\/emicrosim2023\/wp-json\/wp\/v2\/pages\/727\/revisions\/929"}],"wp:attachment":[{"href":"https:\/\/wp.ufpel.edu.br\/emicrosim2023\/wp-json\/wp\/v2\/media?parent=727"}],"curies":[{"name":"wp","href":"https:\/\/api.w.org\/{rel}","templated":true}]}}