{"id":715,"date":"2023-05-23T11:00:45","date_gmt":"2023-05-23T14:00:45","guid":{"rendered":"https:\/\/wp.ufpel.edu.br\/emicrosim2023\/?page_id=715"},"modified":"2023-05-25T11:28:29","modified_gmt":"2023-05-25T14:28:29","slug":"palestrante-tiago-balen","status":"publish","type":"page","link":"https:\/\/wp.ufpel.edu.br\/emicrosim2023\/palestrante-tiago-balen\/","title":{"rendered":"Palestrante &#8211; Tiago Balen"},"content":{"rendered":"<p style=\"text-align: center;\"><strong><span style=\"font-size: 24pt;\">Tiago Balen<\/span><br \/>\n<\/strong><strong><span data-sheets-value=\"{&quot;1&quot;:2,&quot;2&quot;:&quot;Institute of Informatics, Federal University of Rio Grande do Sul (UFRGS)&quot;}\" data-sheets-userformat=\"{&quot;2&quot;:513,&quot;3&quot;:{&quot;1&quot;:0},&quot;12&quot;:0}\">UFRGS<\/span><br \/>\n<\/strong><\/p>\n<p style=\"text-align: center;\"><img loading=\"lazy\" decoding=\"async\" class=\"alignnone wp-image-706\" src=\"https:\/\/wp.ufpel.edu.br\/emicrosim2023\/files\/2023\/05\/avatar_tiago-balen.png\" alt=\"\" width=\"200\" height=\"246\" \/><\/p>\n<h3 style=\"text-align: center;\"><span style=\"font-size: 18pt;\"><em><span data-sheets-value=\"{&quot;1&quot;:2,&quot;2&quot;:&quot;Sustainable Video Streaming Systems&quot;}\" data-sheets-userformat=\"{&quot;2&quot;:577,&quot;3&quot;:{&quot;1&quot;:0},&quot;9&quot;:0,&quot;12&quot;:0}\"> PGMICRO: 20 Anos de Excel\u00eancia na Forma\u00e7\u00e3o de RH para Microeletr\u00f4nica<\/span><\/em><\/span><\/h3>\n<p style=\"text-align: center;\">Sess\u00e3o Especial<\/p>\n<p style=\"text-align: center;\">Data: 31\/05 &#8211; 16:15<\/p>\n<p style=\"text-align: center;\">Chair: Cl\u00e1udio Radtke<\/p>\n<p>&nbsp;<\/p>\n<p><span style=\"font-size: 14pt;\"><strong>Abstract<\/strong><\/span><\/p>\n<p style=\"padding-left: 40px; text-align: justify;\">Esta palestra apresenta o Programa de P\u00f3s-Gradua\u00e7\u00e3o em Microeletr\u00f4nica da UFRGS e seu hist\u00f3rico em 20 anos de atua\u00e7\u00e3o. Al\u00e9m de apresentar as linhas de pesquisa, dados do programa, professores e outras informa\u00e7\u00f5es relevantes, a import\u00e2ncia do programa para o desenvolvimento do setor de semicondutores no Brasil e no Rio Grande do Sul tamb\u00e9m \u00e9 discutida. Ap\u00f3s a palestra, teremos um &#8220;painel aberto&#8221; com a participa\u00e7\u00e3o da plateia (alunos, professores, egressos, ex-coordenadores&#8230;), discutindo quest\u00f5es pertinentes \u00e0 forma\u00e7\u00e3o de RH para microeletr\u00f4nica no contexto da hist\u00f3ria do programa.<\/p>\n<p><span style=\"font-size: 14pt;\"><strong>Biography<\/strong><\/span><\/p>\n<p style=\"text-align: justify; padding-left: 40px;\">\u00c9 Doutor em Engenharia El\u00e9trica pela Universidade Federal do Rio Grande do Sul &#8211; UFRGS &#8211; (2010), Mestre em Engenharia El\u00e9trica pela UFRGS (2006) e Engenheiro Eletricista tamb\u00e9m pela UFRGS (2004). Atualmente \u00e9 professor associado do Departamento de Engenharia El\u00e9trica da UFRGS, e Orientador do Programa de P\u00f3s-Gradua\u00e7\u00e3o em Microeletr\u00f4nica da UFRGS, onde exerce tamb\u00e9m a atividade de coordenador (mandatos 2019-2021 e 2021-2023). \u00c9 tamb\u00e9m membro do conselho da Escola de Engenharia da UFRGS. J\u00e1 foi membro da Comiss\u00e3o Coordenadora (COMGRAD) do curso de Engenharia de Computa\u00e7\u00e3o da UFRGS e do Colegiado do Departamento de Engenharia El\u00e9trica.. De 2007 a 2011 atuou como coordenador dos cursos de Engenharia de Telecomunica\u00e7\u00f5es e Engenharia de Computa\u00e7\u00e3o do Centro Universit\u00e1rio La Salle (Canoas &#8211; RS) onde integrou o Conselho Universit\u00e1rio (CONSUN) e o Comit\u00ea de \u00c9tica em Pesquisa (CEP). Tamb\u00e9m atuou como engenheiro projetista de teste do Centro de Excel\u00eancia em Tecnologia Eletr\u00f4nica Avan\u00e7ada (CEITEC). Suas principais \u00e1reas de atua\u00e7\u00e3o s\u00e3o: Teste de Sistemas Eletr\u00f4nicos, Eletr\u00f4nica Anal\u00f3gica e Digital, Hardware Tolerante a Falhas e Efeitos da Radia\u00e7\u00e3o em Circuitos Anal\u00f3gicos e Mistos. Sobre estes temas tem publicado artigos em importantes revistas e confer\u00eancias. Em duas destas confer\u00eancias recebeu a premia\u00e7\u00e3o de melhor artigo (Best Paper Award) por suas contribui\u00e7\u00f5es. Por sua tese de doutorado recebeu o Pr\u00eamio Pesquisador Ga\u00facho, edi\u00e7\u00e3o 2012, na categoria Tese Inova\u00e7\u00e3o Ga\u00facha, promovido pela FAPERGS.<\/p>\n","protected":false},"excerpt":{"rendered":"<p>Tiago Balen UFRGS PGMICRO: 20 Anos de Excel\u00eancia na Forma\u00e7\u00e3o de RH para Microeletr\u00f4nica Sess\u00e3o Especial Data: 31\/05 &#8211; 16:15 Chair: Cl\u00e1udio Radtke &nbsp; Abstract Esta palestra apresenta o Programa de P\u00f3s-Gradua\u00e7\u00e3o em Microeletr\u00f4nica&#46;&#46;&#46;<\/p>\n","protected":false},"author":746,"featured_media":0,"parent":0,"menu_order":0,"comment_status":"closed","ping_status":"closed","template":"","meta":{"footnotes":""},"class_list":["post-715","page","type-page","status-publish","hentry"],"_links":{"self":[{"href":"https:\/\/wp.ufpel.edu.br\/emicrosim2023\/wp-json\/wp\/v2\/pages\/715","targetHints":{"allow":["GET"]}}],"collection":[{"href":"https:\/\/wp.ufpel.edu.br\/emicrosim2023\/wp-json\/wp\/v2\/pages"}],"about":[{"href":"https:\/\/wp.ufpel.edu.br\/emicrosim2023\/wp-json\/wp\/v2\/types\/page"}],"author":[{"embeddable":true,"href":"https:\/\/wp.ufpel.edu.br\/emicrosim2023\/wp-json\/wp\/v2\/users\/746"}],"replies":[{"embeddable":true,"href":"https:\/\/wp.ufpel.edu.br\/emicrosim2023\/wp-json\/wp\/v2\/comments?post=715"}],"version-history":[{"count":3,"href":"https:\/\/wp.ufpel.edu.br\/emicrosim2023\/wp-json\/wp\/v2\/pages\/715\/revisions"}],"predecessor-version":[{"id":778,"href":"https:\/\/wp.ufpel.edu.br\/emicrosim2023\/wp-json\/wp\/v2\/pages\/715\/revisions\/778"}],"wp:attachment":[{"href":"https:\/\/wp.ufpel.edu.br\/emicrosim2023\/wp-json\/wp\/v2\/media?parent=715"}],"curies":[{"name":"wp","href":"https:\/\/api.w.org\/{rel}","templated":true}]}}