{"id":672,"date":"2023-05-19T17:40:56","date_gmt":"2023-05-19T20:40:56","guid":{"rendered":"https:\/\/wp.ufpel.edu.br\/emicrosim2023\/?page_id=672"},"modified":"2023-05-19T17:50:26","modified_gmt":"2023-05-19T20:50:26","slug":"mulheres-na-emicro","status":"publish","type":"page","link":"https:\/\/wp.ufpel.edu.br\/emicrosim2023\/mulheres-na-emicro\/","title":{"rendered":"Mulheres na EMICRO"},"content":{"rendered":"<div class=\"ahS2Le\">\n<h1 class=\"F9yp7e ikZYwf LgNcQe\" dir=\"auto\" style=\"text-align: center;\" role=\"heading\" aria-level=\"1\"><span style=\"font-size: 18pt;\"><strong>Mulheres na Engenharia <\/strong><\/span><span style=\"font-size: 18pt;\"><strong>&#8211; Apoio na participa\u00e7\u00e3o da EMICRO<\/strong><\/span><\/h1>\n<p>&nbsp;<\/p>\n<\/div>\n<p style=\"text-align: center;\"><span style=\"font-size: 18pt;\">A EMICRO 2023 est\u00e1 incentivando a participa\u00e7\u00e3o feminina na engenharia e, em parceria com a <a href=\"https:\/\/ieee-cas.org\/society-involvement\/women-cas-wicas\" target=\"_blank\" rel=\"noopener\">WiCAS<\/a>\u00a0e a\u00a0<a href=\"https:\/\/sbmicro.org.br\/sbmicro-mulher\" target=\"_blank\" rel=\"noopener\">SBMicro Mulher<\/a>, oferece aux\u00edlio de hospedagem para as mulheres interessadas em participar no evento.<\/span><\/p>\n<p>&nbsp;<\/p>\n<h5 style=\"text-align: center;\"><span style=\"font-size: 18pt;\"><a class=\"wp-block-button__link has-white-color has-text-color has-background\" style=\"background-color: #831d1c;\" href=\"https:\/\/forms.gle\/yrEtNzEQcpWr6ybP6\" target=\"_blank\" rel=\"noreferrer noopener\"><strong><span style=\"color: #ffffff;\">Inscreva-se!<\/span><\/strong><\/a><\/span><\/h5>\n","protected":false},"excerpt":{"rendered":"<p>Mulheres na Engenharia &#8211; Apoio na participa\u00e7\u00e3o da EMICRO &nbsp; A EMICRO 2023 est\u00e1 incentivando a participa\u00e7\u00e3o feminina na engenharia e, em parceria com a WiCAS\u00a0e a\u00a0SBMicro Mulher, oferece aux\u00edlio de hospedagem para as&#46;&#46;&#46;<\/p>\n","protected":false},"author":746,"featured_media":0,"parent":0,"menu_order":0,"comment_status":"closed","ping_status":"closed","template":"","meta":{"footnotes":""},"class_list":["post-672","page","type-page","status-publish","hentry"],"_links":{"self":[{"href":"https:\/\/wp.ufpel.edu.br\/emicrosim2023\/wp-json\/wp\/v2\/pages\/672","targetHints":{"allow":["GET"]}}],"collection":[{"href":"https:\/\/wp.ufpel.edu.br\/emicrosim2023\/wp-json\/wp\/v2\/pages"}],"about":[{"href":"https:\/\/wp.ufpel.edu.br\/emicrosim2023\/wp-json\/wp\/v2\/types\/page"}],"author":[{"embeddable":true,"href":"https:\/\/wp.ufpel.edu.br\/emicrosim2023\/wp-json\/wp\/v2\/users\/746"}],"replies":[{"embeddable":true,"href":"https:\/\/wp.ufpel.edu.br\/emicrosim2023\/wp-json\/wp\/v2\/comments?post=672"}],"version-history":[{"count":19,"href":"https:\/\/wp.ufpel.edu.br\/emicrosim2023\/wp-json\/wp\/v2\/pages\/672\/revisions"}],"predecessor-version":[{"id":694,"href":"https:\/\/wp.ufpel.edu.br\/emicrosim2023\/wp-json\/wp\/v2\/pages\/672\/revisions\/694"}],"wp:attachment":[{"href":"https:\/\/wp.ufpel.edu.br\/emicrosim2023\/wp-json\/wp\/v2\/media?parent=672"}],"curies":[{"name":"wp","href":"https:\/\/api.w.org\/{rel}","templated":true}]}}