{"id":586,"date":"2023-05-11T14:28:04","date_gmt":"2023-05-11T17:28:04","guid":{"rendered":"https:\/\/wp.ufpel.edu.br\/emicrosim2023\/?page_id=586"},"modified":"2023-05-16T11:18:04","modified_gmt":"2023-05-16T14:18:04","slug":"inscricoes","status":"publish","type":"page","link":"https:\/\/wp.ufpel.edu.br\/emicrosim2023\/inscricoes\/","title":{"rendered":"Inscri\u00e7\u00f5es"},"content":{"rendered":"<p>Abaixo a tabela de valores das inscri\u00e7\u00f5es do EMicro\/SIM 2023<\/p>\n<table style=\"border-collapse: collapse; width: 100%; height: 156px;\" border=\"0\">\n<tbody>\n<tr style=\"height: 24px;\">\n<th style=\"width: 23%; height: 24px; text-align: center;\"><span style=\"font-size: 14pt;\">CATEGORIA<\/span><\/th>\n<th style=\"width: 23%; height: 24px; text-align: center;\"><span style=\"font-size: 14pt;\">V\u00cdNCULO<\/span><\/th>\n<th style=\"width: 18%; height: 24px; text-align: center;\"><span style=\"font-size: 14pt;\">AT\u00c9 18\/05<\/span><\/th>\n<th style=\"width: 18%; height: 24px; text-align: center;\"><span style=\"font-size: 14pt;\">AT\u00c9 24\/05<\/span><\/th>\n<th style=\"width: 18%; height: 24px; text-align: center;\"><span style=\"font-size: 14pt;\">AP\u00d3S 24\/05<\/span><\/th>\n<\/tr>\n<tr style=\"height: 24px;\">\n<td style=\"width: 23%; height: 48px; background: #ecdcdc; text-align: center;\" rowspan=\"2\"><span style=\"font-size: 14pt;\">Estudantes de Gradua\u00e7\u00e3o<\/span><\/td>\n<td style=\"height: 24px; background: #ecdcdc; text-align: center; width: 24.5099%;\">S\u00f3cio IEEE*\/SBC\/SBMicro<\/td>\n<td style=\"height: 24px; background: #ecdcdc; text-align: center; width: 16.9109%;\">R$ 30,00<\/td>\n<td style=\"width: 18%; background: #ecdcdc; height: 24px; text-align: center;\">R$ 40,00<\/td>\n<td style=\"width: 18%; background: #ecdcdc; height: 24px; text-align: center;\">R$ 50,00<\/td>\n<\/tr>\n<tr style=\"height: 24px;\">\n<td style=\"text-align: center; width: 23%; background: #ecdcdc; height: 24px;\">N\u00e3o s\u00f3cio<\/td>\n<td style=\"text-align: center; width: 18%; background: #ecdcdc; height: 24px;\">R$ 50,00<\/td>\n<td style=\"width: 18%; height: 24px; background: #ecdcdc; text-align: center;\">R$ 60,00<\/td>\n<td style=\"width: 18%; height: 24px; background: #ecdcdc; text-align: center;\">R$ 70,00<\/td>\n<\/tr>\n<tr style=\"height: 24px;\">\n<td style=\"width: 23%; height: 48px; background: #f9f7f7; text-align: center;\" rowspan=\"2\"><span style=\"font-size: 14pt;\">Estudantes de P\u00f3s-Gradua\u00e7\u00e3o<\/span><\/td>\n<td style=\"width: 23%; height: 24px; background: #f9f7f7; text-align: center;\">S\u00f3cio IEEE*\/SBC\/SBMicro<\/td>\n<td style=\"width: 18%; height: 24px; background: #f9f7f7; text-align: center;\">R$ 50,00<\/td>\n<td style=\"width: 18%; height: 24px; background: #f9f7f7; text-align: center;\">R$ 70,00<\/td>\n<td style=\"width: 18%; height: 24px; background: #f9f7f7; text-align: center;\">R$ 90,00<\/td>\n<\/tr>\n<tr style=\"height: 24px;\">\n<td style=\"width: 23%; height: 24px; background: #f9f7f7; text-align: center;\">N\u00e3o s\u00f3cio<\/td>\n<td style=\"width: 18%; height: 24px; background: #f9f7f7; text-align: center;\">R$ 70,00<\/td>\n<td style=\"width: 18%; height: 24px; background: #f9f7f7; text-align: center;\">R$ 90,00<\/td>\n<td style=\"width: 18%; height: 24px; background: #f9f7f7; text-align: center;\">R$ 110,00<\/td>\n<\/tr>\n<tr style=\"height: 24px;\">\n<td style=\"width: 23%; height: 48px; background: #ecdcdc; text-align: center;\" rowspan=\"2\"><span style=\"font-size: 14pt;\">Profissionais<\/span><\/td>\n<td style=\"width: 23%; height: 24px; background: #ecdcdc; text-align: center;\">S\u00f3cio IEEE*\/SBC\/SBMicro<\/td>\n<td style=\"width: 18%; height: 24px; background: #ecdcdc; text-align: center;\">R$ 100,00<\/td>\n<td style=\"width: 18%; height: 24px; background: #ecdcdc; text-align: center;\">R$ 150,00<\/td>\n<td style=\"width: 18%; height: 24px; background: #ecdcdc; text-align: center;\">R$ 200,00<\/td>\n<\/tr>\n<tr style=\"height: 24px;\">\n<td style=\"width: 23%; height: 24px; background: #ecdcdc; text-align: center;\">N\u00e3o s\u00f3cio<\/td>\n<td style=\"width: 18%; height: 24px; background: #ecdcdc; text-align: center;\">R$ 200,00<\/td>\n<td style=\"width: 18%; height: 24px; background: #ecdcdc; text-align: center;\">R$ 250,00<\/td>\n<td style=\"width: 18%; height: 24px; background: #ecdcdc; text-align: center;\">R$ 300,00<\/td>\n<\/tr>\n<\/tbody>\n<\/table>\n<p><em>*A IEEE\/CASS ir\u00e1 fornecer o jantar de quinta-feira (01\/06) aos s\u00f3cios.<\/em><\/p>\n<p>&nbsp;<\/p>\n<h5 style=\"text-align: center;\"><span style=\"font-size: 18pt;\"><a class=\"wp-block-button__link has-white-color has-text-color has-background\" style=\"background-color: #831d1c;\" href=\"https:\/\/www.sympla.com.br\/evento\/emicro-sim-2023\/1989188\" target=\"_blank\" rel=\"noreferrer noopener\"><strong><span style=\"color: #ffffff;\">Link para inscri\u00e7\u00e3o<\/span><\/strong><\/a><\/span><\/h5>\n<p>&nbsp;<\/p>\n","protected":false},"excerpt":{"rendered":"<p>Abaixo a tabela de valores das inscri\u00e7\u00f5es do EMicro\/SIM 2023 CATEGORIA V\u00cdNCULO AT\u00c9 18\/05 AT\u00c9 24\/05 AP\u00d3S 24\/05 Estudantes de Gradua\u00e7\u00e3o S\u00f3cio IEEE*\/SBC\/SBMicro R$ 30,00 R$ 40,00 R$ 50,00 N\u00e3o s\u00f3cio R$ 50,00 R$&#46;&#46;&#46;<\/p>\n","protected":false},"author":746,"featured_media":0,"parent":0,"menu_order":0,"comment_status":"closed","ping_status":"closed","template":"","meta":{"footnotes":""},"class_list":["post-586","page","type-page","status-publish","hentry"],"_links":{"self":[{"href":"https:\/\/wp.ufpel.edu.br\/emicrosim2023\/wp-json\/wp\/v2\/pages\/586","targetHints":{"allow":["GET"]}}],"collection":[{"href":"https:\/\/wp.ufpel.edu.br\/emicrosim2023\/wp-json\/wp\/v2\/pages"}],"about":[{"href":"https:\/\/wp.ufpel.edu.br\/emicrosim2023\/wp-json\/wp\/v2\/types\/page"}],"author":[{"embeddable":true,"href":"https:\/\/wp.ufpel.edu.br\/emicrosim2023\/wp-json\/wp\/v2\/users\/746"}],"replies":[{"embeddable":true,"href":"https:\/\/wp.ufpel.edu.br\/emicrosim2023\/wp-json\/wp\/v2\/comments?post=586"}],"version-history":[{"count":50,"href":"https:\/\/wp.ufpel.edu.br\/emicrosim2023\/wp-json\/wp\/v2\/pages\/586\/revisions"}],"predecessor-version":[{"id":641,"href":"https:\/\/wp.ufpel.edu.br\/emicrosim2023\/wp-json\/wp\/v2\/pages\/586\/revisions\/641"}],"wp:attachment":[{"href":"https:\/\/wp.ufpel.edu.br\/emicrosim2023\/wp-json\/wp\/v2\/media?parent=586"}],"curies":[{"name":"wp","href":"https:\/\/api.w.org\/{rel}","templated":true}]}}