{"id":552,"date":"2023-05-10T11:49:46","date_gmt":"2023-05-10T14:49:46","guid":{"rendered":"https:\/\/wp.ufpel.edu.br\/emicrosim2023\/?page_id=552"},"modified":"2023-05-25T11:27:14","modified_gmt":"2023-05-25T14:27:14","slug":"palestrante-antonio-carlos-s-beck-filho","status":"publish","type":"page","link":"https:\/\/wp.ufpel.edu.br\/emicrosim2023\/palestrante-antonio-carlos-s-beck-filho\/","title":{"rendered":"Palestrante &#8211; Antonio Carlos S. Beck Filho"},"content":{"rendered":"<p style=\"text-align: center;\"><strong><span style=\"font-size: 24pt;\">Antonio Carlos S. Beck Filho<\/span><br \/>\n<\/strong><strong><span data-sheets-value=\"{&quot;1&quot;:2,&quot;2&quot;:&quot;Federal University of Paran\u00e1 (UFPR)&quot;}\" data-sheets-userformat=\"{&quot;2&quot;:513,&quot;3&quot;:{&quot;1&quot;:0},&quot;12&quot;:0}\">UFRGS<\/span><\/strong><\/p>\n<p style=\"text-align: center;\"><img loading=\"lazy\" decoding=\"async\" class=\"alignnone wp-image-556\" src=\"https:\/\/wp.ufpel.edu.br\/emicrosim2023\/files\/2023\/05\/avatar_beck-filho.png\" alt=\"\" width=\"200\" height=\"246\" \/><\/p>\n<h3 style=\"text-align: center;\"><span style=\"font-size: 18pt;\"><em><span data-sheets-value=\"{&quot;1&quot;:2,&quot;2&quot;:&quot;Basic Course: Medical Image Processing\\nProf. Lucas Ferrari de Oliveira (UFPR)&quot;}\" data-sheets-userformat=\"{&quot;2&quot;:3071,&quot;3&quot;:{&quot;1&quot;:0},&quot;4&quot;:{&quot;1&quot;:2,&quot;2&quot;:3963096},&quot;5&quot;:{&quot;1&quot;:[{&quot;1&quot;:2,&quot;2&quot;:0,&quot;5&quot;:{&quot;1&quot;:2,&quot;2&quot;:0}},{&quot;1&quot;:0,&quot;2&quot;:0,&quot;3&quot;:3},{&quot;1&quot;:1,&quot;2&quot;:0,&quot;4&quot;:1}]},&quot;6&quot;:{&quot;1&quot;:[{&quot;1&quot;:2,&quot;2&quot;:0,&quot;5&quot;:{&quot;1&quot;:2,&quot;2&quot;:0}},{&quot;1&quot;:0,&quot;2&quot;:0,&quot;3&quot;:3},{&quot;1&quot;:1,&quot;2&quot;:0,&quot;4&quot;:1}]},&quot;7&quot;:{&quot;1&quot;:[{&quot;1&quot;:2,&quot;2&quot;:0,&quot;5&quot;:{&quot;1&quot;:2,&quot;2&quot;:0}},{&quot;1&quot;:0,&quot;2&quot;:0,&quot;3&quot;:3},{&quot;1&quot;:1,&quot;2&quot;:0,&quot;4&quot;:1}]},&quot;8&quot;:{&quot;1&quot;:[{&quot;1&quot;:2,&quot;2&quot;:0,&quot;5&quot;:{&quot;1&quot;:2,&quot;2&quot;:0}},{&quot;1&quot;:0,&quot;2&quot;:0,&quot;3&quot;:3},{&quot;1&quot;:1,&quot;2&quot;:0,&quot;4&quot;:1}]},&quot;9&quot;:1,&quot;10&quot;:1,&quot;11&quot;:4,&quot;12&quot;:0,&quot;14&quot;:{&quot;1&quot;:3,&quot;3&quot;:2}}\" data-sheets-textstyleruns=\"{&quot;1&quot;:0,&quot;2&quot;:{&quot;2&quot;:{&quot;1&quot;:2,&quot;2&quot;:16777215},&quot;5&quot;:1}}\uee10{&quot;1&quot;:38,&quot;2&quot;:{&quot;2&quot;:{&quot;1&quot;:2,&quot;2&quot;:16777215}}}\">Desafios na Otimiza\u00e7\u00e3o de Redes Neurais em FPGAs, da Borda \u00e0 Nuvem<\/span><\/em><\/span><\/h3>\n<p style=\"text-align: center;\">Advanced<\/p>\n<p style=\"text-align: center;\">Data: 31\/05 &#8211; 13h30<\/p>\n<p style=\"text-align: center;\">Chair: Altamiro Susin<\/p>\n<p>&nbsp;<\/p>\n<p><span style=\"font-size: 14pt;\"><strong>Abstract<\/strong><\/span><\/p>\n<p style=\"padding-left: 40px; text-align: justify;\">Dispositivos da Internet das Coisas (IoT), que s\u00e3o sistemas inteligentes com conex\u00e3o \u00e0 nuvem, est\u00e3o em franca expans\u00e3o e t\u00eam aplica\u00e7\u00f5es em diversas \u00e1reas. Entretanto, estes sistemas necessitam, cada vez mais, de respostas r\u00e1pidas e com baixa lat\u00eancia e, por este motivo, o processamento computacional vem sendo progressivamente transferido da nuvem para a borda. Neste cen\u00e1rio, redes neurais cada vez mais profundas aparecem como solu\u00e7\u00e3o para lidar com diversos problemas em IoT relacionados ao processamento de imagens, como lojas f\u00edsicas inteligentes, carros autoguiados, reconhecimento facial para seguran\u00e7a, realidade aumentada e virtual, ind\u00fastria 4.0 dentre v\u00e1rios outros. Para tratar do aumento significativo no volume de dados e complexidade computacional destas redes, e fazer com que elas trabalhem com baixa lat\u00eancia e alta vaz\u00e3o, FPGAs aparecem como alternativa emergente, devido a sua capacidade de reconfigura\u00e7\u00e3o e adaptabilidade. Desta maneira, esta palestra introduz os conceitos de dispositivos de borda e intera\u00e7\u00e3o com a nuvem, discutindo os requisitos n\u00e3o funcionais envolvidos (e.g. lat\u00eancia, qualidade, pot\u00eancia, energia etc). Ap\u00f3s, mostra o funcionamento de FPGAs e como eles podem acelerar redes neurais, discutindo brevemente estudos de caso e t\u00e9cnicas de otimiza\u00e7\u00e3o (High Level Synthesis, explora\u00e7\u00e3o de paralelismo, quantiza\u00e7\u00e3o, pruning e early-exit).<\/p>\n<p><span style=\"font-size: 14pt;\"><strong>Biography<\/strong><\/span><\/p>\n<p style=\"text-align: justify; padding-left: 40px;\">\u00c9 graduado em Ci\u00eancia da Computa\u00e7\u00e3o pela UFSM &#8211; Universidade Federal de Santa Maria (2002). Possui mestrado (2004) e doutorado (2008) em Ci\u00eancia da Computa\u00e7\u00e3o pela UFRGS &#8211; Universidade Federal do Rio Grande do Sul. Durante o doutorado, fez seu est\u00e1gio sandu\u00edche na TUDelft\/Holanda. Entre 2008 e 2009, atuou como p\u00f3s-doutorando no Instituto de Inform\u00e1tica\/UFRGS e, entre 2009 e 2010, como Professor Adjunto no Departamento de Eletr\u00f4nica e Computa\u00e7\u00e3o da UFSM. Atualmente \u00e9 Professor Associado no Instituto de Inform\u00e1tica da UFRGS. Suas \u00e1reas de interesse s\u00e3o: Arquitetura e Organiza\u00e7\u00e3o de Computadores, Sistemas Embarcados e Arquiteturas Reconfigur\u00e1veis.<\/p>\n","protected":false},"excerpt":{"rendered":"<p>Antonio Carlos S. Beck Filho UFRGS Desafios na Otimiza\u00e7\u00e3o de Redes Neurais em FPGAs, da Borda \u00e0 Nuvem Advanced Data: 31\/05 &#8211; 13h30 Chair: Altamiro Susin &nbsp; Abstract Dispositivos da Internet das Coisas (IoT),&#46;&#46;&#46;<\/p>\n","protected":false},"author":746,"featured_media":0,"parent":0,"menu_order":0,"comment_status":"closed","ping_status":"closed","template":"","meta":{"footnotes":""},"class_list":["post-552","page","type-page","status-publish","hentry"],"_links":{"self":[{"href":"https:\/\/wp.ufpel.edu.br\/emicrosim2023\/wp-json\/wp\/v2\/pages\/552","targetHints":{"allow":["GET"]}}],"collection":[{"href":"https:\/\/wp.ufpel.edu.br\/emicrosim2023\/wp-json\/wp\/v2\/pages"}],"about":[{"href":"https:\/\/wp.ufpel.edu.br\/emicrosim2023\/wp-json\/wp\/v2\/types\/page"}],"author":[{"embeddable":true,"href":"https:\/\/wp.ufpel.edu.br\/emicrosim2023\/wp-json\/wp\/v2\/users\/746"}],"replies":[{"embeddable":true,"href":"https:\/\/wp.ufpel.edu.br\/emicrosim2023\/wp-json\/wp\/v2\/comments?post=552"}],"version-history":[{"count":6,"href":"https:\/\/wp.ufpel.edu.br\/emicrosim2023\/wp-json\/wp\/v2\/pages\/552\/revisions"}],"predecessor-version":[{"id":773,"href":"https:\/\/wp.ufpel.edu.br\/emicrosim2023\/wp-json\/wp\/v2\/pages\/552\/revisions\/773"}],"wp:attachment":[{"href":"https:\/\/wp.ufpel.edu.br\/emicrosim2023\/wp-json\/wp\/v2\/media?parent=552"}],"curies":[{"name":"wp","href":"https:\/\/api.w.org\/{rel}","templated":true}]}}