{"id":139,"date":"2022-10-03T17:00:50","date_gmt":"2022-10-03T20:00:50","guid":{"rendered":"https:\/\/wp.ufpel.edu.br\/dpvsa2022\/?page_id=139"},"modified":"2023-05-25T11:25:50","modified_gmt":"2023-05-25T14:25:50","slug":"palestrante-luis-henrique-lolis","status":"publish","type":"page","link":"https:\/\/wp.ufpel.edu.br\/emicrosim2023\/palestrante-luis-henrique-lolis\/","title":{"rendered":"Palestrante &#8211; Luis Henrique Lolis"},"content":{"rendered":"<p style=\"text-align: center;\"><strong><span style=\"font-size: 24pt;\">Luis Henrique Assump\u00e7\u00e3o Lolis<\/span><br \/>\n<\/strong><strong><span data-sheets-value=\"{&quot;1&quot;:2,&quot;2&quot;:&quot;Institute of Informatics, Federal University of Rio Grande do Sul (UFRGS)&quot;}\" data-sheets-userformat=\"{&quot;2&quot;:513,&quot;3&quot;:{&quot;1&quot;:0},&quot;12&quot;:0}\">UFPR<\/span><br \/>\n<\/strong><\/p>\n<p style=\"text-align: center;\"><img loading=\"lazy\" decoding=\"async\" class=\"alignnone wp-image-503\" src=\"https:\/\/wp.ufpel.edu.br\/emicrosim2023\/files\/2023\/04\/avatar_luis-henrique-Lolis.png\" alt=\"\" width=\"200\" height=\"246\" \/><\/p>\n<h3 style=\"text-align: center;\"><span style=\"font-size: 18pt;\"><em><span data-sheets-value=\"{&quot;1&quot;:2,&quot;2&quot;:&quot;Sustainable Video Streaming Systems&quot;}\" data-sheets-userformat=\"{&quot;2&quot;:577,&quot;3&quot;:{&quot;1&quot;:0},&quot;9&quot;:0,&quot;12&quot;:0}\">T\u00e9cnicas de aprendizado de m\u00e1quina aplicadas \u00e0 R\u00e1dio Cognitivo<br \/>\n<\/span><\/em><\/span><\/h3>\n<p style=\"text-align: center;\">Advanced<\/p>\n<p style=\"text-align: center;\">Data: 02\/06 &#8211; 13:30<\/p>\n<p style=\"text-align: center;\">Chair: Sandro B. Ferreira<\/p>\n<p>&nbsp;<\/p>\n<p><span style=\"font-size: 14pt;\"><strong>Abstract<\/strong><\/span><\/p>\n<p style=\"padding-left: 40px; text-align: justify;\"><span data-sheets-value=\"{&quot;1&quot;:2,&quot;2&quot;:&quot;Spherical images and video are widespread due to the popularization of capture and visualization devices. Unlike traditional pinhole-based, spherical media are defined on the surface of a sphere, have a full field of view (FoV), and store light intensities from an entire scene. Besides classical applications, those exploring immersive augmented, mixed, and virtual reality enormously benefit from full-FoV vision. Although spherical images lie on the sphere, they are often mapped to one or many planes. Those sphere-to-plane mappings lead to distortions, which may degrade the quality of traditional visual computing algorithms. This talk revises the spherical imaging model, standard capturing device types, and common representation formats. It also discusses the prominent challenges in spherical image processing and showcases the advances in selected applications.&quot;}\" data-sheets-userformat=\"{&quot;2&quot;:769,&quot;3&quot;:{&quot;1&quot;:0},&quot;11&quot;:4,&quot;12&quot;:0}\">TBD<\/span><\/p>\n<p><span style=\"font-size: 14pt;\"><strong>Biography<\/strong><\/span><\/p>\n<p style=\"text-align: justify; padding-left: 40px;\">Possui gradua\u00e7\u00e3o em Engenharia El\u00e9trica pela Universidade Federal do Paran\u00e1 e Ecole Nationale Sup\u00e9rieure d Electronique, Informatique et Radiocommunications de Bordeaux (2007), mestrado em Microeletr\u00f4nica pela Universit\u00e9 Bordeaux 1 (2007) e doutorado em Eletr\u00f4nica pela Universit\u00e9 Bordeaux 1 (2011). Atualmente \u00e9 professor adjunto do Departamento de Engenharia El\u00e9trica da Universidade Federal do Paran\u00e1.Tem experi\u00eancia na \u00e1rea de eletr\u00f4nica aplicada sistemas de r\u00e1dio frequ\u00eancia e telecomunica\u00e7\u00f5es, tendo atuando principalmente nos seguintes temas: bandpass sampling, rf transceiver, system level design, ultra low power e complex if.<\/p>\n","protected":false},"excerpt":{"rendered":"<p>Luis Henrique Assump\u00e7\u00e3o Lolis UFPR T\u00e9cnicas de aprendizado de m\u00e1quina aplicadas \u00e0 R\u00e1dio Cognitivo Advanced Data: 02\/06 &#8211; 13:30 Chair: Sandro B. Ferreira &nbsp; Abstract TBD Biography Possui gradua\u00e7\u00e3o em Engenharia El\u00e9trica pela Universidade&#46;&#46;&#46;<\/p>\n","protected":false},"author":746,"featured_media":0,"parent":0,"menu_order":0,"comment_status":"closed","ping_status":"closed","template":"","meta":{"footnotes":""},"class_list":["post-139","page","type-page","status-publish","hentry"],"_links":{"self":[{"href":"https:\/\/wp.ufpel.edu.br\/emicrosim2023\/wp-json\/wp\/v2\/pages\/139","targetHints":{"allow":["GET"]}}],"collection":[{"href":"https:\/\/wp.ufpel.edu.br\/emicrosim2023\/wp-json\/wp\/v2\/pages"}],"about":[{"href":"https:\/\/wp.ufpel.edu.br\/emicrosim2023\/wp-json\/wp\/v2\/types\/page"}],"author":[{"embeddable":true,"href":"https:\/\/wp.ufpel.edu.br\/emicrosim2023\/wp-json\/wp\/v2\/users\/746"}],"replies":[{"embeddable":true,"href":"https:\/\/wp.ufpel.edu.br\/emicrosim2023\/wp-json\/wp\/v2\/comments?post=139"}],"version-history":[{"count":6,"href":"https:\/\/wp.ufpel.edu.br\/emicrosim2023\/wp-json\/wp\/v2\/pages\/139\/revisions"}],"predecessor-version":[{"id":768,"href":"https:\/\/wp.ufpel.edu.br\/emicrosim2023\/wp-json\/wp\/v2\/pages\/139\/revisions\/768"}],"wp:attachment":[{"href":"https:\/\/wp.ufpel.edu.br\/emicrosim2023\/wp-json\/wp\/v2\/media?parent=139"}],"curies":[{"name":"wp","href":"https:\/\/api.w.org\/{rel}","templated":true}]}}