{"id":53,"date":"2024-05-13T17:29:35","date_gmt":"2024-05-13T20:29:35","guid":{"rendered":"https:\/\/wp.ufpel.edu.br\/emergenciaclimatica\/?page_id=53"},"modified":"2024-05-13T20:48:03","modified_gmt":"2024-05-13T23:48:03","slug":"quero-fazer-uma-doacao","status":"publish","type":"page","link":"https:\/\/wp.ufpel.edu.br\/emergenciaclimatica\/quero-fazer-uma-doacao\/","title":{"rendered":"QUERO DOAR"},"content":{"rendered":"<p><strong>QUERO DOAR:<\/strong><\/p>\n<p>&#8211; Doa\u00e7\u00f5es de roupas, materiais de higiene e limpeza, entre outros podem ser doados na <strong>Secretaria de Assist\u00eancia Social<\/strong> do Munic\u00edpio de Pelotas.<\/p>\n<p>Endere\u00e7o: Rua Marechal Deodoro, 404 \/ 464 &#8211; Telefone: 3309-3600<\/p>\n<p>https:\/\/www.pelotas.com.br\/governo\/sas<\/p>\n<p>===========<\/p>\n<p>&#8211; No link abaixo \u00e9 poss\u00edvel localizar os<strong> abrigos do munic\u00edpio e ver quais as demandas de cada um deles<\/strong>.<br \/>\n<a href=\"https:\/\/abrigosrs.org\/pelotas\">https:\/\/abrigosrs.org\/pelotas\u00a0<\/a><\/p>\n<p><img class=\"alignnone wp-image-63\" src=\"https:\/\/wp.ufpel.edu.br\/emergenciaclimatica\/files\/2024\/05\/Screenshot-2024-05-13-at-17-43-21-AbrigosRS-Mapeando-e-organizando-ajuda-@abrigosrs-\u2022-Fotos-e-videos-do-Instagram.png\" alt=\"\" width=\"207\" height=\"201\" \/><\/p>\n<p>===========<\/p>\n<p><strong>IMPORTANTE:<\/strong><\/p>\n<p>Para doa\u00e7\u00f5es com <strong>mais de 1 tonelada<\/strong>, entrar em contato com: 0800-205.5151<\/p>\n","protected":false},"excerpt":{"rendered":"<p>QUERO DOAR: &#8211; Doa\u00e7\u00f5es de roupas, materiais de higiene e limpeza, entre outros podem ser doados na Secretaria de Assist\u00eancia Social do Munic\u00edpio de Pelotas. Endere\u00e7o: Rua Marechal Deodoro, 404 \/ 464 &#8211; Telefone: 3309-3600 https:\/\/www.pelotas.com.br\/governo\/sas =========== &#8211; No link abaixo \u00e9 poss\u00edvel localizar os abrigos do munic\u00edpio e ver quais as demandas de cada [&hellip;]<\/p>\n","protected":false},"author":1372,"featured_media":0,"parent":0,"menu_order":0,"comment_status":"closed","ping_status":"closed","template":"","meta":{"footnotes":""},"class_list":["post-53","page","type-page","status-publish","hentry"],"_links":{"self":[{"href":"https:\/\/wp.ufpel.edu.br\/emergenciaclimatica\/wp-json\/wp\/v2\/pages\/53","targetHints":{"allow":["GET"]}}],"collection":[{"href":"https:\/\/wp.ufpel.edu.br\/emergenciaclimatica\/wp-json\/wp\/v2\/pages"}],"about":[{"href":"https:\/\/wp.ufpel.edu.br\/emergenciaclimatica\/wp-json\/wp\/v2\/types\/page"}],"author":[{"embeddable":true,"href":"https:\/\/wp.ufpel.edu.br\/emergenciaclimatica\/wp-json\/wp\/v2\/users\/1372"}],"replies":[{"embeddable":true,"href":"https:\/\/wp.ufpel.edu.br\/emergenciaclimatica\/wp-json\/wp\/v2\/comments?post=53"}],"version-history":[{"count":8,"href":"https:\/\/wp.ufpel.edu.br\/emergenciaclimatica\/wp-json\/wp\/v2\/pages\/53\/revisions"}],"predecessor-version":[{"id":128,"href":"https:\/\/wp.ufpel.edu.br\/emergenciaclimatica\/wp-json\/wp\/v2\/pages\/53\/revisions\/128"}],"wp:attachment":[{"href":"https:\/\/wp.ufpel.edu.br\/emergenciaclimatica\/wp-json\/wp\/v2\/media?parent=53"}],"curies":[{"name":"wp","href":"https:\/\/api.w.org\/{rel}","templated":true}]}}