{"id":48,"date":"2024-05-13T15:48:04","date_gmt":"2024-05-13T18:48:04","guid":{"rendered":"https:\/\/wp.ufpel.edu.br\/emergenciaclimatica\/?page_id=48"},"modified":"2024-06-01T15:19:41","modified_gmt":"2024-06-01T18:19:41","slug":"abrigos-na-cidade-de-pelotas","status":"publish","type":"page","link":"https:\/\/wp.ufpel.edu.br\/emergenciaclimatica\/abrigos-na-cidade-de-pelotas\/","title":{"rendered":"ABRIGOS EM PELOTAS"},"content":{"rendered":"<h4 dir=\"auto\">ATUALIZA\u00c7\u00c3O:<\/h4>\n<h4 class=\"title marginTop30\">Fam\u00edlias voltam para suas moradias e Munic\u00edpio encerra dois abrigos<\/h4>\n<p>Veja informa\u00e7\u00e3o completa em: <a href=\"https:\/\/www.pelotas.com.br\/noticia\/familias-voltam-para-suas-moradias-e-municipio-encerra-dois-abrigos\">https:\/\/www.pelotas.com.br\/noticia\/familias-voltam-para-suas-moradias-e-municipio-encerra-dois-abrigos<\/a><\/p>\n<h4 dir=\"auto\">======================<\/h4>\n<h4 class=\"_ap3a _aaco _aacu _aacx _aad6 _aade\" dir=\"auto\">ABRIGORS: Conectamos volunt\u00e1rios e suprimentos aos abrigos das enchentes no Rio Grande do Sul<br \/>\nSeja um volunt\u00e1rio.<\/h4>\n<p>Veja nos link como ser volunt\u00e1rio e como encontrar um abrigo!<\/p>\n<p>Encontre abrigos aqui:\u00a0 <a href=\"https:\/\/abrigosrs.org\/pelotas\">https:\/\/abrigosrs.org\/pelotas<\/a><br \/>\nOu pelo Instagram: <a href=\"https:\/\/l.ufpel.edu.br\/AbrigoRS\">https:\/\/l.ufpel.edu.br\/AbrigoRS\u00a0<\/a><\/p>\n<p><img class=\"alignnone wp-image-63\" src=\"https:\/\/wp.ufpel.edu.br\/emergenciaclimatica\/files\/2024\/05\/Screenshot-2024-05-13-at-17-43-21-AbrigosRS-Mapeando-e-organizando-ajuda-@abrigosrs-\u2022-Fotos-e-videos-do-Instagram.png\" alt=\"\" width=\"268\" height=\"260\" \/><br \/>\n<!--more--><\/p>\n<p>&nbsp;<\/p>\n","protected":false},"excerpt":{"rendered":"<p>ATUALIZA\u00c7\u00c3O: Fam\u00edlias voltam para suas moradias e Munic\u00edpio encerra dois abrigos Veja informa\u00e7\u00e3o completa em: https:\/\/www.pelotas.com.br\/noticia\/familias-voltam-para-suas-moradias-e-municipio-encerra-dois-abrigos ====================== ABRIGORS: Conectamos volunt\u00e1rios e suprimentos aos abrigos das enchentes no Rio Grande do Sul Seja um volunt\u00e1rio. Veja nos link como ser volunt\u00e1rio e como encontrar um abrigo! Encontre abrigos aqui:\u00a0 https:\/\/abrigosrs.org\/pelotas Ou pelo Instagram: https:\/\/l.ufpel.edu.br\/AbrigoRS\u00a0<\/p>\n","protected":false},"author":1372,"featured_media":0,"parent":0,"menu_order":0,"comment_status":"closed","ping_status":"closed","template":"","meta":{"footnotes":""},"class_list":["post-48","page","type-page","status-publish","hentry"],"_links":{"self":[{"href":"https:\/\/wp.ufpel.edu.br\/emergenciaclimatica\/wp-json\/wp\/v2\/pages\/48","targetHints":{"allow":["GET"]}}],"collection":[{"href":"https:\/\/wp.ufpel.edu.br\/emergenciaclimatica\/wp-json\/wp\/v2\/pages"}],"about":[{"href":"https:\/\/wp.ufpel.edu.br\/emergenciaclimatica\/wp-json\/wp\/v2\/types\/page"}],"author":[{"embeddable":true,"href":"https:\/\/wp.ufpel.edu.br\/emergenciaclimatica\/wp-json\/wp\/v2\/users\/1372"}],"replies":[{"embeddable":true,"href":"https:\/\/wp.ufpel.edu.br\/emergenciaclimatica\/wp-json\/wp\/v2\/comments?post=48"}],"version-history":[{"count":11,"href":"https:\/\/wp.ufpel.edu.br\/emergenciaclimatica\/wp-json\/wp\/v2\/pages\/48\/revisions"}],"predecessor-version":[{"id":191,"href":"https:\/\/wp.ufpel.edu.br\/emergenciaclimatica\/wp-json\/wp\/v2\/pages\/48\/revisions\/191"}],"wp:attachment":[{"href":"https:\/\/wp.ufpel.edu.br\/emergenciaclimatica\/wp-json\/wp\/v2\/media?parent=48"}],"curies":[{"name":"wp","href":"https:\/\/api.w.org\/{rel}","templated":true}]}}