{"id":24,"date":"2024-05-13T15:11:53","date_gmt":"2024-05-13T18:11:53","guid":{"rendered":"https:\/\/wp.ufpel.edu.br\/emergenciaclimatica\/?page_id=24"},"modified":"2024-05-15T15:18:08","modified_gmt":"2024-05-15T18:18:08","slug":"telefones-uteis","status":"publish","type":"page","link":"https:\/\/wp.ufpel.edu.br\/emergenciaclimatica\/telefones-uteis\/","title":{"rendered":"TELEFONES, ENDERE\u00c7OS E LINKS \u00daTEIS"},"content":{"rendered":"<ul>\n<li aria-level=\"2\"><strong>Defesa Civil<\/strong>: 199 \/ 53-99974.0497 \/ 99902.9916<\/li>\n<li aria-level=\"2\"><strong>Corpo de Bombeiros<\/strong>: 193 \/ (53) 3222-2222<\/li>\n<li aria-level=\"2\"><strong>Pronto Socorro de Pelotas<\/strong>: 53-21288305<\/li>\n<li aria-level=\"2\"><strong>Brigada Militar de Pelotas<\/strong>: 53-98416.5023 \/ 3229.2457 \/ 3229.1006<\/li>\n<li aria-level=\"2\"><strong>Agente de Tr\u00e2nsito<\/strong>: 53-3227.5402<\/li>\n<li aria-level=\"2\"><strong>Disque 100<\/strong>: V\u00edtima ou testemunha de viol\u00eancia f\u00edsica ou sexual<\/li>\n<li aria-level=\"2\"><strong>Disque 180<\/strong>: Viol\u00eancia psicol\u00f3gica, f\u00edsica ou sexual contra mulheres e meninas<\/li>\n<li aria-level=\"2\"><strong>Ligue 180 e tecle 7<\/strong>: Atendimento priorit\u00e1rio para den\u00fancias de viol\u00eancias contra mulheres e crian\u00e7as no Rio Grande do Sul<\/li>\n<li aria-level=\"2\"><strong>CRAM<\/strong> (Centro de Refer\u00eancia de Atendimento \u00e0 Mulher): 53-31990672<\/li>\n<li aria-level=\"2\"><strong>DEAM<\/strong> (Delegacia Especializada de Atendimento \u00e0 Mulher): 53-33108181<\/li>\n<li aria-level=\"2\"><strong>Patrulha Maria da Penha<\/strong>: 53-984286024<\/li>\n<li aria-level=\"2\"><strong>Prefeitura Municipal de Pelotas<\/strong>: <a href=\"https:\/\/www.pelotas.com.br\/\">https:\/\/www.pelotas.com.br\/<\/a><\/li>\n<li aria-level=\"2\"><strong>Secretaria de Assist\u00eancia Social<\/strong>:\u00a0<a href=\"https:\/\/www.pelotas.com.br\/governo\/sas\">https:\/\/www.pelotas.com.br\/governo\/sas<\/a> &#8211; Rua: Marechal Deodoro, 404 (3309-3600)<\/li>\n<li aria-level=\"2\"><strong>Governo do Estado do RGS<\/strong>: <a href=\"https:\/\/www.estado.rs.gov.br\/inicial\">https:\/\/www.estado.rs.gov.br\/inicial<\/a><\/li>\n<li aria-level=\"2\"><strong>Universidade Federal do Rio Grande<\/strong>: <a href=\"https:\/\/www.furg.br\/\">https:\/\/www.furg.br\/<\/a><\/li>\n<\/ul>\n","protected":false},"excerpt":{"rendered":"<p>Defesa Civil: 199 \/ 53-99974.0497 \/ 99902.9916 Corpo de Bombeiros: 193 \/ (53) 3222-2222 Pronto Socorro de Pelotas: 53-21288305 Brigada Militar de Pelotas: 53-98416.5023 \/ 3229.2457 \/ 3229.1006 Agente de Tr\u00e2nsito: 53-3227.5402 Disque 100: V\u00edtima ou testemunha de viol\u00eancia f\u00edsica ou sexual Disque 180: Viol\u00eancia psicol\u00f3gica, f\u00edsica ou sexual contra mulheres e meninas Ligue 180 [&hellip;]<\/p>\n","protected":false},"author":1372,"featured_media":0,"parent":0,"menu_order":0,"comment_status":"closed","ping_status":"closed","template":"","meta":{"footnotes":""},"class_list":["post-24","page","type-page","status-publish","hentry"],"_links":{"self":[{"href":"https:\/\/wp.ufpel.edu.br\/emergenciaclimatica\/wp-json\/wp\/v2\/pages\/24","targetHints":{"allow":["GET"]}}],"collection":[{"href":"https:\/\/wp.ufpel.edu.br\/emergenciaclimatica\/wp-json\/wp\/v2\/pages"}],"about":[{"href":"https:\/\/wp.ufpel.edu.br\/emergenciaclimatica\/wp-json\/wp\/v2\/types\/page"}],"author":[{"embeddable":true,"href":"https:\/\/wp.ufpel.edu.br\/emergenciaclimatica\/wp-json\/wp\/v2\/users\/1372"}],"replies":[{"embeddable":true,"href":"https:\/\/wp.ufpel.edu.br\/emergenciaclimatica\/wp-json\/wp\/v2\/comments?post=24"}],"version-history":[{"count":14,"href":"https:\/\/wp.ufpel.edu.br\/emergenciaclimatica\/wp-json\/wp\/v2\/pages\/24\/revisions"}],"predecessor-version":[{"id":147,"href":"https:\/\/wp.ufpel.edu.br\/emergenciaclimatica\/wp-json\/wp\/v2\/pages\/24\/revisions\/147"}],"wp:attachment":[{"href":"https:\/\/wp.ufpel.edu.br\/emergenciaclimatica\/wp-json\/wp\/v2\/media?parent=24"}],"curies":[{"name":"wp","href":"https:\/\/api.w.org\/{rel}","templated":true}]}}