{"id":171,"date":"2024-05-22T17:01:20","date_gmt":"2024-05-22T20:01:20","guid":{"rendered":"https:\/\/wp.ufpel.edu.br\/emergenciaclimatica\/?page_id=171"},"modified":"2024-05-22T17:14:40","modified_gmt":"2024-05-22T20:14:40","slug":"informacoes-governamentais","status":"publish","type":"page","link":"https:\/\/wp.ufpel.edu.br\/emergenciaclimatica\/informacoes-governamentais\/","title":{"rendered":"INFORMA\u00c7\u00d5ES GOVERNAMENTAIS"},"content":{"rendered":"<p><strong>PROGRAMA VOLTA POR CIMA<\/strong> &#8211; <em>oferecer aux\u00edlio financeiro \u00e0s unidades familiares v\u00edtimas de eventos clim\u00e1ticos adversos no Rio Grande do Sul.<\/em><\/p>\n<p>Veja todas as informa\u00e7\u00f5es no site: <a href=\"https:\/\/sosenchentes.rs.gov.br\/voltaporcima\">https:\/\/sosenchentes.rs.gov.br\/voltaporcima<\/a><\/p>\n<p>Perguntas e respostas &#8211; Programa Volta por Cima &#8211; edi\u00e7\u00e3o Maio de 2024<\/p>\n<p>==========<\/p>\n<p><strong> CONSELHO NACIONAL DOS DIREITOS HUMANOS \u2013 CNDH &#8211;<\/strong> <em>Recomenda a diversas autoridades aten\u00e7\u00e3o e encaminhamentos para a n\u00e3o viola\u00e7\u00e3o dos Direitos Humanos da Popula\u00e7\u00e3o em Situa\u00e7\u00e3o de Rua atingidos pela crise clim\u00e1tica em Porto Alegre e no Rio Grande do Sul. <\/em><\/p>\n<p>Veja a \u00edntegra da recomenda\u00e7\u00e3o: <em><a href=\"https:\/\/wp.ufpel.edu.br\/emergenciaclimatica\/files\/2024\/05\/Recomendacao-Conjunta-CEDH-CNDH-PopRua.pdf\">Recomenda\u00e7\u00e3o Conjunta CEDH &#8211; CNDH -PopRua<\/a><\/em><\/p>\n<p>==========<\/p>\n<p><strong>DIREITOS DAS PESSOAS ATINGIDAS PELAS CHUVAS NO RIO GRANDE DO SUL<br \/>\n<\/strong><\/p>\n<p>Veja a \u00edntegra:<\/p>\n<p><a href=\"https:\/\/wp.ufpel.edu.br\/emergenciaclimatica\/files\/2024\/05\/Direitos-das-Pessoas-Atingidas-pelas-Chuvas-no-RS-1-3-3.pdf\">Direitos das Pessoas Atingidas pelas Chuvas no RS<\/a><\/p>\n<p><a href=\"https:\/\/wp.ufpel.edu.br\/emergenciaclimatica\/files\/2024\/05\/Direitos_RS1.pdf\">Direitos_RS1<\/a><\/p>\n<p>==========<\/p>\n<p><strong>FGTS &#8211; SAQUE CALAMIDADE<\/strong><\/p>\n<p><a href=\"https:\/\/wp.ufpel.edu.br\/emergenciaclimatica\/files\/2024\/05\/FGTS-panfleto-fgts-calamidade-2024-1.pdf\">FGTS &#8211; panfleto fgts calamidade 2024 (1)<\/a><\/p>\n<p>==========<\/p>\n<p><strong>APOIO FINANCEIRO<\/strong><\/p>\n<p><a href=\"https:\/\/wp.ufpel.edu.br\/emergenciaclimatica\/files\/2024\/05\/PANFLETO-APOIO-FINANCEIRO-5.10000.pdf\">PANFLETO-APOIO FINANCEIRO 5.100,00<\/a><\/p>\n","protected":false},"excerpt":{"rendered":"<p>PROGRAMA VOLTA POR CIMA &#8211; oferecer aux\u00edlio financeiro \u00e0s unidades familiares v\u00edtimas de eventos clim\u00e1ticos adversos no Rio Grande do Sul. Veja todas as informa\u00e7\u00f5es no site: https:\/\/sosenchentes.rs.gov.br\/voltaporcima Perguntas e respostas &#8211; Programa Volta por Cima &#8211; edi\u00e7\u00e3o Maio de 2024 ========== CONSELHO NACIONAL DOS DIREITOS HUMANOS \u2013 CNDH &#8211; Recomenda a diversas autoridades aten\u00e7\u00e3o [&hellip;]<\/p>\n","protected":false},"author":1372,"featured_media":0,"parent":0,"menu_order":0,"comment_status":"closed","ping_status":"closed","template":"","meta":{"footnotes":""},"class_list":["post-171","page","type-page","status-publish","hentry"],"_links":{"self":[{"href":"https:\/\/wp.ufpel.edu.br\/emergenciaclimatica\/wp-json\/wp\/v2\/pages\/171","targetHints":{"allow":["GET"]}}],"collection":[{"href":"https:\/\/wp.ufpel.edu.br\/emergenciaclimatica\/wp-json\/wp\/v2\/pages"}],"about":[{"href":"https:\/\/wp.ufpel.edu.br\/emergenciaclimatica\/wp-json\/wp\/v2\/types\/page"}],"author":[{"embeddable":true,"href":"https:\/\/wp.ufpel.edu.br\/emergenciaclimatica\/wp-json\/wp\/v2\/users\/1372"}],"replies":[{"embeddable":true,"href":"https:\/\/wp.ufpel.edu.br\/emergenciaclimatica\/wp-json\/wp\/v2\/comments?post=171"}],"version-history":[{"count":4,"href":"https:\/\/wp.ufpel.edu.br\/emergenciaclimatica\/wp-json\/wp\/v2\/pages\/171\/revisions"}],"predecessor-version":[{"id":184,"href":"https:\/\/wp.ufpel.edu.br\/emergenciaclimatica\/wp-json\/wp\/v2\/pages\/171\/revisions\/184"}],"wp:attachment":[{"href":"https:\/\/wp.ufpel.edu.br\/emergenciaclimatica\/wp-json\/wp\/v2\/media?parent=171"}],"curies":[{"name":"wp","href":"https:\/\/api.w.org\/{rel}","templated":true}]}}