{"id":15,"date":"2024-05-13T15:10:32","date_gmt":"2024-05-13T18:10:32","guid":{"rendered":"https:\/\/wp.ufpel.edu.br\/emergenciaclimatica\/?page_id=15"},"modified":"2024-05-13T19:00:32","modified_gmt":"2024-05-13T22:00:32","slug":"politicas-extraordinarias-para-estudantes","status":"publish","type":"page","link":"https:\/\/wp.ufpel.edu.br\/emergenciaclimatica\/politicas-extraordinarias-para-estudantes\/","title":{"rendered":"POL\u00cdTICAS ESPECIAIS PARA ESTUDANTES"},"content":{"rendered":"<h5 class=\"entry-title\">PRAE publica Edital Emergencial para ajuda a estudantes atingidos pela eleva\u00e7\u00e3o do n\u00edvel de \u00e1guas no RS<\/h5>\n<p>A PRAE\/UFPe tornou p\u00fablico nesta quarta-feira, 08\/05, o <a class=\"mtli_attachment mtli_pdf\" href=\"https:\/\/wp.ufpel.edu.br\/prae\/files\/2024\/05\/Edital-PRAE-03_24_Selecao-Emergencial-Bolsa.pdf\">Edital PRAE 03\/24<\/a> para sele\u00e7\u00e3o emergencial de estudantes atingidos pela eleva\u00e7\u00e3o do n\u00edvel das \u00e1guas no estado do Rio Grande do Sul.<\/p>\n<p>Veja mais em: <a href=\"https:\/\/l.ufpel.edu.br\/EditalEmergencial\">https:\/\/l.ufpel.edu.br\/EditalEmergencial<\/a><\/p>\n<h3 class=\"entry-title\"><\/h3>\n","protected":false},"excerpt":{"rendered":"<p>PRAE publica Edital Emergencial para ajuda a estudantes atingidos pela eleva\u00e7\u00e3o do n\u00edvel de \u00e1guas no RS A PRAE\/UFPe tornou p\u00fablico nesta quarta-feira, 08\/05, o Edital PRAE 03\/24 para sele\u00e7\u00e3o emergencial de estudantes atingidos pela eleva\u00e7\u00e3o do n\u00edvel das \u00e1guas no estado do Rio Grande do Sul. Veja mais em: https:\/\/l.ufpel.edu.br\/EditalEmergencial<\/p>\n","protected":false},"author":1372,"featured_media":0,"parent":0,"menu_order":0,"comment_status":"closed","ping_status":"closed","template":"","meta":{"footnotes":""},"class_list":["post-15","page","type-page","status-publish","hentry"],"_links":{"self":[{"href":"https:\/\/wp.ufpel.edu.br\/emergenciaclimatica\/wp-json\/wp\/v2\/pages\/15","targetHints":{"allow":["GET"]}}],"collection":[{"href":"https:\/\/wp.ufpel.edu.br\/emergenciaclimatica\/wp-json\/wp\/v2\/pages"}],"about":[{"href":"https:\/\/wp.ufpel.edu.br\/emergenciaclimatica\/wp-json\/wp\/v2\/types\/page"}],"author":[{"embeddable":true,"href":"https:\/\/wp.ufpel.edu.br\/emergenciaclimatica\/wp-json\/wp\/v2\/users\/1372"}],"replies":[{"embeddable":true,"href":"https:\/\/wp.ufpel.edu.br\/emergenciaclimatica\/wp-json\/wp\/v2\/comments?post=15"}],"version-history":[{"count":6,"href":"https:\/\/wp.ufpel.edu.br\/emergenciaclimatica\/wp-json\/wp\/v2\/pages\/15\/revisions"}],"predecessor-version":[{"id":98,"href":"https:\/\/wp.ufpel.edu.br\/emergenciaclimatica\/wp-json\/wp\/v2\/pages\/15\/revisions\/98"}],"wp:attachment":[{"href":"https:\/\/wp.ufpel.edu.br\/emergenciaclimatica\/wp-json\/wp\/v2\/media?parent=15"}],"curies":[{"name":"wp","href":"https:\/\/api.w.org\/{rel}","templated":true}]}}