{"id":31,"date":"2024-04-16T11:39:27","date_gmt":"2024-04-16T14:39:27","guid":{"rendered":"https:\/\/wp.ufpel.edu.br\/emebs\/?page_id=31"},"modified":"2024-06-10T18:38:52","modified_gmt":"2024-06-10T21:38:52","slug":"contato","status":"publish","type":"page","link":"https:\/\/wp.ufpel.edu.br\/emebs\/contato\/","title":{"rendered":"CONTATO"},"content":{"rendered":"<div class=\"flex flex-grow flex-col max-w-full\">\n<div class=\"min-h-[20px] text-message flex flex-col items-start gap-3 whitespace-pre-wrap break-words [.text-message+&amp;]:mt-5 overflow-x-auto\" dir=\"auto\" data-message-author-role=\"assistant\" data-message-id=\"b7c1f2d2-ad60-49a3-9f3c-0e024e65f88d\">\n<div class=\"markdown prose w-full break-words dark:prose-invert dark\">\n<p><img class=\"aligncenter wp-image-94 size-full\" src=\"https:\/\/wp.ufpel.edu.br\/emebs\/files\/2024\/04\/contato-1.png\" alt=\"\" width=\"984\" height=\"220\" srcset=\"https:\/\/wp.ufpel.edu.br\/emebs\/files\/2024\/04\/contato-1.png 984w, https:\/\/wp.ufpel.edu.br\/emebs\/files\/2024\/04\/contato-1-400x89.png 400w, https:\/\/wp.ufpel.edu.br\/emebs\/files\/2024\/04\/contato-1-768x172.png 768w\" sizes=\"(max-width: 984px) 100vw, 984px\" \/><\/p>\n<p><strong>Fale Conosco<\/strong><\/p>\n<p>Se voc\u00ea tem d\u00favidas, sugest\u00f5es ou precisa de assist\u00eancia relacionada ao nosso curso, n\u00e3o hesite em entrar em contato com nossa equipe pedag\u00f3gica. Estamos comprometidos em oferecer suporte e orienta\u00e7\u00e3o aos nossos participantes.<\/p>\n<p>Voc\u00ea pode nos enviar um e-mail a qualquer momento. Nosso compromisso \u00e9 responder a todas as consultas em at\u00e9 72 horas para garantir que voc\u00ea tenha a assist\u00eancia necess\u00e1ria de maneira oportuna.<\/p>\n<p><span style=\"color: #000000; background-color: #ffff99;\">E-mail<strong>:<\/strong><strong>ufpelemebs@gmail.com<\/strong><\/span><\/p>\n<p>Estamos aqui para ajudar voc\u00ea a ter a melhor experi\u00eancia de aprendizado poss\u00edvel!<\/p>\n<\/div>\n<\/div>\n<\/div>\n<p>&nbsp;<\/p>\n<p><strong>Central de D\u00favidas no WhatsApp<\/strong>, <a href=\"https:\/\/chat.whatsapp.com\/EOtoWX9ktm08I6eobTwY4k\">clique aqui<\/a><\/p>\n","protected":false},"excerpt":{"rendered":"<p>Fale Conosco Se voc\u00ea tem d\u00favidas, sugest\u00f5es ou precisa de assist\u00eancia relacionada ao nosso curso, n\u00e3o hesite em entrar em contato com nossa equipe pedag\u00f3gica. Estamos comprometidos em oferecer suporte e orienta\u00e7\u00e3o aos nossos participantes. Voc\u00ea pode nos enviar um e-mail a qualquer momento. Nosso compromisso \u00e9 responder a todas as consultas em at\u00e9 72 [&hellip;]<\/p>\n","protected":false},"author":1363,"featured_media":0,"parent":0,"menu_order":0,"comment_status":"closed","ping_status":"closed","template":"","meta":{"footnotes":""},"class_list":["post-31","page","type-page","status-publish","hentry"],"_links":{"self":[{"href":"https:\/\/wp.ufpel.edu.br\/emebs\/wp-json\/wp\/v2\/pages\/31","targetHints":{"allow":["GET"]}}],"collection":[{"href":"https:\/\/wp.ufpel.edu.br\/emebs\/wp-json\/wp\/v2\/pages"}],"about":[{"href":"https:\/\/wp.ufpel.edu.br\/emebs\/wp-json\/wp\/v2\/types\/page"}],"author":[{"embeddable":true,"href":"https:\/\/wp.ufpel.edu.br\/emebs\/wp-json\/wp\/v2\/users\/1363"}],"replies":[{"embeddable":true,"href":"https:\/\/wp.ufpel.edu.br\/emebs\/wp-json\/wp\/v2\/comments?post=31"}],"version-history":[{"count":8,"href":"https:\/\/wp.ufpel.edu.br\/emebs\/wp-json\/wp\/v2\/pages\/31\/revisions"}],"predecessor-version":[{"id":115,"href":"https:\/\/wp.ufpel.edu.br\/emebs\/wp-json\/wp\/v2\/pages\/31\/revisions\/115"}],"wp:attachment":[{"href":"https:\/\/wp.ufpel.edu.br\/emebs\/wp-json\/wp\/v2\/media?parent=31"}],"curies":[{"name":"wp","href":"https:\/\/api.w.org\/{rel}","templated":true}]}}