{"id":25,"date":"2024-04-16T11:39:12","date_gmt":"2024-04-16T14:39:12","guid":{"rendered":"https:\/\/wp.ufpel.edu.br\/emebs\/?page_id=25"},"modified":"2024-08-14T13:49:00","modified_gmt":"2024-08-14T16:49:00","slug":"inscricao","status":"publish","type":"page","link":"https:\/\/wp.ufpel.edu.br\/emebs\/inscricao\/","title":{"rendered":"EDITAL E INSCRI\u00c7\u00c3O"},"content":{"rendered":"<p><img class=\"aligncenter wp-image-101 size-full\" src=\"https:\/\/wp.ufpel.edu.br\/emebs\/files\/2024\/04\/inscricoes-1.png\" alt=\"\" width=\"984\" height=\"220\" srcset=\"https:\/\/wp.ufpel.edu.br\/emebs\/files\/2024\/04\/inscricoes-1.png 984w, https:\/\/wp.ufpel.edu.br\/emebs\/files\/2024\/04\/inscricoes-1-400x89.png 400w, https:\/\/wp.ufpel.edu.br\/emebs\/files\/2024\/04\/inscricoes-1-768x172.png 768w\" sizes=\"(max-width: 984px) 100vw, 984px\" \/><\/p>\n<h2 style=\"text-align: center;\"><a href=\"https:\/\/docs.google.com\/forms\/d\/e\/1FAIpQLSdBDLeNJy7aj24RM4SLYtoMxEtOLaA4Aa6ZnVPGzFSeBpWzuQ\/viewform?usp=sf_link\"><span class=\"selectable-text copyable-text\">Inscri\u00e7\u00f5es Encerradas<\/span><\/a><\/h2>\n<p style=\"text-align: center;\"><iframe title=\"YouTube video player\" src=\"https:\/\/www.youtube.com\/embed\/ciV4e2tcFc8?si=5jHNPGv4PsAE94hU\" width=\"560\" height=\"315\" frameborder=\"0\" allowfullscreen=\"allowfullscreen\"><\/iframe><\/p>\n<h2><\/h2>\n<h2 style=\"text-align: center;\"><span style=\"background-color: #ffff99; color: #000000;\">O resultado final: clique abaixo.<\/span><\/h2>\n<h2 style=\"text-align: center;\"><span style=\"background-color: #ffff99; color: #000000;\"><a href=\"https:\/\/wp.ufpel.edu.br\/emebs\/lista-de-aprovados\/\">Lista de Aprovados<\/a><\/span><\/h2>\n<h2 style=\"text-align: center;\"><a href=\"https:\/\/wp.ufpel.edu.br\/emebs\/files\/2024\/08\/Resultado-Final-Vagas-Remanescentes-Selecao-de-cursistas.docx-1.pdf\"><span style=\"background-color: #cc99ff;\">Vagas Remanescentes<\/span><\/a><\/h2>\n<p>&nbsp;<\/p>\n<p><img class=\"aligncenter wp-image-98 size-full\" src=\"https:\/\/wp.ufpel.edu.br\/emebs\/files\/2024\/04\/edital-1.png\" alt=\"\" width=\"984\" height=\"220\" srcset=\"https:\/\/wp.ufpel.edu.br\/emebs\/files\/2024\/04\/edital-1.png 984w, https:\/\/wp.ufpel.edu.br\/emebs\/files\/2024\/04\/edital-1-400x89.png 400w, https:\/\/wp.ufpel.edu.br\/emebs\/files\/2024\/04\/edital-1-768x172.png 768w\" sizes=\"(max-width: 984px) 100vw, 984px\" \/><\/p>\n<p style=\"text-align: center;\">Consulte e leia com aten\u00e7\u00e3o o edital para participa\u00e7\u00e3o no curso de forma\u00e7\u00e3o continuada.<\/p>\n<p style=\"text-align: center;\"><a href=\"https:\/\/wp.ufpel.edu.br\/emebs\/files\/2024\/06\/OFICIAL-UFPel-PROCESSO-DE-SELEC\u0327A\u0303O-DE-CURSISTAS.pdf\" target=\"_blank\" rel=\"noopener\">Confira o edital aqui.<\/a><\/p>\n<p style=\"text-align: center;\"><iframe title=\"YouTube video player\" src=\"https:\/\/www.youtube.com\/embed\/L6oEqpZCX6I?si=6GOGW2So1nQvprP4\" width=\"560\" height=\"315\" frameborder=\"0\" allowfullscreen=\"allowfullscreen\"><\/iframe><\/p>\n","protected":false},"excerpt":{"rendered":"<p>Inscri\u00e7\u00f5es Encerradas O resultado final: clique abaixo. Lista de Aprovados Vagas Remanescentes &nbsp; Consulte e leia com aten\u00e7\u00e3o o edital para participa\u00e7\u00e3o no curso de forma\u00e7\u00e3o continuada. Confira o edital aqui.<\/p>\n","protected":false},"author":1363,"featured_media":0,"parent":0,"menu_order":0,"comment_status":"closed","ping_status":"closed","template":"","meta":{"footnotes":""},"class_list":["post-25","page","type-page","status-publish","hentry"],"_links":{"self":[{"href":"https:\/\/wp.ufpel.edu.br\/emebs\/wp-json\/wp\/v2\/pages\/25","targetHints":{"allow":["GET"]}}],"collection":[{"href":"https:\/\/wp.ufpel.edu.br\/emebs\/wp-json\/wp\/v2\/pages"}],"about":[{"href":"https:\/\/wp.ufpel.edu.br\/emebs\/wp-json\/wp\/v2\/types\/page"}],"author":[{"embeddable":true,"href":"https:\/\/wp.ufpel.edu.br\/emebs\/wp-json\/wp\/v2\/users\/1363"}],"replies":[{"embeddable":true,"href":"https:\/\/wp.ufpel.edu.br\/emebs\/wp-json\/wp\/v2\/comments?post=25"}],"version-history":[{"count":14,"href":"https:\/\/wp.ufpel.edu.br\/emebs\/wp-json\/wp\/v2\/pages\/25\/revisions"}],"predecessor-version":[{"id":163,"href":"https:\/\/wp.ufpel.edu.br\/emebs\/wp-json\/wp\/v2\/pages\/25\/revisions\/163"}],"wp:attachment":[{"href":"https:\/\/wp.ufpel.edu.br\/emebs\/wp-json\/wp\/v2\/media?parent=25"}],"curies":[{"name":"wp","href":"https:\/\/api.w.org\/{rel}","templated":true}]}}